{"id":237808,"date":"2025-12-30T17:15:15","date_gmt":"2025-12-30T14:15:15","guid":{"rendered":"https:\/\/baldumarket.lt\/?post_type=product&#038;p=237808"},"modified":"2026-02-03T23:05:54","modified_gmt":"2026-02-03T20:05:54","slug":"sofa-2-os-nierozkladana-z-zaglowkami-adela-gr1","status":"publish","type":"product","link":"https:\/\/baldumarket.lt\/lt\/product\/sofa-2-os-nierozkladana-z-zaglowkami-adela-gr1\/","title":{"rendered":"Dviviet\u0117 sofa, nei\u0161skleid\u017eiama, su galvos atramomis Adela Gr1"},"content":{"rendered":"<p>Dviviet\u0117 sofa \u201eAdela\u201c su fiksuotomis galvos atramomis \u2013 idealus modelis laukiamiesiems ar biurams.<br \/>\nSpecifikacijos:<br \/>\nDviviet\u0117 sofa<br \/>\nS\u0117dyn\u0117 turi vingiuotas spyruokles ir putas<br \/>\nReguliuojamos galvos atramos<\/p>","protected":false},"excerpt":{"rendered":"<p>Plotis [cm]: 174<br \/>\nS\u0117dyn\u0117s plotis [cm]: 134<br \/>\nAuk\u0161tis [cm]: 95<br \/>\nS\u0117dyn\u0117s auk\u0161tis [cm]: 40<br \/>\nGylis [cm]: 95<\/p>","protected":false},"featured_media":237869,"comment_status":"open","ping_status":"closed","template":"","meta":[],"product_brand":[],"product_cat":[9133],"product_tag":[],"class_list":{"0":"post-237808","1":"product","2":"type-product","3":"status-publish","4":"has-post-thumbnail","6":"product_cat-grouped","8":"first","9":"instock","10":"shipping-taxable","11":"purchasable","12":"product-type-variable","13":"wvs-archive-product-wrapper"},"_links":{"self":[{"href":"https:\/\/baldumarket.lt\/lt\/wp-json\/wp\/v2\/product\/237808","targetHints":{"allow":["GET"]}}],"collection":[{"href":"https:\/\/baldumarket.lt\/lt\/wp-json\/wp\/v2\/product"}],"about":[{"href":"https:\/\/baldumarket.lt\/lt\/wp-json\/wp\/v2\/types\/product"}],"replies":[{"embeddable":true,"href":"https:\/\/baldumarket.lt\/lt\/wp-json\/wp\/v2\/comments?post=237808"}],"wp:featuredmedia":[{"embeddable":true,"href":"https:\/\/baldumarket.lt\/lt\/wp-json\/wp\/v2\/media\/237869"}],"wp:attachment":[{"href":"https:\/\/baldumarket.lt\/lt\/wp-json\/wp\/v2\/media?parent=237808"}],"wp:term":[{"taxonomy":"product_brand","embeddable":true,"href":"https:\/\/baldumarket.lt\/lt\/wp-json\/wp\/v2\/product_brand?post=237808"},{"taxonomy":"product_cat","embeddable":true,"href":"https:\/\/baldumarket.lt\/lt\/wp-json\/wp\/v2\/product_cat?post=237808"},{"taxonomy":"product_tag","embeddable":true,"href":"https:\/\/baldumarket.lt\/lt\/wp-json\/wp\/v2\/product_tag?post=237808"}],"curies":[{"name":"wp","href":"https:\/\/api.w.org\/{rel}","templated":true}]}}