{"id":237711,"date":"2025-12-30T17:10:49","date_gmt":"2025-12-30T14:10:49","guid":{"rendered":"https:\/\/baldumarket.lt\/?post_type=product&#038;p=237711"},"modified":"2026-02-03T23:05:57","modified_gmt":"2026-02-03T20:05:57","slug":"sofa-2-os-amerykanka-171-indi-slim","status":"publish","type":"product","link":"https:\/\/baldumarket.lt\/lt\/product\/sofa-2-os-amerykanka-171-indi-slim\/","title":{"rendered":"Amerikieti\u0161ka dviviet\u0117 sofa 171 Indi Slim"},"content":{"rendered":"<p>\u201eIndi\u201c sofa-lova siaurais kra\u0161tais \u2013 idealus pasirinkimas jauniems \u017emon\u0117ms.<br \/>\nSavyb\u0117s:<br \/>\npatalyn\u0117s laikymo<br \/>\nmiego funkcija<br \/>\ndantytos spyruokl\u0117s<br \/>\nma\u017ea pagalv\u0117<\/p>","protected":false},"excerpt":{"rendered":"<p>\u201eIndi\u201c sofa-lova siaurais kra\u0161tais \u2013 idealus pasirinkimas jauniems \u017emon\u0117ms. Savyb\u0117s: patalyn\u0117s laikymo vieta, miegojimo funkcija, dantytos spyruokl\u0117s, ma\u017ea pagalv\u0117l\u0117.<\/p>","protected":false},"featured_media":237761,"comment_status":"open","ping_status":"closed","template":"","meta":[],"product_brand":[],"product_cat":[8761,560],"product_tag":[],"class_list":{"0":"post-237711","1":"product","2":"type-product","3":"status-publish","4":"has-post-thumbnail","6":"product_cat-pkmebel","7":"product_cat-sofas-and-couches","9":"first","10":"instock","11":"shipping-taxable","12":"product-type-grouped"},"_links":{"self":[{"href":"https:\/\/baldumarket.lt\/lt\/wp-json\/wp\/v2\/product\/237711","targetHints":{"allow":["GET"]}}],"collection":[{"href":"https:\/\/baldumarket.lt\/lt\/wp-json\/wp\/v2\/product"}],"about":[{"href":"https:\/\/baldumarket.lt\/lt\/wp-json\/wp\/v2\/types\/product"}],"replies":[{"embeddable":true,"href":"https:\/\/baldumarket.lt\/lt\/wp-json\/wp\/v2\/comments?post=237711"}],"wp:featuredmedia":[{"embeddable":true,"href":"https:\/\/baldumarket.lt\/lt\/wp-json\/wp\/v2\/media\/237761"}],"wp:attachment":[{"href":"https:\/\/baldumarket.lt\/lt\/wp-json\/wp\/v2\/media?parent=237711"}],"wp:term":[{"taxonomy":"product_brand","embeddable":true,"href":"https:\/\/baldumarket.lt\/lt\/wp-json\/wp\/v2\/product_brand?post=237711"},{"taxonomy":"product_cat","embeddable":true,"href":"https:\/\/baldumarket.lt\/lt\/wp-json\/wp\/v2\/product_cat?post=237711"},{"taxonomy":"product_tag","embeddable":true,"href":"https:\/\/baldumarket.lt\/lt\/wp-json\/wp\/v2\/product_tag?post=237711"}],"curies":[{"name":"wp","href":"https:\/\/api.w.org\/{rel}","templated":true}]}}