{"id":237687,"date":"2025-12-30T17:09:38","date_gmt":"2025-12-30T14:09:38","guid":{"rendered":"https:\/\/baldumarket.lt\/?post_type=product&#038;p=237687"},"modified":"2026-02-03T23:05:57","modified_gmt":"2026-02-03T20:05:57","slug":"sofa-1-osobowa-amerykanka-ness-i","status":"publish","type":"product","link":"https:\/\/baldumarket.lt\/lt\/product\/sofa-1-osobowa-amerykanka-ness-i\/","title":{"rendered":"Ness I vienviet\u0117 amerikieti\u0161ka sofa"},"content":{"rendered":"<p>\u0160i sofa su \u0161onin\u0117mis i\u0161lankstomomis dalimis puikiai tinka jauniems \u017emon\u0117ms.<br \/>\nSavyb\u0117s:<br \/>\nMiego funkcija<br \/>\nPatalyn\u0117 saugykla<br \/>\nKabinos spyruokl\u0117s<br \/>\nStandarti\u0161kai sofa komplektuojama su medin\u0117mis priekin\u0117mis kojel\u0117mis.<br \/>\nMa\u017ea pagalv\u0117l\u0117, atitinkanti sofos spalv\u0105<\/p>","protected":false},"excerpt":{"rendered":"<p>\u0160i sofa su \u0161onin\u0117mis i\u0161lankstomomis dalimis puikiai tinka jauniems \u017emon\u0117ms. Savyb\u0117s: Miegojimo funkcija Patalyn\u0117s laikymo vieta Spyruokl\u0117s Standartin\u0117 sofa komplektuojama su medin\u0117mis priekin\u0117mis kojel\u0117mis Ma\u017ea pagalv\u0117l\u0117, atitinkanti sofos spalv\u0105<\/p>","protected":false},"featured_media":237737,"comment_status":"open","ping_status":"closed","template":"","meta":[],"product_brand":[],"product_cat":[8761,560],"product_tag":[],"class_list":{"0":"post-237687","1":"product","2":"type-product","3":"status-publish","4":"has-post-thumbnail","6":"product_cat-pkmebel","7":"product_cat-sofas-and-couches","9":"first","10":"instock","11":"shipping-taxable","12":"product-type-grouped"},"_links":{"self":[{"href":"https:\/\/baldumarket.lt\/lt\/wp-json\/wp\/v2\/product\/237687","targetHints":{"allow":["GET"]}}],"collection":[{"href":"https:\/\/baldumarket.lt\/lt\/wp-json\/wp\/v2\/product"}],"about":[{"href":"https:\/\/baldumarket.lt\/lt\/wp-json\/wp\/v2\/types\/product"}],"replies":[{"embeddable":true,"href":"https:\/\/baldumarket.lt\/lt\/wp-json\/wp\/v2\/comments?post=237687"}],"wp:featuredmedia":[{"embeddable":true,"href":"https:\/\/baldumarket.lt\/lt\/wp-json\/wp\/v2\/media\/237737"}],"wp:attachment":[{"href":"https:\/\/baldumarket.lt\/lt\/wp-json\/wp\/v2\/media?parent=237687"}],"wp:term":[{"taxonomy":"product_brand","embeddable":true,"href":"https:\/\/baldumarket.lt\/lt\/wp-json\/wp\/v2\/product_brand?post=237687"},{"taxonomy":"product_cat","embeddable":true,"href":"https:\/\/baldumarket.lt\/lt\/wp-json\/wp\/v2\/product_cat?post=237687"},{"taxonomy":"product_tag","embeddable":true,"href":"https:\/\/baldumarket.lt\/lt\/wp-json\/wp\/v2\/product_tag?post=237687"}],"curies":[{"name":"wp","href":"https:\/\/api.w.org\/{rel}","templated":true}]}}