{"id":237676,"date":"2025-12-30T17:09:08","date_gmt":"2025-12-30T14:09:08","guid":{"rendered":"https:\/\/baldumarket.lt\/?post_type=product&#038;p=237676"},"modified":"2026-02-03T23:05:58","modified_gmt":"2026-02-03T20:05:58","slug":"sofa-1-osobowa-amerykanka-ness-i-gr1","status":"publish","type":"product","link":"https:\/\/baldumarket.lt\/lt\/product\/sofa-1-osobowa-amerykanka-ness-i-gr1\/","title":{"rendered":"Ness I Gr1 vienviet\u0117 amerikieti\u0161ka sofa"},"content":{"rendered":"<p>\u0160i sofa su \u0161onin\u0117mis i\u0161lankstomomis dalimis puikiai tinka jauniems \u017emon\u0117ms.<br \/>\nSavyb\u0117s:<br \/>\nMiego funkcija<br \/>\nPatalyn\u0117 saugykla<br \/>\nKabinos spyruokl\u0117s<br \/>\nStandarti\u0161kai sofa komplektuojama su medin\u0117mis priekin\u0117mis kojel\u0117mis.<br \/>\nMa\u017ea pagalv\u0117l\u0117, atitinkanti sofos spalv\u0105<\/p>","protected":false},"excerpt":{"rendered":"<p>Plotis [cm]: 105<br \/>\nGylis [cm]: 97<br \/>\nAuk\u0161tis [cm]: 85<br \/>\nS\u0117dyn\u0117s auk\u0161tis [cm]: 37<br \/>\nS\u0117dyn\u0117s plotis [cm]: 80<br \/>\nS\u0117dyn\u0117s gylis [cm]: 60<br \/>\nMiegamasis plotas [cm]: 80 \u00d7 196<\/p>","protected":false},"featured_media":237737,"comment_status":"open","ping_status":"closed","template":"","meta":[],"product_brand":[],"product_cat":[9133],"product_tag":[],"class_list":{"0":"post-237676","1":"product","2":"type-product","3":"status-publish","4":"has-post-thumbnail","6":"product_cat-grouped","8":"first","9":"instock","10":"shipping-taxable","11":"purchasable","12":"product-type-variable","13":"wvs-archive-product-wrapper"},"_links":{"self":[{"href":"https:\/\/baldumarket.lt\/lt\/wp-json\/wp\/v2\/product\/237676","targetHints":{"allow":["GET"]}}],"collection":[{"href":"https:\/\/baldumarket.lt\/lt\/wp-json\/wp\/v2\/product"}],"about":[{"href":"https:\/\/baldumarket.lt\/lt\/wp-json\/wp\/v2\/types\/product"}],"replies":[{"embeddable":true,"href":"https:\/\/baldumarket.lt\/lt\/wp-json\/wp\/v2\/comments?post=237676"}],"wp:featuredmedia":[{"embeddable":true,"href":"https:\/\/baldumarket.lt\/lt\/wp-json\/wp\/v2\/media\/237737"}],"wp:attachment":[{"href":"https:\/\/baldumarket.lt\/lt\/wp-json\/wp\/v2\/media?parent=237676"}],"wp:term":[{"taxonomy":"product_brand","embeddable":true,"href":"https:\/\/baldumarket.lt\/lt\/wp-json\/wp\/v2\/product_brand?post=237676"},{"taxonomy":"product_cat","embeddable":true,"href":"https:\/\/baldumarket.lt\/lt\/wp-json\/wp\/v2\/product_cat?post=237676"},{"taxonomy":"product_tag","embeddable":true,"href":"https:\/\/baldumarket.lt\/lt\/wp-json\/wp\/v2\/product_tag?post=237676"}],"curies":[{"name":"wp","href":"https:\/\/api.w.org\/{rel}","templated":true}]}}