{"id":237639,"date":"2025-12-30T17:07:29","date_gmt":"2025-12-30T14:07:29","guid":{"rendered":"https:\/\/baldumarket.lt\/?post_type=product&#038;p=237639"},"modified":"2026-02-03T23:05:59","modified_gmt":"2026-02-03T20:05:59","slug":"sofa-1-os-amerykanka-typ-111-slim-miki","status":"publish","type":"product","link":"https:\/\/baldumarket.lt\/lt\/product\/sofa-1-os-amerykanka-typ-111-slim-miki\/","title":{"rendered":"Amerikieti\u0161ka vienviet\u0117 sofa, 111 tipo Slim Miki"},"content":{"rendered":"<p>Amerikieti\u0161ka sofa-lova \u201e111 Slim Miki\u201c \u2013 puikus pasirinkimas jauniems \u017emon\u0117ms.<br \/>\nSavyb\u0117s:<br \/>\nmiego funkcija<br \/>\npatalyn\u0117s skyrius<br \/>\ndantytos spyruokl\u0117s<br \/>\nma\u017ea pagalv\u0117<\/p>","protected":false},"excerpt":{"rendered":"<p>Amerikieti\u0161ka sofa-lova \u201e111 Slim Miki\u201c \u2013 puikus pasirinkimas jauniems \u017emon\u0117ms. Savyb\u0117s: miegojimo funkcija, patalyn\u0117s skyrius, dantytos spyruokl\u0117s, ma\u017ea pagalv\u0117l\u0117.<\/p>","protected":false},"featured_media":237689,"comment_status":"open","ping_status":"closed","template":"","meta":[],"product_brand":[],"product_cat":[8761,560],"product_tag":[],"class_list":{"0":"post-237639","1":"product","2":"type-product","3":"status-publish","4":"has-post-thumbnail","6":"product_cat-pkmebel","7":"product_cat-sofas-and-couches","9":"first","10":"instock","11":"shipping-taxable","12":"product-type-grouped"},"_links":{"self":[{"href":"https:\/\/baldumarket.lt\/lt\/wp-json\/wp\/v2\/product\/237639","targetHints":{"allow":["GET"]}}],"collection":[{"href":"https:\/\/baldumarket.lt\/lt\/wp-json\/wp\/v2\/product"}],"about":[{"href":"https:\/\/baldumarket.lt\/lt\/wp-json\/wp\/v2\/types\/product"}],"replies":[{"embeddable":true,"href":"https:\/\/baldumarket.lt\/lt\/wp-json\/wp\/v2\/comments?post=237639"}],"wp:featuredmedia":[{"embeddable":true,"href":"https:\/\/baldumarket.lt\/lt\/wp-json\/wp\/v2\/media\/237689"}],"wp:attachment":[{"href":"https:\/\/baldumarket.lt\/lt\/wp-json\/wp\/v2\/media?parent=237639"}],"wp:term":[{"taxonomy":"product_brand","embeddable":true,"href":"https:\/\/baldumarket.lt\/lt\/wp-json\/wp\/v2\/product_brand?post=237639"},{"taxonomy":"product_cat","embeddable":true,"href":"https:\/\/baldumarket.lt\/lt\/wp-json\/wp\/v2\/product_cat?post=237639"},{"taxonomy":"product_tag","embeddable":true,"href":"https:\/\/baldumarket.lt\/lt\/wp-json\/wp\/v2\/product_tag?post=237639"}],"curies":[{"name":"wp","href":"https:\/\/api.w.org\/{rel}","templated":true}]}}