{"id":237615,"date":"2025-12-30T17:06:22","date_gmt":"2025-12-30T14:06:22","guid":{"rendered":"https:\/\/baldumarket.lt\/?post_type=product&#038;p=237615"},"modified":"2026-02-03T23:06:00","modified_gmt":"2026-02-03T20:06:00","slug":"sofa-1-os-amerykanka-girona-i","status":"publish","type":"product","link":"https:\/\/baldumarket.lt\/lt\/product\/sofa-1-os-amerykanka-girona-i\/","title":{"rendered":"\u201eGirona I\u201c vienviet\u0117 amerikieti\u0161ka sofa"},"content":{"rendered":"<p>\u0160i sofa su \u0161onin\u0117mis panel\u0117mis puikiai tinka jauniems \u017emon\u0117ms.<br \/>\nSavyb\u0117s:<br \/>\nmiego funkcija<br \/>\npatalyn\u0117s laikymo<br \/>\ndantytos spyruokl\u0117s<br \/>\nma\u017ea pagalv\u0117l\u0117, atitinkanti sofos spalv\u0105<\/p>","protected":false},"excerpt":{"rendered":"<p>\u0160i sofa su \u0161onin\u0117mis panel\u0117mis puikiai tinka jauniems \u017emon\u0117ms. Savyb\u0117s: miegojimo funkcija, patalyn\u0117s laikymo vieta, dantytos spyruokl\u0117s, ma\u017ea pagalv\u0117l\u0117, atitinkanti sofos spalv\u0105.<\/p>","protected":false},"featured_media":237665,"comment_status":"open","ping_status":"closed","template":"","meta":[],"product_brand":[],"product_cat":[8761,560],"product_tag":[],"class_list":{"0":"post-237615","1":"product","2":"type-product","3":"status-publish","4":"has-post-thumbnail","6":"product_cat-pkmebel","7":"product_cat-sofas-and-couches","9":"first","10":"instock","11":"shipping-taxable","12":"product-type-grouped"},"_links":{"self":[{"href":"https:\/\/baldumarket.lt\/lt\/wp-json\/wp\/v2\/product\/237615","targetHints":{"allow":["GET"]}}],"collection":[{"href":"https:\/\/baldumarket.lt\/lt\/wp-json\/wp\/v2\/product"}],"about":[{"href":"https:\/\/baldumarket.lt\/lt\/wp-json\/wp\/v2\/types\/product"}],"replies":[{"embeddable":true,"href":"https:\/\/baldumarket.lt\/lt\/wp-json\/wp\/v2\/comments?post=237615"}],"wp:featuredmedia":[{"embeddable":true,"href":"https:\/\/baldumarket.lt\/lt\/wp-json\/wp\/v2\/media\/237665"}],"wp:attachment":[{"href":"https:\/\/baldumarket.lt\/lt\/wp-json\/wp\/v2\/media?parent=237615"}],"wp:term":[{"taxonomy":"product_brand","embeddable":true,"href":"https:\/\/baldumarket.lt\/lt\/wp-json\/wp\/v2\/product_brand?post=237615"},{"taxonomy":"product_cat","embeddable":true,"href":"https:\/\/baldumarket.lt\/lt\/wp-json\/wp\/v2\/product_cat?post=237615"},{"taxonomy":"product_tag","embeddable":true,"href":"https:\/\/baldumarket.lt\/lt\/wp-json\/wp\/v2\/product_tag?post=237615"}],"curies":[{"name":"wp","href":"https:\/\/api.w.org\/{rel}","templated":true}]}}