{"id":237579,"date":"2025-12-30T17:04:37","date_gmt":"2025-12-30T14:04:37","guid":{"rendered":"https:\/\/baldumarket.lt\/?post_type=product&#038;p=237579"},"modified":"2026-02-03T23:06:01","modified_gmt":"2026-02-03T20:06:01","slug":"naroznik-rozkladany-z-zaglowkami-adela-uklad-u","status":"publish","type":"product","link":"https:\/\/baldumarket.lt\/lt\/product\/naroznik-rozkladany-z-zaglowkami-adela-uklad-u\/","title":{"rendered":"Adela U formos kampin\u0117 sofa-lova su galvos atramomis"},"content":{"rendered":"<p>I\u0161skleid\u017eiama kampin\u0117 sofa \u201eAdela\u201c \u2013 tai avangardinio stiliaus svetain\u0117s baldas, kurio formos traukia ak\u012f ir yra i\u0161skirtinai originalios d\u0117l unikalaus dizaino.<br \/>\nSpecifikacijos:<br \/>\nS\u0117dyn\u0117 turi vingiuotas spyruokles ir putas<br \/>\nI\u0161lankstomas su miegojimo funkcija<br \/>\n2x patalyn\u0117s laikymo vietos<br \/>\nReguliuojamos galvos atramos<br \/>\nDelfin\u0173 i\u0161skleidimo sistema<br \/>\nSimetri\u0161ka U formos kampin\u0117 sofa<br \/>\n(Atkreipkite d\u0117mes\u012f, kad nutraukiame kampini\u0173 sof\u0173 su \u201eTrinity\u201c, \u201eRiviera\u201c ir \u201eVelutto\u201c audiniais gamyb\u0105 \u2013 pra\u0161ome neu\u017esisakyti i\u0161 \u0161i\u0173 audini\u0173.)<\/p>","protected":false},"excerpt":{"rendered":"<p>I\u0161skleid\u017eiama kampin\u0117 sofa \u201eAdela\u201c \u2013 tai avangardinis svetain\u0117s baldas, kurio formos traukia ak\u012f ir yra i\u0161skirtinai originalios d\u0117l unikalaus dizaino. Specifikacijos: S\u0117dyn\u0117 su vingiuotomis spyruokl\u0117mis ir putomis I\u0161skleid\u017eiama su miegojimo funkcija 2 patalyn\u0117s skyriai Reguliuojamos galvos atramos \u201eDolphin\u201c i\u0161skleidimo sistema Simetri\u0161ka U formos kampin\u0117 sofa (Atkreipkite d\u0117mes\u012f, kad mes [\u2026]<\/p>","protected":false},"featured_media":237629,"comment_status":"open","ping_status":"closed","template":"","meta":[],"product_brand":[],"product_cat":[616,1982,8761],"product_tag":[],"class_list":{"0":"post-237579","1":"product","2":"type-product","3":"status-publish","4":"has-post-thumbnail","6":"product_cat-corners","7":"product_cat-corners-u","8":"product_cat-pkmebel","10":"first","11":"instock","12":"shipping-taxable","13":"product-type-grouped"},"_links":{"self":[{"href":"https:\/\/baldumarket.lt\/lt\/wp-json\/wp\/v2\/product\/237579","targetHints":{"allow":["GET"]}}],"collection":[{"href":"https:\/\/baldumarket.lt\/lt\/wp-json\/wp\/v2\/product"}],"about":[{"href":"https:\/\/baldumarket.lt\/lt\/wp-json\/wp\/v2\/types\/product"}],"replies":[{"embeddable":true,"href":"https:\/\/baldumarket.lt\/lt\/wp-json\/wp\/v2\/comments?post=237579"}],"wp:featuredmedia":[{"embeddable":true,"href":"https:\/\/baldumarket.lt\/lt\/wp-json\/wp\/v2\/media\/237629"}],"wp:attachment":[{"href":"https:\/\/baldumarket.lt\/lt\/wp-json\/wp\/v2\/media?parent=237579"}],"wp:term":[{"taxonomy":"product_brand","embeddable":true,"href":"https:\/\/baldumarket.lt\/lt\/wp-json\/wp\/v2\/product_brand?post=237579"},{"taxonomy":"product_cat","embeddable":true,"href":"https:\/\/baldumarket.lt\/lt\/wp-json\/wp\/v2\/product_cat?post=237579"},{"taxonomy":"product_tag","embeddable":true,"href":"https:\/\/baldumarket.lt\/lt\/wp-json\/wp\/v2\/product_tag?post=237579"}],"curies":[{"name":"wp","href":"https:\/\/api.w.org\/{rel}","templated":true}]}}