{"id":237541,"date":"2025-12-30T17:02:51","date_gmt":"2025-12-30T14:02:51","guid":{"rendered":"https:\/\/baldumarket.lt\/?post_type=product&#038;p=237541"},"modified":"2026-02-03T23:06:03","modified_gmt":"2026-02-03T20:06:03","slug":"naroznik-rozkladany-monsun-uklad-u-gr2","status":"publish","type":"product","link":"https:\/\/baldumarket.lt\/lt\/product\/naroznik-rozkladany-monsun-uklad-u-gr2\/","title":{"rendered":"Monsun i\u0161skleid\u017eiama kampin\u0117 sofa, U formos, Gr2"},"content":{"rendered":"<p>I\u0161skleid\u017eiama kampin\u0117 sofa \u201eMonsun\u201c \u2013 tai avangardinio stiliaus svetain\u0117s baldas, kurio formos traukia ak\u012f ir yra i\u0161skirtinai originalios d\u0117l unikalaus dizaino.<br \/>\nSavyb\u0117s:<br \/>\nMiego funkcija<br \/>\nDelfin i\u0161lankstymo re\u017eimas<br \/>\nDu patalyn\u0117s skyriai<br \/>\nU formos konfig\u016bracija<br \/>\nOEKO-TEX sertifikuoti audiniai<br \/>\n5 cm auk\u0161\u010dio kojel\u0117s \u012fvairi\u0173 spalv\u0173 \u2013 pasirinkt\u0105 spalv\u0105 nurodykite u\u017esakymo pastabose \u2013 jei nepasirinksite, kojel\u0117s bus medin\u0117s<br \/>\nDygsniuota s\u0117dyn\u0117, pagaminta i\u0161 vingiuot\u0173 spyruokli\u0173 ir putplas\u010dio<br \/>\nReguliuojamos galvos atramos<br \/>\n(Atkreipkite d\u0117mes\u012f, kad nutraukiame kampini\u0173 sof\u0173 su \u201eTrinity\u201c, \u201eRiviera\u201c ir \u201eVelutto\u201c audiniais gamyb\u0105 \u2013 pra\u0161ome neu\u017esisakyti \u0161i\u0173 audini\u0173)<\/p>","protected":false},"excerpt":{"rendered":"<p>Ilgesn\u0117s kra\u0161tin\u0117s plotis [cm]: 325<br \/>\nTrumpesn\u0117s kra\u0161tin\u0117s plotis [cm]: 170<br \/>\nGylis [cm]: 97<br \/>\n\u016agis [cm]: 82\u201396<br \/>\nS\u0117dyn\u0117s auk\u0161tis [cm]: 42<br \/>\nS\u0117dyn\u0117s gylis [cm]: 54<br \/>\nMiegamasis plotas [cm]: 124 \u00d7 283<br \/>\nKampin\u0117s sofos stilius: modernus pal\u0117p\u0117s stilius<br \/>\nI\u0161skleidimo sistema: I\u0161traukiamas ve\u017eim\u0117lis (delfinas)<\/p>","protected":false},"featured_media":237593,"comment_status":"open","ping_status":"closed","template":"","meta":[],"product_brand":[],"product_cat":[9133],"product_tag":[],"class_list":{"0":"post-237541","1":"product","2":"type-product","3":"status-publish","4":"has-post-thumbnail","6":"product_cat-grouped","8":"first","9":"instock","10":"shipping-taxable","11":"purchasable","12":"product-type-variable","13":"wvs-archive-product-wrapper"},"_links":{"self":[{"href":"https:\/\/baldumarket.lt\/lt\/wp-json\/wp\/v2\/product\/237541","targetHints":{"allow":["GET"]}}],"collection":[{"href":"https:\/\/baldumarket.lt\/lt\/wp-json\/wp\/v2\/product"}],"about":[{"href":"https:\/\/baldumarket.lt\/lt\/wp-json\/wp\/v2\/types\/product"}],"replies":[{"embeddable":true,"href":"https:\/\/baldumarket.lt\/lt\/wp-json\/wp\/v2\/comments?post=237541"}],"wp:featuredmedia":[{"embeddable":true,"href":"https:\/\/baldumarket.lt\/lt\/wp-json\/wp\/v2\/media\/237593"}],"wp:attachment":[{"href":"https:\/\/baldumarket.lt\/lt\/wp-json\/wp\/v2\/media?parent=237541"}],"wp:term":[{"taxonomy":"product_brand","embeddable":true,"href":"https:\/\/baldumarket.lt\/lt\/wp-json\/wp\/v2\/product_brand?post=237541"},{"taxonomy":"product_cat","embeddable":true,"href":"https:\/\/baldumarket.lt\/lt\/wp-json\/wp\/v2\/product_cat?post=237541"},{"taxonomy":"product_tag","embeddable":true,"href":"https:\/\/baldumarket.lt\/lt\/wp-json\/wp\/v2\/product_tag?post=237541"}],"curies":[{"name":"wp","href":"https:\/\/api.w.org\/{rel}","templated":true}]}}