{"id":237519,"date":"2025-12-30T17:01:48","date_gmt":"2025-12-30T14:01:48","guid":{"rendered":"https:\/\/baldumarket.lt\/?post_type=product&#038;p=237519"},"modified":"2026-02-03T23:06:04","modified_gmt":"2026-02-03T20:06:04","slug":"naroznik-rozkladany-laos-uklad-u","status":"publish","type":"product","link":"https:\/\/baldumarket.lt\/lt\/product\/naroznik-rozkladany-laos-uklad-u\/","title":{"rendered":"Laos i\u0161skleid\u017eiama kampin\u0117 sofa, U formos"},"content":{"rendered":"<p>I\u0161skleid\u017eiama kampin\u0117 sofa \u201eLaos\u201c \u2013 tai avangardinio stiliaus svetain\u0117s baldas, kurio formos traukia ak\u012f ir yra i\u0161skirtinai originalios d\u0117l unikalaus dizaino.<br \/>\nSavyb\u0117s:<br \/>\nMiego funkcija<br \/>\nDelfino gul\u0117jimo re\u017eimas<br \/>\nDu patalyn\u0117s skyriai<br \/>\nUniversali U konfig\u016bracija<br \/>\nOEKO-TEX sertifikuoti audiniai<br \/>\n5 cm auk\u0161\u010dio kojel\u0117s \u012fvairi\u0173 spalv\u0173 \u2013 pasirinkt\u0105 spalv\u0105 nurodykite u\u017esakymo pastabose \u2013 jei nepasirinksite, kojel\u0117s bus medin\u0117s<br \/>\nDygsniuota s\u0117dyn\u0117, pagaminta i\u0161 vingiuot\u0173 spyruokli\u0173 ir putplas\u010dio<br \/>\nVertikalios si\u016bl\u0117s ant kampin\u0117s sofos atlo\u0161o ir \u0161on\u0173<br \/>\nLygi s\u0117dyn\u0117, pagaminta i\u0161 vingiuot\u0173 spyruokli\u0173 ir putplas\u010dio<br \/>\nReguliuojamos galvos atramos<br \/>\n(Atkreipkite d\u0117mes\u012f, kad nutraukiame kampini\u0173 sof\u0173 su \u201eTrinity\u201c, \u201eRiviera\u201c ir \u201eVelutto\u201c audiniais gamyb\u0105 \u2013 pra\u0161ome neu\u017esisakyti i\u0161 \u0161i\u0173 audini\u0173.)<\/p>","protected":false},"excerpt":{"rendered":"<p>I\u0161skleid\u017eiama kampin\u0117 sofa \u201eLaos\u201c \u2013 tai avangardinis svetain\u0117s baldas, kurio formos traukia ak\u012f ir yra i\u0161skirtinai originalios d\u0117l unikalaus dizaino. Savyb\u0117s: miego funkcija, atlo\u0161iama \u201eDelfin\u201c funkcija, du patalyn\u0117s skyriai, universali U formos konfig\u016bracija, OEKO-TEX sertifikuoti audiniai, 5 cm auk\u0161\u010dio kojel\u0117s \u012fvairi\u0173 spalv\u0173 \u2013 u\u017esakyme nurodykite pasirinkt\u0105 spalv\u0105 [\u2026]<\/p>","protected":false},"featured_media":237569,"comment_status":"open","ping_status":"closed","template":"","meta":[],"product_brand":[],"product_cat":[616,1982,8761],"product_tag":[],"class_list":{"0":"post-237519","1":"product","2":"type-product","3":"status-publish","4":"has-post-thumbnail","6":"product_cat-corners","7":"product_cat-corners-u","8":"product_cat-pkmebel","10":"first","11":"instock","12":"shipping-taxable","13":"product-type-grouped"},"_links":{"self":[{"href":"https:\/\/baldumarket.lt\/lt\/wp-json\/wp\/v2\/product\/237519","targetHints":{"allow":["GET"]}}],"collection":[{"href":"https:\/\/baldumarket.lt\/lt\/wp-json\/wp\/v2\/product"}],"about":[{"href":"https:\/\/baldumarket.lt\/lt\/wp-json\/wp\/v2\/types\/product"}],"replies":[{"embeddable":true,"href":"https:\/\/baldumarket.lt\/lt\/wp-json\/wp\/v2\/comments?post=237519"}],"wp:featuredmedia":[{"embeddable":true,"href":"https:\/\/baldumarket.lt\/lt\/wp-json\/wp\/v2\/media\/237569"}],"wp:attachment":[{"href":"https:\/\/baldumarket.lt\/lt\/wp-json\/wp\/v2\/media?parent=237519"}],"wp:term":[{"taxonomy":"product_brand","embeddable":true,"href":"https:\/\/baldumarket.lt\/lt\/wp-json\/wp\/v2\/product_brand?post=237519"},{"taxonomy":"product_cat","embeddable":true,"href":"https:\/\/baldumarket.lt\/lt\/wp-json\/wp\/v2\/product_cat?post=237519"},{"taxonomy":"product_tag","embeddable":true,"href":"https:\/\/baldumarket.lt\/lt\/wp-json\/wp\/v2\/product_tag?post=237519"}],"curies":[{"name":"wp","href":"https:\/\/api.w.org\/{rel}","templated":true}]}}