{"id":237495,"date":"2025-12-30T17:00:42","date_gmt":"2025-12-30T14:00:42","guid":{"rendered":"https:\/\/baldumarket.lt\/?post_type=product&#038;p=237495"},"modified":"2026-02-03T23:06:05","modified_gmt":"2026-02-03T20:06:05","slug":"naroznik-rozkladany-basic-uklad-u","status":"publish","type":"product","link":"https:\/\/baldumarket.lt\/lt\/product\/naroznik-rozkladany-basic-uklad-u\/","title":{"rendered":"Paprasta i\u0161skleid\u017eiama kampin\u0117 sofa, U formos"},"content":{"rendered":"<p>I\u0161skleid\u017eiama kampin\u0117 sofa \u201eBasic\u201c \u2013 tai avangardinio stiliaus svetain\u0117s baldas, kurio formos traukia ak\u012f ir yra i\u0161skirtinai originalios d\u0117l unikalaus dizaino.<br \/>\nSavyb\u0117s:<br \/>\nMiego funkcija<br \/>\nDL automatinis i\u0161skleidimas<br \/>\nPatalyn\u0117 saugykla<br \/>\nU formos kampin\u0117 sofa<br \/>\nOEKO-TEX sertifikuoti audiniai<br \/>\n4 didel\u0117s pagalv\u0117l\u0117s, 2 dekoratyvin\u0117s pagalv\u0117l\u0117s<br \/>\nLygi s\u0117dyn\u0117, pagaminta i\u0161 banguot\u0173 spyruokli\u0173 ir putplas\u010dio<br \/>\n(Atkreipkite d\u0117mes\u012f, kad nutraukiame kampini\u0173 sof\u0173 su \u201eTrinity\u201c, \u201eRiviera\u201c ir \u201eVelutto\u201c audiniais gamyb\u0105 \u2013 pra\u0161ome neu\u017esisakyti i\u0161 \u0161i\u0173 audini\u0173.)<\/p>","protected":false},"excerpt":{"rendered":"<p>I\u0161skleid\u017eiama kampin\u0117 sofa \u201eBasic\u201c \u2013 tai avangardinis svetain\u0117s baldas, kurio formos traukia ak\u012f ir yra i\u0161skirtinai originalios d\u0117l unikalaus dizaino. Savyb\u0117s: miego funkcija, automatinis i\u0161siskleidimas, patalyn\u0117s skyrius, U formos kampin\u0117 sofa, OEKO-TEX sertifikuoti audiniai, 4 didel\u0117s pagalv\u0117l\u0117s, 2 dekoratyvin\u0117s pagalv\u0117l\u0117s, lygi s\u0117dyn\u0117, pagaminta i\u0161 banguot\u0173 spyruokli\u0173 ir putplas\u010dio (atkreipkite d\u0117mes\u012f [\u2026]<\/p>","protected":false},"featured_media":237545,"comment_status":"open","ping_status":"closed","template":"","meta":[],"product_brand":[],"product_cat":[616,1982,8761],"product_tag":[],"class_list":{"0":"post-237495","1":"product","2":"type-product","3":"status-publish","4":"has-post-thumbnail","6":"product_cat-corners","7":"product_cat-corners-u","8":"product_cat-pkmebel","10":"first","11":"instock","12":"shipping-taxable","13":"product-type-grouped"},"_links":{"self":[{"href":"https:\/\/baldumarket.lt\/lt\/wp-json\/wp\/v2\/product\/237495","targetHints":{"allow":["GET"]}}],"collection":[{"href":"https:\/\/baldumarket.lt\/lt\/wp-json\/wp\/v2\/product"}],"about":[{"href":"https:\/\/baldumarket.lt\/lt\/wp-json\/wp\/v2\/types\/product"}],"replies":[{"embeddable":true,"href":"https:\/\/baldumarket.lt\/lt\/wp-json\/wp\/v2\/comments?post=237495"}],"wp:featuredmedia":[{"embeddable":true,"href":"https:\/\/baldumarket.lt\/lt\/wp-json\/wp\/v2\/media\/237545"}],"wp:attachment":[{"href":"https:\/\/baldumarket.lt\/lt\/wp-json\/wp\/v2\/media?parent=237495"}],"wp:term":[{"taxonomy":"product_brand","embeddable":true,"href":"https:\/\/baldumarket.lt\/lt\/wp-json\/wp\/v2\/product_brand?post=237495"},{"taxonomy":"product_cat","embeddable":true,"href":"https:\/\/baldumarket.lt\/lt\/wp-json\/wp\/v2\/product_cat?post=237495"},{"taxonomy":"product_tag","embeddable":true,"href":"https:\/\/baldumarket.lt\/lt\/wp-json\/wp\/v2\/product_tag?post=237495"}],"curies":[{"name":"wp","href":"https:\/\/api.w.org\/{rel}","templated":true}]}}