{"id":237472,"date":"2025-12-30T16:59:39","date_gmt":"2025-12-30T13:59:39","guid":{"rendered":"https:\/\/baldumarket.lt\/?post_type=product&#038;p=237472"},"modified":"2026-02-03T23:06:06","modified_gmt":"2026-02-03T20:06:06","slug":"naroznik-rozkladany-basic-l-gr1","status":"publish","type":"product","link":"https:\/\/baldumarket.lt\/lt\/product\/naroznik-rozkladany-basic-l-gr1\/","title":{"rendered":"I\u0161skleid\u017eiama kampin\u0117 sofa \u201eBasic L Gr1\u201c"},"content":{"rendered":"<p>I\u0161skleid\u017eiama kampin\u0117 sofa \u201eBasic\u201c \u2013 tai avangardinio stiliaus svetain\u0117s baldas, kurio formos traukia ak\u012f ir yra i\u0161skirtinai originalios d\u0117l unikalaus dizaino.<br \/>\nSavyb\u0117s:<br \/>\nMiego funkcija<br \/>\nDL automatinis i\u0161skleidimas<br \/>\nPatalyn\u0117 saugykla<br \/>\nGalima rinktis de\u0161inin\u0119 arba kair\u0119 \u2013 universali kampin\u0117 sofa paruo\u0161ta pirmam montavimui<br \/>\nOEKO-TEX sertifikuoti audiniai<br \/>\n3 didel\u0117s pagalv\u0117l\u0117s, 2 dekoratyvin\u0117s<br \/>\nLygi s\u0117dyn\u0117, pagaminta i\u0161 banguot\u0173 spyruokli\u0173 ir putplas\u010dio<br \/>\nNuotraukoje matoma kairioji kampin\u0117 sofa<br \/>\n(Atkreipkite d\u0117mes\u012f, kad nutraukiame kampini\u0173 sof\u0173 su \u201eTrinity\u201c, \u201eRiviera\u201c ir \u201eVelutto\u201c audiniais gamyb\u0105 \u2013 pra\u0161ome neu\u017esisakyti \u0161i\u0173 audini\u0173)<\/p>","protected":false},"excerpt":{"rendered":"<p>Ilgesn\u0117s kra\u0161tin\u0117s plotis [cm]: 240<br \/>\nTrumpesn\u0117s kra\u0161tin\u0117s plotis [cm]: 148<br \/>\nGylis [cm]: 96<br \/>\n\u016agis [cm]: 75\u201388<br \/>\nS\u0117dyn\u0117s auk\u0161tis [cm]: 39<br \/>\nS\u0117dyn\u0117s gylis [cm]: 52<br \/>\nMiegamasis plotas [cm]: 137 \u00d7 198<br \/>\nKampin\u0117s sofos stilius: modernus pal\u0117p\u0117s stilius<br \/>\nI\u0161skleidimo sistema: Automatin\u0117, kad b\u016bt\u0173 lengva i\u0161skleisti \/ DL<\/p>","protected":false},"featured_media":237533,"comment_status":"open","ping_status":"closed","template":"","meta":[],"product_brand":[],"product_cat":[9133],"product_tag":[],"class_list":{"0":"post-237472","1":"product","2":"type-product","3":"status-publish","4":"has-post-thumbnail","6":"product_cat-grouped","8":"first","9":"instock","10":"shipping-taxable","11":"purchasable","12":"product-type-variable","13":"wvs-archive-product-wrapper"},"_links":{"self":[{"href":"https:\/\/baldumarket.lt\/lt\/wp-json\/wp\/v2\/product\/237472","targetHints":{"allow":["GET"]}}],"collection":[{"href":"https:\/\/baldumarket.lt\/lt\/wp-json\/wp\/v2\/product"}],"about":[{"href":"https:\/\/baldumarket.lt\/lt\/wp-json\/wp\/v2\/types\/product"}],"replies":[{"embeddable":true,"href":"https:\/\/baldumarket.lt\/lt\/wp-json\/wp\/v2\/comments?post=237472"}],"wp:featuredmedia":[{"embeddable":true,"href":"https:\/\/baldumarket.lt\/lt\/wp-json\/wp\/v2\/media\/237533"}],"wp:attachment":[{"href":"https:\/\/baldumarket.lt\/lt\/wp-json\/wp\/v2\/media?parent=237472"}],"wp:term":[{"taxonomy":"product_brand","embeddable":true,"href":"https:\/\/baldumarket.lt\/lt\/wp-json\/wp\/v2\/product_brand?post=237472"},{"taxonomy":"product_cat","embeddable":true,"href":"https:\/\/baldumarket.lt\/lt\/wp-json\/wp\/v2\/product_cat?post=237472"},{"taxonomy":"product_tag","embeddable":true,"href":"https:\/\/baldumarket.lt\/lt\/wp-json\/wp\/v2\/product_tag?post=237472"}],"curies":[{"name":"wp","href":"https:\/\/api.w.org\/{rel}","templated":true}]}}