{"id":237447,"date":"2025-12-30T16:58:34","date_gmt":"2025-12-30T13:58:34","guid":{"rendered":"https:\/\/baldumarket.lt\/?post_type=product&#038;p=237447"},"modified":"2026-02-03T23:06:07","modified_gmt":"2026-02-03T20:06:07","slug":"naroznik-rozkladany-275-young-u","status":"publish","type":"product","link":"https:\/\/baldumarket.lt\/lt\/product\/naroznik-rozkladany-275-young-u\/","title":{"rendered":"275 Jauna U i\u0161skleid\u017eiama kampin\u0117 sofa"},"content":{"rendered":"<p>I\u0161skleid\u017eiama kampin\u0117 sofa \u201eYoung\u201c \u2013 tai avangardinio stiliaus svetain\u0117s baldas, kurio formos traukia ak\u012f ir yra i\u0161skirtinai originalios d\u0117l unikalaus dizaino.<br \/>\nSpecifikacijos:<br \/>\nS\u0117dyn\u0117 turi vingiuotas spyruokles ir putplast\u012f (HR putplastis gali b\u016bti naudojamas u\u017e papildomus 440 PLN; jei pageidaujate \u0161io varianto, nurodykite komentaruose).<br \/>\nI\u0161lankstomas su miegojimo funkcija<br \/>\nDu patalyn\u0117s skyriai<br \/>\nDelfino stiliaus atlo\u0161as<br \/>\nReguliuojamos galvos atramos<br \/>\nSi\u016bta s\u0117dyn\u0117<br \/>\nMetalin\u0117s kojel\u0117s<br \/>\nKampin\u0119 sof\u0105 galima pastatyti taip, kaip parodyta pagrindin\u0117je nuotraukoje, arba atvirk\u0161\u010diai<br \/>\n(Atkreipkite d\u0117mes\u012f, kad nutraukiame kampini\u0173 sof\u0173 su \u201eTrinity\u201c, \u201eRiviera\u201c ir \u201eVelutto\u201c audiniais gamyb\u0105 \u2013 pra\u0161ome neu\u017esisakyti \u0161i\u0173 audini\u0173)<\/p>","protected":false},"excerpt":{"rendered":"<p>I\u0161skleid\u017eiama kampin\u0117 sofa \u201eYoung\u201c \u2013 tai avangardinio stiliaus svetain\u0117s baldas, kurio formos traukia ak\u012f ir yra i\u0161skirtinai originalios d\u0117l unikalaus dizaino. Specifikacijos: S\u0117dyn\u0117 turi vingiuotas spyruokles ir putplast\u012f (HR putplastis gali b\u016bti naudojamas u\u017e papildomus 440 PLN; jei pageidaujate \u0161io varianto, nurodykite komentaruose). I\u0161skleid\u017eiama [\u2026]<\/p>","protected":false},"featured_media":237497,"comment_status":"open","ping_status":"closed","template":"","meta":[],"product_brand":[],"product_cat":[616,1982,8761],"product_tag":[],"class_list":{"0":"post-237447","1":"product","2":"type-product","3":"status-publish","4":"has-post-thumbnail","6":"product_cat-corners","7":"product_cat-corners-u","8":"product_cat-pkmebel","10":"first","11":"instock","12":"shipping-taxable","13":"product-type-grouped"},"_links":{"self":[{"href":"https:\/\/baldumarket.lt\/lt\/wp-json\/wp\/v2\/product\/237447","targetHints":{"allow":["GET"]}}],"collection":[{"href":"https:\/\/baldumarket.lt\/lt\/wp-json\/wp\/v2\/product"}],"about":[{"href":"https:\/\/baldumarket.lt\/lt\/wp-json\/wp\/v2\/types\/product"}],"replies":[{"embeddable":true,"href":"https:\/\/baldumarket.lt\/lt\/wp-json\/wp\/v2\/comments?post=237447"}],"wp:featuredmedia":[{"embeddable":true,"href":"https:\/\/baldumarket.lt\/lt\/wp-json\/wp\/v2\/media\/237497"}],"wp:attachment":[{"href":"https:\/\/baldumarket.lt\/lt\/wp-json\/wp\/v2\/media?parent=237447"}],"wp:term":[{"taxonomy":"product_brand","embeddable":true,"href":"https:\/\/baldumarket.lt\/lt\/wp-json\/wp\/v2\/product_brand?post=237447"},{"taxonomy":"product_cat","embeddable":true,"href":"https:\/\/baldumarket.lt\/lt\/wp-json\/wp\/v2\/product_cat?post=237447"},{"taxonomy":"product_tag","embeddable":true,"href":"https:\/\/baldumarket.lt\/lt\/wp-json\/wp\/v2\/product_tag?post=237447"}],"curies":[{"name":"wp","href":"https:\/\/api.w.org\/{rel}","templated":true}]}}