{"id":237409,"date":"2025-12-30T16:56:55","date_gmt":"2025-12-30T13:56:55","guid":{"rendered":"https:\/\/baldumarket.lt\/?post_type=product&#038;p=237409"},"modified":"2026-02-03T23:06:08","modified_gmt":"2026-02-03T20:06:08","slug":"naroznik-rozkladany-272-vasco-gr2","status":"publish","type":"product","link":"https:\/\/baldumarket.lt\/lt\/product\/naroznik-rozkladany-272-vasco-gr2\/","title":{"rendered":"Kampin\u0117 sofa-lova 272 Vasco Gr2"},"content":{"rendered":"<p>\u201eVasco\u201c i\u0161skleid\u017eiama kampin\u0117 sofa yra avangardinio stiliaus svetain\u0117s baldas, kurio formos traukia ak\u012f ir yra i\u0161skirtinai originalios d\u0117l unikalaus dizaino.<br \/>\nSpecifikacijos:<br \/>\nS\u0117dyn\u0117 turi vingiuotas spyruokles ir putplast\u012f (HR putplastis gali b\u016bti naudojamas u\u017e papildomus 260 PLN; prane\u0161kite mums komentaruose, jei pageidaujate \u0161io varianto).<br \/>\nI\u0161lankstomas su miegojimo funkcija<br \/>\nPatalyn\u0117 saugykla<br \/>\nReguliuojamos galvos atramos<br \/>\nDeimantin\u0117s si\u016bl\u0117s ant s\u0117dyn\u0117s<br \/>\nDelfin\u0173 atlo\u0161o sistema<br \/>\nNuotraukoje pavaizduota de\u0161inioji kampin\u0117 sofa.<br \/>\n(Atkreipkite d\u0117mes\u012f, kad nutraukiame kampini\u0173 sof\u0173 su \u201eTrinity\u201c, \u201eRiviera\u201c ir \u201eVelutto\u201c audiniais gamyb\u0105 \u2013 pra\u0161ome neu\u017esisakyti i\u0161 \u0161i\u0173 audini\u0173.)<\/p>","protected":false},"excerpt":{"rendered":"<p>Ilgesn\u0117s kra\u0161tin\u0117s plotis [cm]: 277<br \/>\nTrumpesn\u0117s kra\u0161tin\u0117s plotis [cm]: 200<br \/>\nGylis [cm]: 98<br \/>\nAuk\u0161tis [cm]: 90<br \/>\nS\u0117dyn\u0117s auk\u0161tis [cm]: 43<br \/>\nS\u0117dyn\u0117s gylis [cm]: 56<br \/>\nMiegamasis plotas [cm]: 123 \u00d7 215<br \/>\nKampin\u0117s sofos stilius: modernus<br \/>\nI\u0161skleidimo sistema: I\u0161traukiamas ve\u017eim\u0117lis (delfinas)<\/p>","protected":false},"featured_media":237461,"comment_status":"open","ping_status":"closed","template":"","meta":[],"product_brand":[],"product_cat":[9133],"product_tag":[],"class_list":{"0":"post-237409","1":"product","2":"type-product","3":"status-publish","4":"has-post-thumbnail","6":"product_cat-grouped","8":"first","9":"instock","10":"shipping-taxable","11":"purchasable","12":"product-type-variable","13":"wvs-archive-product-wrapper"},"_links":{"self":[{"href":"https:\/\/baldumarket.lt\/lt\/wp-json\/wp\/v2\/product\/237409","targetHints":{"allow":["GET"]}}],"collection":[{"href":"https:\/\/baldumarket.lt\/lt\/wp-json\/wp\/v2\/product"}],"about":[{"href":"https:\/\/baldumarket.lt\/lt\/wp-json\/wp\/v2\/types\/product"}],"replies":[{"embeddable":true,"href":"https:\/\/baldumarket.lt\/lt\/wp-json\/wp\/v2\/comments?post=237409"}],"wp:featuredmedia":[{"embeddable":true,"href":"https:\/\/baldumarket.lt\/lt\/wp-json\/wp\/v2\/media\/237461"}],"wp:attachment":[{"href":"https:\/\/baldumarket.lt\/lt\/wp-json\/wp\/v2\/media?parent=237409"}],"wp:term":[{"taxonomy":"product_brand","embeddable":true,"href":"https:\/\/baldumarket.lt\/lt\/wp-json\/wp\/v2\/product_brand?post=237409"},{"taxonomy":"product_cat","embeddable":true,"href":"https:\/\/baldumarket.lt\/lt\/wp-json\/wp\/v2\/product_cat?post=237409"},{"taxonomy":"product_tag","embeddable":true,"href":"https:\/\/baldumarket.lt\/lt\/wp-json\/wp\/v2\/product_tag?post=237409"}],"curies":[{"name":"wp","href":"https:\/\/api.w.org\/{rel}","templated":true}]}}