{"id":237289,"date":"2025-12-30T16:51:24","date_gmt":"2025-12-30T13:51:24","guid":{"rendered":"https:\/\/baldumarket.lt\/?post_type=product&#038;p=237289"},"modified":"2026-02-03T23:06:12","modified_gmt":"2026-02-03T20:06:12","slug":"naroznik-rozkladany-150-afrodyta-gr2","status":"publish","type":"product","link":"https:\/\/baldumarket.lt\/lt\/product\/naroznik-rozkladany-150-afrodyta-gr2\/","title":{"rendered":"Sulankstoma kampin\u0117 sofa 150 Afrodyta Gr2"},"content":{"rendered":"<p>I\u0161skleid\u017eiama kampin\u0117 sofa \u201eAfrodyta\u201c \u2013 tai avangardinio stiliaus svetain\u0117s baldas, kurio formos traukia ak\u012f ir yra i\u0161skirtinai originalios d\u0117l unikalaus dizaino.<br \/>\nSpecifikacijos:<br \/>\nS\u0117dyn\u0117 turi vingiuotas spyruokles ir putplast\u012f (HR putplastis gali b\u016bti naudojamas u\u017e papildomus 260 PLN; prane\u0161kite mums komentaruose, jei pageidaujate \u0161io varianto).<br \/>\nI\u0161lankstomas su miegojimo funkcija<br \/>\nPatalyn\u0117<br \/>\nReguliuojamos galvos atramos<br \/>\nDelfin\u0173 atlo\u0161o sistema<br \/>\nS\u0117dyni\u0173 si\u016bl\u0117s<br \/>\nNuotraukoje matoma de\u0161inioji kampin\u0117 sofa<br \/>\nNuotraukoje matomos pagalv\u0117s \u012f kain\u0105 ne\u012fskai\u010diuotos<br \/>\n(Atkreipkite d\u0117mes\u012f, kad nutraukiame kampini\u0173 sof\u0173 su \u201eTrinity\u201c, \u201eRiviera\u201c ir \u201eVelutto\u201c audiniais gamyb\u0105 \u2013 pra\u0161ome neu\u017esisakyti \u0161i\u0173 audini\u0173)<\/p>","protected":false},"excerpt":{"rendered":"<p>Ilgesn\u0117s kra\u0161tin\u0117s plotis [cm]: 271<br \/>\nTrumpesn\u0117s kra\u0161tin\u0117s plotis [cm]: 201<br \/>\nGylis [cm]: 100<br \/>\nAuk\u0161tis [cm]: 72\/90<br \/>\nS\u0117dyn\u0117s auk\u0161tis [cm]: 42<br \/>\nS\u0117dyn\u0117s gylis [cm]: 56<br \/>\nMiegamasis plotas [cm]: 126 \u00d7 193<br \/>\nKampin\u0117s sofos stilius: modernus pal\u0117p\u0117s stilius<br \/>\nI\u0161skleidimo sistema: i\u0161traukiamas ve\u017eim\u0117lis (delfinas)<\/p>","protected":false},"featured_media":237341,"comment_status":"open","ping_status":"closed","template":"","meta":[],"product_brand":[],"product_cat":[9133],"product_tag":[],"class_list":{"0":"post-237289","1":"product","2":"type-product","3":"status-publish","4":"has-post-thumbnail","6":"product_cat-grouped","8":"first","9":"instock","10":"shipping-taxable","11":"purchasable","12":"product-type-variable","13":"wvs-archive-product-wrapper"},"_links":{"self":[{"href":"https:\/\/baldumarket.lt\/lt\/wp-json\/wp\/v2\/product\/237289","targetHints":{"allow":["GET"]}}],"collection":[{"href":"https:\/\/baldumarket.lt\/lt\/wp-json\/wp\/v2\/product"}],"about":[{"href":"https:\/\/baldumarket.lt\/lt\/wp-json\/wp\/v2\/types\/product"}],"replies":[{"embeddable":true,"href":"https:\/\/baldumarket.lt\/lt\/wp-json\/wp\/v2\/comments?post=237289"}],"wp:featuredmedia":[{"embeddable":true,"href":"https:\/\/baldumarket.lt\/lt\/wp-json\/wp\/v2\/media\/237341"}],"wp:attachment":[{"href":"https:\/\/baldumarket.lt\/lt\/wp-json\/wp\/v2\/media?parent=237289"}],"wp:term":[{"taxonomy":"product_brand","embeddable":true,"href":"https:\/\/baldumarket.lt\/lt\/wp-json\/wp\/v2\/product_brand?post=237289"},{"taxonomy":"product_cat","embeddable":true,"href":"https:\/\/baldumarket.lt\/lt\/wp-json\/wp\/v2\/product_cat?post=237289"},{"taxonomy":"product_tag","embeddable":true,"href":"https:\/\/baldumarket.lt\/lt\/wp-json\/wp\/v2\/product_tag?post=237289"}],"curies":[{"name":"wp","href":"https:\/\/api.w.org\/{rel}","templated":true}]}}