{"id":237277,"date":"2025-12-30T16:50:53","date_gmt":"2025-12-30T13:50:53","guid":{"rendered":"https:\/\/baldumarket.lt\/?post_type=product&#038;p=237277"},"modified":"2026-02-03T23:06:13","modified_gmt":"2026-02-03T20:06:13","slug":"naroznik-rozkladany-127-scandi-pik-gr2","status":"publish","type":"product","link":"https:\/\/baldumarket.lt\/lt\/product\/naroznik-rozkladany-127-scandi-pik-gr2\/","title":{"rendered":"Sulankstoma kampin\u0117 sofa 127 Scandi Pik Gr2"},"content":{"rendered":"<p>\u201eScandi Pik Bis\u201c i\u0161skleid\u017eiama kampin\u0117 sofa yra avangardinio stiliaus svetain\u0117s baldas, kurio formos traukia ak\u012f ir yra i\u0161skirtinai originalios d\u0117l unikalaus dizaino.<br \/>\nSpecifikacijos:<br \/>\nS\u0117dyn\u0117 turi Bonnell spyruokles ir putplas\u010dio pamink\u0161tinim\u0105<br \/>\nI\u0161lankstomas su miegojimo funkcija<br \/>\nPatalyn\u0117<br \/>\nDygsniuotas<br \/>\nI\u0161siskleid\u017eia su DL automatiniu mechanizmu<br \/>\nNuotraukoje parodyta de\u0161inioji kampin\u0117 sofa<\/p>","protected":false},"excerpt":{"rendered":"<p>Ilgesn\u0117s kra\u0161tin\u0117s plotis [cm]: 222<br \/>\nTrumpesn\u0117s kra\u0161tin\u0117s plotis [cm]: 141<br \/>\nGylis [cm]: 87<br \/>\nAuk\u0161tis [cm]: 97<br \/>\nPagalv\u0117li\u0173\/atlo\u0161o tipas: nuimamos pagalv\u0117l\u0117s<br \/>\n\u0160onin\u0117 atrama: su atlo\u0161ais<br \/>\nMiegamasis plotas [cm]: 137 \u00d7 198<br \/>\nKampin\u0117s sofos stilius: modernus skandinavi\u0161kas<br \/>\nI\u0161skleidimo sistema: Automatin\u0117, kad b\u016bt\u0173 lengva i\u0161skleisti \/ DL<\/p>","protected":false},"featured_media":237329,"comment_status":"open","ping_status":"closed","template":"","meta":[],"product_brand":[],"product_cat":[9133],"product_tag":[],"class_list":{"0":"post-237277","1":"product","2":"type-product","3":"status-publish","4":"has-post-thumbnail","6":"product_cat-grouped","8":"first","9":"instock","10":"shipping-taxable","11":"purchasable","12":"product-type-variable","13":"wvs-archive-product-wrapper"},"_links":{"self":[{"href":"https:\/\/baldumarket.lt\/lt\/wp-json\/wp\/v2\/product\/237277","targetHints":{"allow":["GET"]}}],"collection":[{"href":"https:\/\/baldumarket.lt\/lt\/wp-json\/wp\/v2\/product"}],"about":[{"href":"https:\/\/baldumarket.lt\/lt\/wp-json\/wp\/v2\/types\/product"}],"replies":[{"embeddable":true,"href":"https:\/\/baldumarket.lt\/lt\/wp-json\/wp\/v2\/comments?post=237277"}],"wp:featuredmedia":[{"embeddable":true,"href":"https:\/\/baldumarket.lt\/lt\/wp-json\/wp\/v2\/media\/237329"}],"wp:attachment":[{"href":"https:\/\/baldumarket.lt\/lt\/wp-json\/wp\/v2\/media?parent=237277"}],"wp:term":[{"taxonomy":"product_brand","embeddable":true,"href":"https:\/\/baldumarket.lt\/lt\/wp-json\/wp\/v2\/product_brand?post=237277"},{"taxonomy":"product_cat","embeddable":true,"href":"https:\/\/baldumarket.lt\/lt\/wp-json\/wp\/v2\/product_cat?post=237277"},{"taxonomy":"product_tag","embeddable":true,"href":"https:\/\/baldumarket.lt\/lt\/wp-json\/wp\/v2\/product_tag?post=237277"}],"curies":[{"name":"wp","href":"https:\/\/api.w.org\/{rel}","templated":true}]}}