{"id":237256,"date":"2025-12-30T16:49:52","date_gmt":"2025-12-30T13:49:52","guid":{"rendered":"https:\/\/baldumarket.lt\/?post_type=product&#038;p=237256"},"modified":"2026-02-03T23:06:14","modified_gmt":"2026-02-03T20:06:14","slug":"naroznik-rozkladany-108-mini-u-gr1","status":"publish","type":"product","link":"https:\/\/baldumarket.lt\/lt\/product\/naroznik-rozkladany-108-mini-u-gr1\/","title":{"rendered":"Sulankstoma kampin\u0117 sofa 108 Mini U Gr1"},"content":{"rendered":"<p>Mini i\u0161skleid\u017eiama kampin\u0117 sofa yra avangardinio stiliaus svetain\u0117s baldas, kurio formos yra ak\u012f traukian\u010dios ir i\u0161skirtinai originalios d\u0117l unikalaus dizaino.<br \/>\nSpecifikacijos:<br \/>\nS\u0117dyn\u0117 turi \u201eBonnell\u201c spyruokles ir putplas\u010dio pamink\u0161tinim\u0105<br \/>\nI\u0161lankstomas su miegojimo funkcija<br \/>\nPatalyn\u0117 skyriai<br \/>\nDL automatinis i\u0161skleidimas<br \/>\nPridedamos dvi ma\u017eos pagalv\u0117l\u0117s<br \/>\nUniversali kampin\u0117 sofa<br \/>\n(Atkreipkite d\u0117mes\u012f, kad nutraukiame kampini\u0173 sof\u0173 su \u201eTrinity\u201c, \u201eRiviera\u201c ir \u201eVelutto\u201c audiniais gamyb\u0105 \u2013 pra\u0161ome neu\u017esisakyti i\u0161 \u0161i\u0173 audini\u0173.)<\/p>","protected":false},"excerpt":{"rendered":"<p>Ilgosios pus\u0117s plotis [cm]: 270<br \/>\nTrumposios pus\u0117s plotis [cm]: 145<br \/>\nAuk\u0161tis [cm]: 90<br \/>\nS\u0117dyn\u0117s auk\u0161tis [cm]: 42<br \/>\nPagalv\u0117l\u0117s \/ atlo\u0161o tipas: nuimamos pagalv\u0117l\u0117s<br \/>\n\u0160onin\u0117s atlo\u0161o dalys: su atlo\u0161ais<br \/>\nMiegamasis plotas [cm]: 140 \u00d7 260<br \/>\nKampin\u0117s sofos stilius: skandinavi\u0161kas<br \/>\nI\u0161skleidimo sistema: Automatin\u0117, kad b\u016bt\u0173 lengva i\u0161skleisti \/ DL<\/p>","protected":false},"featured_media":237317,"comment_status":"open","ping_status":"closed","template":"","meta":[],"product_brand":[],"product_cat":[9133],"product_tag":[],"class_list":{"0":"post-237256","1":"product","2":"type-product","3":"status-publish","4":"has-post-thumbnail","6":"product_cat-grouped","8":"first","9":"instock","10":"shipping-taxable","11":"purchasable","12":"product-type-variable","13":"wvs-archive-product-wrapper"},"_links":{"self":[{"href":"https:\/\/baldumarket.lt\/lt\/wp-json\/wp\/v2\/product\/237256","targetHints":{"allow":["GET"]}}],"collection":[{"href":"https:\/\/baldumarket.lt\/lt\/wp-json\/wp\/v2\/product"}],"about":[{"href":"https:\/\/baldumarket.lt\/lt\/wp-json\/wp\/v2\/types\/product"}],"replies":[{"embeddable":true,"href":"https:\/\/baldumarket.lt\/lt\/wp-json\/wp\/v2\/comments?post=237256"}],"wp:featuredmedia":[{"embeddable":true,"href":"https:\/\/baldumarket.lt\/lt\/wp-json\/wp\/v2\/media\/237317"}],"wp:attachment":[{"href":"https:\/\/baldumarket.lt\/lt\/wp-json\/wp\/v2\/media?parent=237256"}],"wp:term":[{"taxonomy":"product_brand","embeddable":true,"href":"https:\/\/baldumarket.lt\/lt\/wp-json\/wp\/v2\/product_brand?post=237256"},{"taxonomy":"product_cat","embeddable":true,"href":"https:\/\/baldumarket.lt\/lt\/wp-json\/wp\/v2\/product_cat?post=237256"},{"taxonomy":"product_tag","embeddable":true,"href":"https:\/\/baldumarket.lt\/lt\/wp-json\/wp\/v2\/product_tag?post=237256"}],"curies":[{"name":"wp","href":"https:\/\/api.w.org\/{rel}","templated":true}]}}