{"id":237255,"date":"2025-12-30T16:49:51","date_gmt":"2025-12-30T13:49:51","guid":{"rendered":"https:\/\/baldumarket.lt\/?post_type=product&#038;p=237255"},"modified":"2026-02-03T23:06:14","modified_gmt":"2026-02-03T20:06:14","slug":"naroznik-rozkladany-105-baster-pik","status":"publish","type":"product","link":"https:\/\/baldumarket.lt\/lt\/product\/naroznik-rozkladany-105-baster-pik\/","title":{"rendered":"Kampin\u0117 sofa-lova 105 Baster Pik"},"content":{"rendered":"<p>I\u0161skleid\u017eiama kampin\u0117 sofa \u201eBaster\u201c \u2013 tai avangardinio stiliaus svetain\u0117s baldas, kurio formos traukia ak\u012f ir yra i\u0161skirtinai originalios d\u0117l unikalaus dizaino.<br \/>\nSpecifikacijos:<br \/>\nS\u0117dyn\u0117 turi Bonnell spyruokles ir putplas\u010dio pamink\u0161tinim\u0105<br \/>\nI\u0161lankstomas su miegojimo funkcija<br \/>\nPatalyn\u0117<br \/>\nSiuvimas<br \/>\nDL automatinis i\u0161skleidimas<br \/>\nU formos kampin\u0117 sofa<br \/>\nMetalin\u0117s kojel\u0117s<br \/>\n(Atkreipkite d\u0117mes\u012f, kad nutraukiame kampini\u0173 sof\u0173 su \u201eTrinity\u201c, \u201eRiviera\u201c ir \u201eVelutto\u201c audiniais gamyb\u0105 \u2013 pra\u0161ome neu\u017esisakyti i\u0161 \u0161i\u0173 audini\u0173.)<\/p>","protected":false},"excerpt":{"rendered":"<p>I\u0161skleid\u017eiama kampin\u0117 sofa \u201eBaster\u201c \u2013 tai avangardinis svetain\u0117s baldas, kurio formos traukia ak\u012f ir yra i\u0161skirtinai originalios d\u0117l unikalaus dizaino. Specifikacijos: S\u0117dyn\u0117 turi \u201eBonnell\u201c spyruokles ir putplas\u010dio pamink\u0161tinim\u0105; I\u0161skleid\u017eiama su miegojimo funkcija; Patalyn\u0117; Dygsniuota; Automati\u0161kai i\u0161skleid\u017eiama DL U formos kampin\u0117 sofa; Metalin\u0117s kojel\u0117s (Atkreipkite d\u0117mes\u012f, kad mes [\u2026]<\/p>","protected":false},"featured_media":237305,"comment_status":"open","ping_status":"closed","template":"","meta":[],"product_brand":[],"product_cat":[616,1982,8761],"product_tag":[],"class_list":{"0":"post-237255","1":"product","2":"type-product","3":"status-publish","4":"has-post-thumbnail","6":"product_cat-corners","7":"product_cat-corners-u","8":"product_cat-pkmebel","10":"first","11":"instock","12":"shipping-taxable","13":"product-type-grouped"},"_links":{"self":[{"href":"https:\/\/baldumarket.lt\/lt\/wp-json\/wp\/v2\/product\/237255","targetHints":{"allow":["GET"]}}],"collection":[{"href":"https:\/\/baldumarket.lt\/lt\/wp-json\/wp\/v2\/product"}],"about":[{"href":"https:\/\/baldumarket.lt\/lt\/wp-json\/wp\/v2\/types\/product"}],"replies":[{"embeddable":true,"href":"https:\/\/baldumarket.lt\/lt\/wp-json\/wp\/v2\/comments?post=237255"}],"wp:featuredmedia":[{"embeddable":true,"href":"https:\/\/baldumarket.lt\/lt\/wp-json\/wp\/v2\/media\/237305"}],"wp:attachment":[{"href":"https:\/\/baldumarket.lt\/lt\/wp-json\/wp\/v2\/media?parent=237255"}],"wp:term":[{"taxonomy":"product_brand","embeddable":true,"href":"https:\/\/baldumarket.lt\/lt\/wp-json\/wp\/v2\/product_brand?post=237255"},{"taxonomy":"product_cat","embeddable":true,"href":"https:\/\/baldumarket.lt\/lt\/wp-json\/wp\/v2\/product_cat?post=237255"},{"taxonomy":"product_tag","embeddable":true,"href":"https:\/\/baldumarket.lt\/lt\/wp-json\/wp\/v2\/product_tag?post=237255"}],"curies":[{"name":"wp","href":"https:\/\/api.w.org\/{rel}","templated":true}]}}