{"id":237220,"date":"2025-12-30T16:48:12","date_gmt":"2025-12-30T13:48:12","guid":{"rendered":"https:\/\/baldumarket.lt\/?post_type=product&#038;p=237220"},"modified":"2026-02-03T23:06:16","modified_gmt":"2026-02-03T20:06:16","slug":"naroznik-rozkladany-103-chester-gr1","status":"publish","type":"product","link":"https:\/\/baldumarket.lt\/lt\/product\/naroznik-rozkladany-103-chester-gr1\/","title":{"rendered":"Kampin\u0117 sofa-lova 103 Chester Gr1"},"content":{"rendered":"<p>\u201eChester\u201c transformuojama kampin\u0117 sofa yra avangardinio stiliaus svetain\u0117s baldas, kurio formos traukia ak\u012f ir yra i\u0161skirtinai originalios d\u0117l unikalaus dizaino.<br \/>\nSpecifikacijos:<br \/>\nS\u0117dyn\u0117 turi Bonnell spyruokles ir putplas\u010dio pamink\u0161tinim\u0105<br \/>\nI\u0161lankstomas su miegojimo funkcija<br \/>\nPatalyn\u0117<br \/>\nSiuvimas<br \/>\nDL automatinis i\u0161skleidimas<br \/>\nNuotraukoje parodyta de\u0161inioji kampin\u0117 sofa<\/p>","protected":false},"excerpt":{"rendered":"<p>Ilgosios pus\u0117s plotis [cm]: 235<br \/>\nTrumposios pus\u0117s plotis [cm]: 140<br \/>\nAuk\u0161tis [cm]: 90<br \/>\n\u012ed\u0117klo tipas: Bonnell spyruokl\u0117s + T25 putplastis \u2013 vidutinio kietumo<br \/>\nPagalv\u0117l\u0117s \/ atlo\u0161o tipas: nuimamos pagalv\u0117l\u0117s<br \/>\n\u0160onin\u0117s atlo\u0161o dalys: su atlo\u0161ais<br \/>\nMiegamasis plotas [cm]: 135 \u00d7 200<br \/>\nKampin\u0117s sofos stilius: \u010cesterfildo\/dygsniuota, klasikin\u0117\/stilizuota, moderni<br \/>\nI\u0161skleidimo sistema: Automatin\u0117, kad b\u016bt\u0173 lengva i\u0161skleisti \/ DL<\/p>","protected":false},"featured_media":237281,"comment_status":"open","ping_status":"closed","template":"","meta":[],"product_brand":[],"product_cat":[9133],"product_tag":[],"class_list":{"0":"post-237220","1":"product","2":"type-product","3":"status-publish","4":"has-post-thumbnail","6":"product_cat-grouped","8":"first","9":"instock","10":"shipping-taxable","11":"purchasable","12":"product-type-variable","13":"wvs-archive-product-wrapper"},"_links":{"self":[{"href":"https:\/\/baldumarket.lt\/lt\/wp-json\/wp\/v2\/product\/237220","targetHints":{"allow":["GET"]}}],"collection":[{"href":"https:\/\/baldumarket.lt\/lt\/wp-json\/wp\/v2\/product"}],"about":[{"href":"https:\/\/baldumarket.lt\/lt\/wp-json\/wp\/v2\/types\/product"}],"replies":[{"embeddable":true,"href":"https:\/\/baldumarket.lt\/lt\/wp-json\/wp\/v2\/comments?post=237220"}],"wp:featuredmedia":[{"embeddable":true,"href":"https:\/\/baldumarket.lt\/lt\/wp-json\/wp\/v2\/media\/237281"}],"wp:attachment":[{"href":"https:\/\/baldumarket.lt\/lt\/wp-json\/wp\/v2\/media?parent=237220"}],"wp:term":[{"taxonomy":"product_brand","embeddable":true,"href":"https:\/\/baldumarket.lt\/lt\/wp-json\/wp\/v2\/product_brand?post=237220"},{"taxonomy":"product_cat","embeddable":true,"href":"https:\/\/baldumarket.lt\/lt\/wp-json\/wp\/v2\/product_cat?post=237220"},{"taxonomy":"product_tag","embeddable":true,"href":"https:\/\/baldumarket.lt\/lt\/wp-json\/wp\/v2\/product_tag?post=237220"}],"curies":[{"name":"wp","href":"https:\/\/api.w.org\/{rel}","templated":true}]}}