{"id":237219,"date":"2025-12-30T16:48:11","date_gmt":"2025-12-30T13:48:11","guid":{"rendered":"https:\/\/baldumarket.lt\/?post_type=product&#038;p=237219"},"modified":"2026-02-03T23:06:16","modified_gmt":"2026-02-03T20:06:16","slug":"naroznik-rozkladany-102-elegant","status":"publish","type":"product","link":"https:\/\/baldumarket.lt\/lt\/product\/naroznik-rozkladany-102-elegant\/","title":{"rendered":"Sulankstoma kampin\u0117 sofa 102 Elegant"},"content":{"rendered":"<p>Eleganti\u0161ka i\u0161skleid\u017eiama kampin\u0117 sofa yra avangardinio stiliaus svetain\u0117s baldas, kurio formos yra ak\u012f traukian\u010dios ir i\u0161skirtinai originalios d\u0117l unikalaus dizaino.<br \/>\nSpecifikacijos:<br \/>\nS\u0117dyn\u0117 turi \u201eBonnell\u201c spyruokles ir putplas\u010dio pamink\u0161tinim\u0105.<br \/>\nI\u0161lankstomas su miegojimo funkcija.<br \/>\nPatalyn\u0117s laikymas.<br \/>\nDygsniuotos pagalv\u0117l\u0117s.<br \/>\nDL automatinis i\u0161skleidimas.<br \/>\nNuotraukoje pavaizduota de\u0161inioji kampin\u0117 sofa.<\/p>","protected":false},"excerpt":{"rendered":"<p>Eleganti\u0161ka i\u0161skleid\u017eiama kampin\u0117 sofa \u2013 tai avangardinis svetain\u0117s baldas, kurio formos traukia ak\u012f ir yra i\u0161skirtinai originalios d\u0117l unikalaus dizaino. Specifikacijos: S\u0117dyn\u0117 turi \u201eBonnell\u201c spyruokles ir putplas\u010dio pamink\u0161tinim\u0105. I\u0161skleid\u017eiama su miegojimo funkcija. Vieta patalynei laikyti. Dygsniuotos pagalv\u0117l\u0117s. DL automatinis i\u0161skleidimas. Nuotraukoje pavaizduota de\u0161inioji kampin\u0117 sofa.<\/p>","protected":false},"featured_media":237269,"comment_status":"open","ping_status":"closed","template":"","meta":[],"product_brand":[],"product_cat":[616,1983,8761],"product_tag":[],"class_list":{"0":"post-237219","1":"product","2":"type-product","3":"status-publish","4":"has-post-thumbnail","6":"product_cat-corners","7":"product_cat-corners-l","8":"product_cat-pkmebel","10":"first","11":"instock","12":"shipping-taxable","13":"product-type-grouped"},"_links":{"self":[{"href":"https:\/\/baldumarket.lt\/lt\/wp-json\/wp\/v2\/product\/237219","targetHints":{"allow":["GET"]}}],"collection":[{"href":"https:\/\/baldumarket.lt\/lt\/wp-json\/wp\/v2\/product"}],"about":[{"href":"https:\/\/baldumarket.lt\/lt\/wp-json\/wp\/v2\/types\/product"}],"replies":[{"embeddable":true,"href":"https:\/\/baldumarket.lt\/lt\/wp-json\/wp\/v2\/comments?post=237219"}],"wp:featuredmedia":[{"embeddable":true,"href":"https:\/\/baldumarket.lt\/lt\/wp-json\/wp\/v2\/media\/237269"}],"wp:attachment":[{"href":"https:\/\/baldumarket.lt\/lt\/wp-json\/wp\/v2\/media?parent=237219"}],"wp:term":[{"taxonomy":"product_brand","embeddable":true,"href":"https:\/\/baldumarket.lt\/lt\/wp-json\/wp\/v2\/product_brand?post=237219"},{"taxonomy":"product_cat","embeddable":true,"href":"https:\/\/baldumarket.lt\/lt\/wp-json\/wp\/v2\/product_cat?post=237219"},{"taxonomy":"product_tag","embeddable":true,"href":"https:\/\/baldumarket.lt\/lt\/wp-json\/wp\/v2\/product_tag?post=237219"}],"curies":[{"name":"wp","href":"https:\/\/api.w.org\/{rel}","templated":true}]}}