{"id":237159,"date":"2025-12-30T16:45:20","date_gmt":"2025-12-30T13:45:20","guid":{"rendered":"https:\/\/baldumarket.lt\/?post_type=product&#038;p=237159"},"modified":"2026-02-03T23:06:18","modified_gmt":"2026-02-03T20:06:18","slug":"lozko-tapicerowane-standard-luiz-typ-13","status":"publish","type":"product","link":"https:\/\/baldumarket.lt\/lt\/product\/lozko-tapicerowane-standard-luiz-typ-13\/","title":{"rendered":"Standartin\u0117 mink\u0161ta lova Luiz, 13 tipas"},"content":{"rendered":"<p>\u0160i i\u0161skirtin\u0117 mink\u0161ta lova \u2013 tai baldas, kurio prabangi ir moderni i\u0161vaizda suteiks bet kuriam miegamajam unikalaus \u017eavesio, o d\u0117l joje esan\u010dios laikymo vietos pad\u0117s i\u0161laikyti kambar\u012f tvarking\u0105 ir tvarking\u0105. Parametrai:<br \/>\nMiegamosios dalies matmenys: 90, 120, 140, 160 arba 180 \u00d7 200 cm<br \/>\nLovos r\u0117mas pridedamas<br \/>\n\u012e komplekt\u0105 \u012feina nepakeliamas medinis r\u0117mas<br \/>\nEleganti\u0161kos, didel\u0117s si\u016bl\u0117s ant galv\u016bgalio suteikia lovai i\u0161skirtinai mink\u0161t\u0105 charakter\u012f<br \/>\nLova be \u010diu\u017einio \u2013 galima \u012fsigyti atskirai i\u0161 m\u016bs\u0173 \u010diu\u017eini\u0173 pasi\u016blymo<br \/>\nU\u017e papildom\u0105 mokest\u012f galite \u012fsigyti:<br \/>\nMedinis r\u0117mas (su daiktad\u0117\u017ee)<br \/>\nMetalinis r\u0117mas (su daiktad\u0117\u017ee)<br \/>\nStandartiniai 13 tipo lovos matmenys:<br \/>\nPlotis: 108\/138\/158\/178\/198 cm<br \/>\nIlgis: 225 cm<br \/>\nGalv\u016bgalio auk\u0161tis: 92 cm<br \/>\n\u0160oninis auk\u0161tis (be kojeli\u0173): 31 cm<br \/>\nKojel\u0117s auk\u0161tis: 15 cm \/ 4 cm \/ 0,5 cm (slankiojan\u010dios)<br \/>\n\u0160oninis storis: 8\u20139 cm<br \/>\nGalv\u016bgalio storis: 14 cm<br \/>\n\u010ciu\u017einys: 90\/120\/140\/160\/180 x 200 cm<br \/>\nVisi matmenys pateikti centimetrais su +\/- 5 cm paklaida.<\/p>","protected":false},"excerpt":{"rendered":"<p>\u0160i i\u0161skirtin\u0117 mink\u0161ta lova \u2013 tai baldas, kurio prabangi ir moderni i\u0161vaizda suteiks bet kuriam miegamajam unikalaus \u017eavesio, o d\u0117l joje esan\u010dios laikymo vietos pad\u0117s palaikyti tvark\u0105 ir tvarkingum\u0105 kambaryje. Parametrai: Miegamosios dalies matmenys: 90, 120, 140, 160 arba 180 \u00d7 200 cm. Lovos r\u0117mas yra komplekte. Nepakeliamas medinis r\u0117mas [\u2026]<\/p>","protected":false},"featured_media":237209,"comment_status":"open","ping_status":"closed","template":"","meta":[],"product_brand":[],"product_cat":[505,8761],"product_tag":[],"class_list":{"0":"post-237159","1":"product","2":"type-product","3":"status-publish","4":"has-post-thumbnail","6":"product_cat-bedroom-beds","7":"product_cat-pkmebel","9":"first","10":"instock","11":"shipping-taxable","12":"product-type-grouped"},"_links":{"self":[{"href":"https:\/\/baldumarket.lt\/lt\/wp-json\/wp\/v2\/product\/237159","targetHints":{"allow":["GET"]}}],"collection":[{"href":"https:\/\/baldumarket.lt\/lt\/wp-json\/wp\/v2\/product"}],"about":[{"href":"https:\/\/baldumarket.lt\/lt\/wp-json\/wp\/v2\/types\/product"}],"replies":[{"embeddable":true,"href":"https:\/\/baldumarket.lt\/lt\/wp-json\/wp\/v2\/comments?post=237159"}],"wp:featuredmedia":[{"embeddable":true,"href":"https:\/\/baldumarket.lt\/lt\/wp-json\/wp\/v2\/media\/237209"}],"wp:attachment":[{"href":"https:\/\/baldumarket.lt\/lt\/wp-json\/wp\/v2\/media?parent=237159"}],"wp:term":[{"taxonomy":"product_brand","embeddable":true,"href":"https:\/\/baldumarket.lt\/lt\/wp-json\/wp\/v2\/product_brand?post=237159"},{"taxonomy":"product_cat","embeddable":true,"href":"https:\/\/baldumarket.lt\/lt\/wp-json\/wp\/v2\/product_cat?post=237159"},{"taxonomy":"product_tag","embeddable":true,"href":"https:\/\/baldumarket.lt\/lt\/wp-json\/wp\/v2\/product_tag?post=237159"}],"curies":[{"name":"wp","href":"https:\/\/api.w.org\/{rel}","templated":true}]}}