{"id":237061,"date":"2025-12-30T16:40:52","date_gmt":"2025-12-30T13:40:52","guid":{"rendered":"https:\/\/baldumarket.lt\/?post_type=product&#038;p=237061"},"modified":"2026-02-03T23:06:22","modified_gmt":"2026-02-03T20:06:22","slug":"lozko-tapicerowane-na-nozkach-15-cm-slim-luiz-24-gr2","status":"publish","type":"product","link":"https:\/\/baldumarket.lt\/lt\/product\/lozko-tapicerowane-na-nozkach-15-cm-slim-luiz-24-gr2\/","title":{"rendered":"Mink\u0161ta lova su kojel\u0117mis, 15 cm plona Luiz 24 Gr2"},"content":{"rendered":"<p>\u0160i i\u0161skirtin\u0117 mink\u0161ta lova \u2013 tai baldas, kurio prabangi ir moderni i\u0161vaizda suteiks bet kuriam miegamajam unikalaus \u017eavesio. Parametrai:<br \/>\nMiegamosios dalies matmenys: 90, 120, 140, 160 arba 180 \u00d7 200 cm<br \/>\nLovos r\u0117mas pridedamas<br \/>\n\u012e komplekt\u0105 \u012feina nepakeliamas medinis r\u0117mas<br \/>\nEleganti\u0161kos, didel\u0117s si\u016bl\u0117s ant galv\u016bgalio suteikia lovai i\u0161skirtinai mink\u0161t\u0105 charakter\u012f<br \/>\nLova be \u010diu\u017einio \u2013 galima \u012fsigyti atskirai i\u0161 m\u016bs\u0173 \u010diu\u017eini\u0173 pasi\u016blymo<br \/>\nU\u017e papildom\u0105 mokest\u012f galite \u012fsigyti:<br \/>\nMedinis r\u0117mas (su daiktad\u0117\u017ee)<br \/>\nMetalinis r\u0117mas (su daiktad\u0117\u017ee)<br \/>\nType 24 Slim lovos matmenys:<br \/>\nPlotis: 100\/130\/150\/170\/190 cm<br \/>\nIlgis: 222 cm<br \/>\nGalv\u016bgalio auk\u0161tis: 107 cm<br \/>\n\u0160oninis auk\u0161tis (be kojeli\u0173): 31 cm<br \/>\nKojos auk\u0161tis: 15 cm<br \/>\n\u0160oninis storis: 5 cm cm<br \/>\nGalv\u016bgalio storis: 11 cm<br \/>\n\u00a0<br \/>\nVisi matmenys pateikti centimetrais su +\/- 5 cm paklaida.<br \/>\n\u00a0<\/p>","protected":false},"excerpt":{"rendered":"<p>Plotis [cm]: 100, 130, 150, 170, 190<br \/>\nAuk\u0161tis [cm]: 107 cm<br \/>\nLovos \u0161ono auk\u0161tis [cm]: 31<br \/>\nKojos auk\u0161tis [cm]: 15<br \/>\nGylis [cm]: 222<br \/>\nLED lovos ap\u0161vietimas: be ap\u0161vietimo<br \/>\nMiegamosios zonos dydis [cm]: 120 \u00d7 200, 140 \u00d7 200, 160 \u00d7 200, 180 \u00d7 200<br \/>\nLovos r\u0117mo tipas (standartinis\/plonas): plonas r\u0117mas (storis ~4 cm)<br \/>\nPatalyn\u0117s skyrius: atidaromas priekyje<\/p>","protected":false},"featured_media":237113,"comment_status":"open","ping_status":"closed","template":"","meta":[],"product_brand":[],"product_cat":[9133],"product_tag":[],"class_list":{"0":"post-237061","1":"product","2":"type-product","3":"status-publish","4":"has-post-thumbnail","6":"product_cat-grouped","8":"first","9":"instock","10":"shipping-taxable","11":"purchasable","12":"product-type-variable","13":"wvs-archive-product-wrapper"},"_links":{"self":[{"href":"https:\/\/baldumarket.lt\/lt\/wp-json\/wp\/v2\/product\/237061","targetHints":{"allow":["GET"]}}],"collection":[{"href":"https:\/\/baldumarket.lt\/lt\/wp-json\/wp\/v2\/product"}],"about":[{"href":"https:\/\/baldumarket.lt\/lt\/wp-json\/wp\/v2\/types\/product"}],"replies":[{"embeddable":true,"href":"https:\/\/baldumarket.lt\/lt\/wp-json\/wp\/v2\/comments?post=237061"}],"wp:featuredmedia":[{"embeddable":true,"href":"https:\/\/baldumarket.lt\/lt\/wp-json\/wp\/v2\/media\/237113"}],"wp:attachment":[{"href":"https:\/\/baldumarket.lt\/lt\/wp-json\/wp\/v2\/media?parent=237061"}],"wp:term":[{"taxonomy":"product_brand","embeddable":true,"href":"https:\/\/baldumarket.lt\/lt\/wp-json\/wp\/v2\/product_brand?post=237061"},{"taxonomy":"product_cat","embeddable":true,"href":"https:\/\/baldumarket.lt\/lt\/wp-json\/wp\/v2\/product_cat?post=237061"},{"taxonomy":"product_tag","embeddable":true,"href":"https:\/\/baldumarket.lt\/lt\/wp-json\/wp\/v2\/product_tag?post=237061"}],"curies":[{"name":"wp","href":"https:\/\/api.w.org\/{rel}","templated":true}]}}