{"id":237051,"date":"2025-12-30T16:40:20","date_gmt":"2025-12-30T13:40:20","guid":{"rendered":"https:\/\/baldumarket.lt\/?post_type=product&#038;p=237051"},"modified":"2026-02-03T23:06:23","modified_gmt":"2026-02-03T20:06:23","slug":"lozko-tapicerowane-gino-z-wysokim-zaglowkiem","status":"publish","type":"product","link":"https:\/\/baldumarket.lt\/lt\/product\/lozko-tapicerowane-gino-z-wysokim-zaglowkiem\/","title":{"rendered":"Gino mink\u0161ta lova su auk\u0161tu gal\u016bgaliu"},"content":{"rendered":"<p>Mink\u0161ta \u201eGino\u201c lova \u2013 tai baldas, kurio prabangi ir moderni i\u0161vaizda suteiks bet kuriam miegamajam unikalaus \u017eavesio, o d\u0117l joje esan\u010dios laikymo vietos pad\u0117s palaikyti tvark\u0105 ir organizuotum\u0105 kambaryje. Parametrai:<br \/>\nMiegamosios dalies matmenys gali b\u016bti 120, 140, 160 arba 180 \u00d7 200 cm.<br \/>\nLovos r\u0117mas pridedamas<br \/>\nLovos vietoje yra pakeliamas medinis r\u0117mas ir daiktad\u0117\u017e\u0117<br \/>\nMetalinis r\u0117mas galimas u\u017e papildom\u0105 mokest\u012f<br \/>\nEleganti\u0161kos, didel\u0117s si\u016bl\u0117s ant galv\u016bgalio suteikia lovai i\u0161skirtinai mink\u0161t\u0105 charakter\u012f<br \/>\nLova be \u010diu\u017einio \u2013 galima \u012fsigyti atskirai i\u0161 m\u016bs\u0173 \u010diu\u017eini\u0173 pasi\u016blymo<br \/>\nLovos matmenys:<br \/>\nBendras plotis: 160\/180\/200\/220 cm<br \/>\nMiegamoji erdv\u0117: 120\/140\/160\/200 cm x 200 cm<br \/>\nIlgis: 245 cm<br \/>\nGalv\u016bgalio auk\u0161tis: 127 cm<br \/>\n\u0160oninis auk\u0161tis (be kojeli\u0173): 36 cm<br \/>\nKojel\u0117s auk\u0161tis: 1 cm (slysta)<br \/>\n\u0160onin\u0117s dalies storis: 19 cm<br \/>\nGalv\u016bgalio storis: 24 cm<br \/>\n\u00a0<br \/>\nVisi matmenys pateikti centimetrais su +\/- 5 cm paklaida.<br \/>\n\u00a0<\/p>","protected":false},"excerpt":{"rendered":"<p>\u201eGino\u201c mink\u0161ta lova \u2013 tai prabangi ir moderni i\u0161vaizda, suteikianti bet kuriam miegamajam unikalaus \u017eavesio, o d\u0117l joje esan\u010dios laikymo vietos pad\u0117s palaikyti tvark\u0105 ir organizuotum\u0105 kambaryje. Parametrai: Miegamosios dalies matmenys: 120, 140, 160 arba 180 \u00d7 200 cm. Lovos r\u0117mas \u012fskai\u010diuotas. Lovos dalis \u012fskai\u010diuota \u012f [\u2026]<\/p>","protected":false},"featured_media":237101,"comment_status":"open","ping_status":"closed","template":"","meta":[],"product_brand":[],"product_cat":[505,8761],"product_tag":[],"class_list":{"0":"post-237051","1":"product","2":"type-product","3":"status-publish","4":"has-post-thumbnail","6":"product_cat-bedroom-beds","7":"product_cat-pkmebel","9":"first","10":"instock","11":"shipping-taxable","12":"product-type-grouped"},"_links":{"self":[{"href":"https:\/\/baldumarket.lt\/lt\/wp-json\/wp\/v2\/product\/237051","targetHints":{"allow":["GET"]}}],"collection":[{"href":"https:\/\/baldumarket.lt\/lt\/wp-json\/wp\/v2\/product"}],"about":[{"href":"https:\/\/baldumarket.lt\/lt\/wp-json\/wp\/v2\/types\/product"}],"replies":[{"embeddable":true,"href":"https:\/\/baldumarket.lt\/lt\/wp-json\/wp\/v2\/comments?post=237051"}],"wp:featuredmedia":[{"embeddable":true,"href":"https:\/\/baldumarket.lt\/lt\/wp-json\/wp\/v2\/media\/237101"}],"wp:attachment":[{"href":"https:\/\/baldumarket.lt\/lt\/wp-json\/wp\/v2\/media?parent=237051"}],"wp:term":[{"taxonomy":"product_brand","embeddable":true,"href":"https:\/\/baldumarket.lt\/lt\/wp-json\/wp\/v2\/product_brand?post=237051"},{"taxonomy":"product_cat","embeddable":true,"href":"https:\/\/baldumarket.lt\/lt\/wp-json\/wp\/v2\/product_cat?post=237051"},{"taxonomy":"product_tag","embeddable":true,"href":"https:\/\/baldumarket.lt\/lt\/wp-json\/wp\/v2\/product_tag?post=237051"}],"curies":[{"name":"wp","href":"https:\/\/api.w.org\/{rel}","templated":true}]}}