{"id":237037,"date":"2025-12-30T16:39:45","date_gmt":"2025-12-30T13:39:45","guid":{"rendered":"https:\/\/baldumarket.lt\/?post_type=product&#038;p=237037"},"modified":"2026-02-03T23:06:23","modified_gmt":"2026-02-03T20:06:23","slug":"lozko-tapicerowane-gino-z-niskim-zaglowkiem-gr2","status":"publish","type":"product","link":"https:\/\/baldumarket.lt\/lt\/product\/lozko-tapicerowane-gino-z-niskim-zaglowkiem-gr2\/","title":{"rendered":"Gino mink\u0161ta lova su \u017eemu galv\u016bgaliu Gr2"},"content":{"rendered":"<p>Mink\u0161ta \u201eGino\u201c lova \u2013 tai baldas, kurio prabangi ir moderni i\u0161vaizda suteiks bet kuriam miegamajam unikalaus \u017eavesio, o d\u0117l joje esan\u010dios laikymo vietos pad\u0117s palaikyti tvark\u0105 ir organizuotum\u0105 kambaryje. Parametrai:<br \/>\nMiegamosios dalies matmenys gali b\u016bti 120, 140, 160 arba 180 \u00d7 200 cm.<br \/>\nLovos r\u0117mas pridedamas<br \/>\nLovos vietoje yra pakeliamas medinis r\u0117mas ir daiktad\u0117\u017e\u0117<br \/>\nMetalinis r\u0117mas galimas u\u017e papildom\u0105 mokest\u012f<br \/>\nEleganti\u0161kos, didel\u0117s si\u016bl\u0117s ant galv\u016bgalio suteikia lovai i\u0161skirtinai mink\u0161t\u0105 charakter\u012f<br \/>\nLova be \u010diu\u017einio \u2013 galima \u012fsigyti atskirai i\u0161 m\u016bs\u0173 \u010diu\u017eini\u0173 pasi\u016blymo<br \/>\nLovos matmenys:<br \/>\nBendras plotis: 160\/180\/200\/220 cm<br \/>\nMiegamoji erdv\u0117: 120\/140\/160\/200 cm x 200 cm<br \/>\nIlgis: 245 cm<br \/>\nGalv\u016bgalio auk\u0161tis: 87 cm<br \/>\n\u0160oninis auk\u0161tis (be kojeli\u0173): 36 cm<br \/>\nKojel\u0117s auk\u0161tis: 1 cm (slysta)<br \/>\n\u0160onin\u0117s dalies storis: 19 cm<br \/>\nGalv\u016bgalio storis: 24 cm<br \/>\n\u00a0<br \/>\nVisi matmenys pateikti centimetrais su +\/- 5 cm paklaida.<br \/>\n\u00a0<\/p>","protected":false},"excerpt":{"rendered":"<p>Plotis [cm]: 160\/180\/200\/220<br \/>\nAuk\u0161tis [cm]: 87<br \/>\nLovos \u0161ono auk\u0161tis [cm]: 36<br \/>\nGylis [cm]: 245<br \/>\nLovos koj\u0173 tipas: \u017eemos kojos<br \/>\nLED lovos ap\u0161vietimas: be ap\u0161vietimo<br \/>\nMiegamosios zonos dydis [cm]: 120 \u00d7 200, 140 \u00d7 200, 160 \u00d7 200, 180 \u00d7 200<br \/>\nLovos r\u0117mo tipas (standartinis\/plonas): standartinis r\u0117mas<br \/>\nPatalyn\u0117s skyrius: atidaromas priekyje<\/p>","protected":false},"featured_media":237089,"comment_status":"open","ping_status":"closed","template":"","meta":[],"product_brand":[],"product_cat":[9133],"product_tag":[],"class_list":{"0":"post-237037","1":"product","2":"type-product","3":"status-publish","4":"has-post-thumbnail","6":"product_cat-grouped","8":"first","9":"instock","10":"shipping-taxable","11":"purchasable","12":"product-type-variable","13":"wvs-archive-product-wrapper"},"_links":{"self":[{"href":"https:\/\/baldumarket.lt\/lt\/wp-json\/wp\/v2\/product\/237037","targetHints":{"allow":["GET"]}}],"collection":[{"href":"https:\/\/baldumarket.lt\/lt\/wp-json\/wp\/v2\/product"}],"about":[{"href":"https:\/\/baldumarket.lt\/lt\/wp-json\/wp\/v2\/types\/product"}],"replies":[{"embeddable":true,"href":"https:\/\/baldumarket.lt\/lt\/wp-json\/wp\/v2\/comments?post=237037"}],"wp:featuredmedia":[{"embeddable":true,"href":"https:\/\/baldumarket.lt\/lt\/wp-json\/wp\/v2\/media\/237089"}],"wp:attachment":[{"href":"https:\/\/baldumarket.lt\/lt\/wp-json\/wp\/v2\/media?parent=237037"}],"wp:term":[{"taxonomy":"product_brand","embeddable":true,"href":"https:\/\/baldumarket.lt\/lt\/wp-json\/wp\/v2\/product_brand?post=237037"},{"taxonomy":"product_cat","embeddable":true,"href":"https:\/\/baldumarket.lt\/lt\/wp-json\/wp\/v2\/product_cat?post=237037"},{"taxonomy":"product_tag","embeddable":true,"href":"https:\/\/baldumarket.lt\/lt\/wp-json\/wp\/v2\/product_tag?post=237037"}],"curies":[{"name":"wp","href":"https:\/\/api.w.org\/{rel}","templated":true}]}}