{"id":237027,"date":"2025-12-30T16:39:16","date_gmt":"2025-12-30T13:39:16","guid":{"rendered":"https:\/\/baldumarket.lt\/?post_type=product&#038;p=237027"},"modified":"2026-02-03T23:06:24","modified_gmt":"2026-02-03T20:06:24","slug":"lozko-tapicerowane-bez-zaglowka-luiz-26-slim","status":"publish","type":"product","link":"https:\/\/baldumarket.lt\/lt\/product\/lozko-tapicerowane-bez-zaglowka-luiz-26-slim\/","title":{"rendered":"Mink\u0161ta lova be gal\u016bgalio Luiz 26 slim"},"content":{"rendered":"<p>\u201eLuiz 26\u201c lova yra tik su r\u0117mu \u2013 puikiai tinka apmu\u0161toms panel\u0117ms. Parametrai:<br \/>\nMiegamosios dalies matmenys: 90, 120, 140, 160 arba 180 \u00d7 200 cm<br \/>\nLovos r\u0117mas pridedamas<br \/>\n\u012e komplekt\u0105 \u012feina nepakeliamas medinis r\u0117mas<br \/>\nLova be \u010diu\u017einio \u2013 galima \u012fsigyti atskirai i\u0161 m\u016bs\u0173 \u010diu\u017eini\u0173 pasi\u016blymo<br \/>\nU\u017e papildom\u0105 mokest\u012f galite \u012fsigyti:<br \/>\nMedinis r\u0117mas (su daiktad\u0117\u017ee)<br \/>\nMetalinis r\u0117mas (su daiktad\u0117\u017ee)<br \/>\n26 tipo plonos lovos matmenys:<br \/>\nPlotis: 100\/130\/150\/170\/190 cm<br \/>\nIlgis: 210 cm<br \/>\n\u0160oninis auk\u0161tis (be kojeli\u0173): 31 cm<br \/>\nKojel\u0117s auk\u0161tis: 15 cm \/ 4 cm \/ 0,5 cm (slystan\u010dios kojel\u0117s)<br \/>\n\u0160oninis storis: 5 cm<br \/>\nVisi matmenys pateikti centimetrais su +\/- 5 cm paklaida.<\/p>","protected":false},"excerpt":{"rendered":"<p>\u201eLuiz 26\u201c lova yra tik su r\u0117mu \u2013 puikiai tinkanti mink\u0161toms lovoms. Parametrai: Miegamosios dalies dyd\u017eiai: 90, 120, 140, 160 arba 180 \u00d7 200 cm. Lovos r\u0117mas yra komplekte. Komplekte yra nepakeliamas medinis r\u0117mas. Lova be \u010diu\u017einio \u2013 galima \u012fsigyti atskirai i\u0161 m\u016bs\u0173 \u010diu\u017eini\u0173 pasi\u016blymo. U\u017e papildom\u0105 mokest\u012f galite \u012fsigyti: Medin\u012f r\u0117m\u0105 [\u2026]<\/p>","protected":false},"featured_media":237077,"comment_status":"open","ping_status":"closed","template":"","meta":[],"product_brand":[],"product_cat":[505,8761],"product_tag":[],"class_list":{"0":"post-237027","1":"product","2":"type-product","3":"status-publish","4":"has-post-thumbnail","6":"product_cat-bedroom-beds","7":"product_cat-pkmebel","9":"first","10":"instock","11":"shipping-taxable","12":"product-type-grouped"},"_links":{"self":[{"href":"https:\/\/baldumarket.lt\/lt\/wp-json\/wp\/v2\/product\/237027","targetHints":{"allow":["GET"]}}],"collection":[{"href":"https:\/\/baldumarket.lt\/lt\/wp-json\/wp\/v2\/product"}],"about":[{"href":"https:\/\/baldumarket.lt\/lt\/wp-json\/wp\/v2\/types\/product"}],"replies":[{"embeddable":true,"href":"https:\/\/baldumarket.lt\/lt\/wp-json\/wp\/v2\/comments?post=237027"}],"wp:featuredmedia":[{"embeddable":true,"href":"https:\/\/baldumarket.lt\/lt\/wp-json\/wp\/v2\/media\/237077"}],"wp:attachment":[{"href":"https:\/\/baldumarket.lt\/lt\/wp-json\/wp\/v2\/media?parent=237027"}],"wp:term":[{"taxonomy":"product_brand","embeddable":true,"href":"https:\/\/baldumarket.lt\/lt\/wp-json\/wp\/v2\/product_brand?post=237027"},{"taxonomy":"product_cat","embeddable":true,"href":"https:\/\/baldumarket.lt\/lt\/wp-json\/wp\/v2\/product_cat?post=237027"},{"taxonomy":"product_tag","embeddable":true,"href":"https:\/\/baldumarket.lt\/lt\/wp-json\/wp\/v2\/product_tag?post=237027"}],"curies":[{"name":"wp","href":"https:\/\/api.w.org\/{rel}","templated":true}]}}