{"id":236992,"date":"2025-12-30T16:37:45","date_gmt":"2025-12-30T13:37:45","guid":{"rendered":"https:\/\/baldumarket.lt\/?post_type=product&#038;p=236992"},"modified":"2026-02-03T23:06:25","modified_gmt":"2026-02-03T20:06:25","slug":"lozko-tapicerowane-bez-zaglowka-luiz-16-slim-gr1","status":"publish","type":"product","link":"https:\/\/baldumarket.lt\/lt\/product\/lozko-tapicerowane-bez-zaglowka-luiz-16-slim-gr1\/","title":{"rendered":"Mink\u0161ta lova be gal\u016bgalio Luiz 16 slim Gr1"},"content":{"rendered":"<p>\u201eLuiz 16\u201c lova yra tik su r\u0117mu \u2013 puikiai tinkanti apmu\u0161toms panel\u0117ms.<br \/>\nParametrai:<br \/>\nMiegamosios dalies matmenys: 90, 120, 140, 160 arba 180 \u00d7 200 cm<br \/>\nLovos r\u0117mas pridedamas<br \/>\n\u012e komplekt\u0105 \u012feina nepakeliamas medinis r\u0117mas<br \/>\nLova be \u010diu\u017einio \u2013 galima \u012fsigyti atskirai i\u0161 m\u016bs\u0173 \u010diu\u017eini\u0173 pasi\u016blymo<br \/>\nU\u017e papildom\u0105 mokest\u012f galite \u012fsigyti:<br \/>\nMedinis r\u0117mas (su daiktad\u0117\u017ee)<br \/>\nMetalinis r\u0117mas (su daiktad\u0117\u017ee)<br \/>\n16 tipo plonos lovos matmenys:<br \/>\nPlotis: 100\/130\/150\/170\/190 cm<br \/>\nIlgis: 210 cm<br \/>\n\u0160oninis auk\u0161tis (be kojeli\u0173): 31 cm<br \/>\nKojel\u0117s auk\u0161tis: 15 cm \/ 4 cm \/ 0,5 cm (slankiojan\u010dios)<br \/>\n\u0160oninio storio: 5 cm \/ \u010diu\u017einio \u012fduba r\u0117me ma\u017edaug 9 cm<br \/>\nVisi matmenys pateikti centimetrais su +\/- 5 cm paklaida<br \/>\n\u00a0<\/p>","protected":false},"excerpt":{"rendered":"<p>Plotis [cm]: 100\/130\/150\/170\/190<br \/>\nAuk\u0161tis [cm]: 31 be kojeli\u0173<br \/>\nGylis [cm]: 210<br \/>\nGalv\u016bgalio tipas: be galv\u016bgalio<br \/>\nLovos pagrindas: pasirenkamos kojel\u0117s (\u017eemos arba auk\u0161tos)<br \/>\nLED lovos ap\u0161vietimas: be ap\u0161vietimo<br \/>\nMiegamosios zonos dydis [cm]: 90\u00d7200: 120\u00d7200: 140\u00d7200: 160\u00d7200: 180\u00d7200<br \/>\nLovos r\u0117mo tipas (standartinis\/plonas): plonas r\u0117mas (storis ~4 cm)<br \/>\nPatalyn\u0117: atidaroma priekyje<\/p>","protected":false},"featured_media":237053,"comment_status":"open","ping_status":"closed","template":"","meta":[],"product_brand":[],"product_cat":[9133],"product_tag":[],"class_list":{"0":"post-236992","1":"product","2":"type-product","3":"status-publish","4":"has-post-thumbnail","6":"product_cat-grouped","8":"first","9":"instock","10":"shipping-taxable","11":"purchasable","12":"product-type-variable","13":"wvs-archive-product-wrapper"},"_links":{"self":[{"href":"https:\/\/baldumarket.lt\/lt\/wp-json\/wp\/v2\/product\/236992","targetHints":{"allow":["GET"]}}],"collection":[{"href":"https:\/\/baldumarket.lt\/lt\/wp-json\/wp\/v2\/product"}],"about":[{"href":"https:\/\/baldumarket.lt\/lt\/wp-json\/wp\/v2\/types\/product"}],"replies":[{"embeddable":true,"href":"https:\/\/baldumarket.lt\/lt\/wp-json\/wp\/v2\/comments?post=236992"}],"wp:featuredmedia":[{"embeddable":true,"href":"https:\/\/baldumarket.lt\/lt\/wp-json\/wp\/v2\/media\/237053"}],"wp:attachment":[{"href":"https:\/\/baldumarket.lt\/lt\/wp-json\/wp\/v2\/media?parent=236992"}],"wp:term":[{"taxonomy":"product_brand","embeddable":true,"href":"https:\/\/baldumarket.lt\/lt\/wp-json\/wp\/v2\/product_brand?post=236992"},{"taxonomy":"product_cat","embeddable":true,"href":"https:\/\/baldumarket.lt\/lt\/wp-json\/wp\/v2\/product_cat?post=236992"},{"taxonomy":"product_tag","embeddable":true,"href":"https:\/\/baldumarket.lt\/lt\/wp-json\/wp\/v2\/product_tag?post=236992"}],"curies":[{"name":"wp","href":"https:\/\/api.w.org\/{rel}","templated":true}]}}