{"id":236955,"date":"2025-12-30T16:36:04","date_gmt":"2025-12-30T13:36:04","guid":{"rendered":"https:\/\/baldumarket.lt\/?post_type=product&#038;p=236955"},"modified":"2026-02-03T23:06:26","modified_gmt":"2026-02-03T20:06:26","slug":"kanapa-sofa-3-os-amerykanka-girona-4","status":"publish","type":"product","link":"https:\/\/baldumarket.lt\/lt\/product\/kanapa-sofa-3-os-amerykanka-girona-4\/","title":{"rendered":"Amerikieti\u0161ka triviet\u0117 sofa Girona 4"},"content":{"rendered":"<p>\u0160i sofa su \u0161onin\u0117mis panel\u0117mis puikiai tinka jauniems \u017emon\u0117ms.<br \/>\nSavyb\u0117s:<br \/>\nMiego funkcija<br \/>\nPatalyn\u0117<br \/>\nKabardo spyruokl\u0117s<br \/>\nMa\u017ea pagalv\u0117l\u0117, atitinkanti sofos spalv\u0105<br \/>\nSi\u016bl\u0117s ant atlo\u0161o<\/p>","protected":false},"excerpt":{"rendered":"<p>\u0160i sofa su \u0161onin\u0117mis panel\u0117mis puikiai tinka jauniems \u017emon\u0117ms. Savyb\u0117s: Miegojimo funkcija Patalyn\u0117s skyrius Kabardo spyruokl\u0117s Ma\u017ea pagalv\u0117l\u0117, deranti prie sofos spalvos Si\u016bl\u0117s ant atlo\u0161o<\/p>","protected":false},"featured_media":237005,"comment_status":"open","ping_status":"closed","template":"","meta":[],"product_brand":[],"product_cat":[8761,560],"product_tag":[],"class_list":{"0":"post-236955","1":"product","2":"type-product","3":"status-publish","4":"has-post-thumbnail","6":"product_cat-pkmebel","7":"product_cat-sofas-and-couches","9":"first","10":"instock","11":"shipping-taxable","12":"product-type-grouped"},"_links":{"self":[{"href":"https:\/\/baldumarket.lt\/lt\/wp-json\/wp\/v2\/product\/236955","targetHints":{"allow":["GET"]}}],"collection":[{"href":"https:\/\/baldumarket.lt\/lt\/wp-json\/wp\/v2\/product"}],"about":[{"href":"https:\/\/baldumarket.lt\/lt\/wp-json\/wp\/v2\/types\/product"}],"replies":[{"embeddable":true,"href":"https:\/\/baldumarket.lt\/lt\/wp-json\/wp\/v2\/comments?post=236955"}],"wp:featuredmedia":[{"embeddable":true,"href":"https:\/\/baldumarket.lt\/lt\/wp-json\/wp\/v2\/media\/237005"}],"wp:attachment":[{"href":"https:\/\/baldumarket.lt\/lt\/wp-json\/wp\/v2\/media?parent=236955"}],"wp:term":[{"taxonomy":"product_brand","embeddable":true,"href":"https:\/\/baldumarket.lt\/lt\/wp-json\/wp\/v2\/product_brand?post=236955"},{"taxonomy":"product_cat","embeddable":true,"href":"https:\/\/baldumarket.lt\/lt\/wp-json\/wp\/v2\/product_cat?post=236955"},{"taxonomy":"product_tag","embeddable":true,"href":"https:\/\/baldumarket.lt\/lt\/wp-json\/wp\/v2\/product_tag?post=236955"}],"curies":[{"name":"wp","href":"https:\/\/api.w.org\/{rel}","templated":true}]}}