{"id":236943,"date":"2025-12-30T16:35:31","date_gmt":"2025-12-30T13:35:31","guid":{"rendered":"https:\/\/baldumarket.lt\/?post_type=product&#038;p=236943"},"modified":"2026-02-03T23:06:27","modified_gmt":"2026-02-03T20:06:27","slug":"kanapa-sofa-3-os-amerykanka-feroni-4","status":"publish","type":"product","link":"https:\/\/baldumarket.lt\/lt\/product\/kanapa-sofa-3-os-amerykanka-feroni-4\/","title":{"rendered":"Triviet\u0117 sofa amerikieti\u0161ko stiliaus \u201eFeroni 4\u201c"},"content":{"rendered":"<p>\u0160i sofa su \u0161onin\u0117mis panel\u0117mis puikiai tinka jauniems \u017emon\u0117ms.<br \/>\nSavyb\u0117s:<br \/>\nMiego funkcija<br \/>\nPatalyn\u0117 saugykla<br \/>\nKabinos spyruokl\u0117s<br \/>\nMa\u017ea pagalv\u0117l\u0117, deranti prie sofos<br \/>\nLygus atlo\u0161as ir s\u0117dyn\u0117<\/p>","protected":false},"excerpt":{"rendered":"<p>\u0160i sofa su \u0161onin\u0117mis panel\u0117mis puikiai tinka jauniems \u017emon\u0117ms. Savyb\u0117s: Miegojimo funkcija Patalyn\u0117s laikymo vieta Spyruokl\u0117s sofoje Ma\u017ea pagalv\u0117l\u0117, deranti prie sofos Lygus atlo\u0161as ir s\u0117dyn\u0117<\/p>","protected":false},"featured_media":236993,"comment_status":"open","ping_status":"closed","template":"","meta":[],"product_brand":[],"product_cat":[8761,560],"product_tag":[],"class_list":{"0":"post-236943","1":"product","2":"type-product","3":"status-publish","4":"has-post-thumbnail","6":"product_cat-pkmebel","7":"product_cat-sofas-and-couches","9":"first","10":"instock","11":"shipping-taxable","12":"product-type-grouped"},"_links":{"self":[{"href":"https:\/\/baldumarket.lt\/lt\/wp-json\/wp\/v2\/product\/236943","targetHints":{"allow":["GET"]}}],"collection":[{"href":"https:\/\/baldumarket.lt\/lt\/wp-json\/wp\/v2\/product"}],"about":[{"href":"https:\/\/baldumarket.lt\/lt\/wp-json\/wp\/v2\/types\/product"}],"replies":[{"embeddable":true,"href":"https:\/\/baldumarket.lt\/lt\/wp-json\/wp\/v2\/comments?post=236943"}],"wp:featuredmedia":[{"embeddable":true,"href":"https:\/\/baldumarket.lt\/lt\/wp-json\/wp\/v2\/media\/236993"}],"wp:attachment":[{"href":"https:\/\/baldumarket.lt\/lt\/wp-json\/wp\/v2\/media?parent=236943"}],"wp:term":[{"taxonomy":"product_brand","embeddable":true,"href":"https:\/\/baldumarket.lt\/lt\/wp-json\/wp\/v2\/product_brand?post=236943"},{"taxonomy":"product_cat","embeddable":true,"href":"https:\/\/baldumarket.lt\/lt\/wp-json\/wp\/v2\/product_cat?post=236943"},{"taxonomy":"product_tag","embeddable":true,"href":"https:\/\/baldumarket.lt\/lt\/wp-json\/wp\/v2\/product_tag?post=236943"}],"curies":[{"name":"wp","href":"https:\/\/api.w.org\/{rel}","templated":true}]}}