{"id":236917,"date":"2025-12-30T16:34:20","date_gmt":"2025-12-30T13:34:20","guid":{"rendered":"https:\/\/baldumarket.lt\/?post_type=product&#038;p=236917"},"modified":"2026-02-03T23:06:28","modified_gmt":"2026-02-03T20:06:28","slug":"fotel-uszak-typ-196-bujany-gr2","status":"publish","type":"product","link":"https:\/\/baldumarket.lt\/lt\/product\/fotel-uszak-typ-196-bujany-gr2\/","title":{"rendered":"Supamoji k\u0117d\u0117 su atlo\u0161u, 196 tipo, Gr2"},"content":{"rendered":"<p>Klasikinis \u201eUshaka\u201c fotelis yra patogus mink\u0161tas baldas, kuris pastaruoju metu tapo esminiu bet kurio modernaus interjero dizaino elementu.<br \/>\nTurint galimyb\u0119 u\u017esisakyti ry\u0161ki\u0173 spalv\u0173 ir ra\u0161t\u0173, jis taps pastebimu ir \u012fdomiu akcentu bet kuriame kambaryje.<br \/>\nKod\u0117l verta pirkti \u201eUshaka\u201c fotel\u012f:<br \/>\nTai mados ir elegancijos simbolis.<br \/>\nTai leid\u017eia patogiai atsipalaiduoti su m\u0117gstama knyga ar \u017ei\u016brint televizori\u0173.<br \/>\n100% lenki\u0161kas produktas.<br \/>\nTai tobulas guolis j\u016bs\u0173 katei ar \u0161uniui.<br \/>\nTai puiki dovanos id\u0117ja.<br \/>\nFotelio ypatyb\u0117s:<br \/>\nBanguotos spyruokl\u0117s.<br \/>\nKojel\u0117s su b\u0117geliais \u2013 nat\u016bralios, baltos arba venge spalvos.<\/p>","protected":false},"excerpt":{"rendered":"<p>Plotis [cm]: 85<br \/>\nS\u0117dyn\u0117s plotis [cm]: 49<br \/>\nAuk\u0161tis [cm]: 103<br \/>\nGylis [cm]: 90<\/p>","protected":false},"featured_media":236969,"comment_status":"open","ping_status":"closed","template":"","meta":[],"product_brand":[],"product_cat":[9133],"product_tag":[],"class_list":{"0":"post-236917","1":"product","2":"type-product","3":"status-publish","4":"has-post-thumbnail","6":"product_cat-grouped","8":"first","9":"instock","10":"shipping-taxable","11":"purchasable","12":"product-type-variable","13":"wvs-archive-product-wrapper"},"_links":{"self":[{"href":"https:\/\/baldumarket.lt\/lt\/wp-json\/wp\/v2\/product\/236917","targetHints":{"allow":["GET"]}}],"collection":[{"href":"https:\/\/baldumarket.lt\/lt\/wp-json\/wp\/v2\/product"}],"about":[{"href":"https:\/\/baldumarket.lt\/lt\/wp-json\/wp\/v2\/types\/product"}],"replies":[{"embeddable":true,"href":"https:\/\/baldumarket.lt\/lt\/wp-json\/wp\/v2\/comments?post=236917"}],"wp:featuredmedia":[{"embeddable":true,"href":"https:\/\/baldumarket.lt\/lt\/wp-json\/wp\/v2\/media\/236969"}],"wp:attachment":[{"href":"https:\/\/baldumarket.lt\/lt\/wp-json\/wp\/v2\/media?parent=236917"}],"wp:term":[{"taxonomy":"product_brand","embeddable":true,"href":"https:\/\/baldumarket.lt\/lt\/wp-json\/wp\/v2\/product_brand?post=236917"},{"taxonomy":"product_cat","embeddable":true,"href":"https:\/\/baldumarket.lt\/lt\/wp-json\/wp\/v2\/product_cat?post=236917"},{"taxonomy":"product_tag","embeddable":true,"href":"https:\/\/baldumarket.lt\/lt\/wp-json\/wp\/v2\/product_tag?post=236917"}],"curies":[{"name":"wp","href":"https:\/\/api.w.org\/{rel}","templated":true}]}}