{"id":236876,"date":"2025-12-30T16:32:23","date_gmt":"2025-12-30T13:32:23","guid":{"rendered":"https:\/\/baldumarket.lt\/?post_type=product&#038;p=236876"},"modified":"2026-02-03T23:06:29","modified_gmt":"2026-02-03T20:06:29","slug":"fotel-uszak-190-pedro","status":"publish","type":"product","link":"https:\/\/baldumarket.lt\/lt\/product\/fotel-uszak-190-pedro\/","title":{"rendered":"Atlo\u0161iama k\u0117d\u0117 190 Pedro"},"content":{"rendered":"<p>Klasikinis \u201eUshaka\u201c fotelis yra patogus mink\u0161tas baldas, kuris pastaruoju metu tapo esminiu bet kurio modernaus interjero dizaino elementu.<br \/>\nKod\u0117l verta pirkti \u201eUshaka\u201c fotel\u012f:<br \/>\nTai mados ir elegancijos simbolis.<br \/>\nTai leid\u017eia patogiai atsipalaiduoti su m\u0117gstama knyga ar \u017ei\u016brint televizori\u0173.<br \/>\n100% lenki\u0161kas produktas.<br \/>\nTai tobulas guolis j\u016bs\u0173 katei ar \u0161uniui.<br \/>\nTai puiki dovanos id\u0117ja.<br \/>\nFotelio ypatyb\u0117s:<br \/>\nBanguotos spyruokl\u0117s.<br \/>\nKojel\u0117s \u2013 nat\u016bralios, baltos arba venge spalvos.<\/p>","protected":false},"excerpt":{"rendered":"<p>Klasikinis \u201eUshaka\u201c fotelis yra patogus mink\u0161tas baldas, pastaruoju metu tap\u0119s b\u016btinu bet kurio modernaus interjero dizaino elementu. Kod\u0117l verta pirkti \u201eUshaka\u201c fotel\u012f: tai mados ir elegancijos simbolis. Jis leid\u017eia patogiai atsipalaiduoti su m\u0117gstama knyga ar \u017ei\u016brint televizori\u0173. 100% lenki\u0161kas produktas. Tai puikus [\u2026]<\/p>","protected":false},"featured_media":236933,"comment_status":"open","ping_status":"closed","template":"","meta":[],"product_brand":[],"product_cat":[634,8761],"product_tag":[],"class_list":{"0":"post-236876","1":"product","2":"type-product","3":"status-publish","4":"has-post-thumbnail","6":"product_cat-armchairs","7":"product_cat-pkmebel","9":"first","10":"instock","11":"shipping-taxable","12":"product-type-grouped"},"_links":{"self":[{"href":"https:\/\/baldumarket.lt\/lt\/wp-json\/wp\/v2\/product\/236876","targetHints":{"allow":["GET"]}}],"collection":[{"href":"https:\/\/baldumarket.lt\/lt\/wp-json\/wp\/v2\/product"}],"about":[{"href":"https:\/\/baldumarket.lt\/lt\/wp-json\/wp\/v2\/types\/product"}],"replies":[{"embeddable":true,"href":"https:\/\/baldumarket.lt\/lt\/wp-json\/wp\/v2\/comments?post=236876"}],"wp:featuredmedia":[{"embeddable":true,"href":"https:\/\/baldumarket.lt\/lt\/wp-json\/wp\/v2\/media\/236933"}],"wp:attachment":[{"href":"https:\/\/baldumarket.lt\/lt\/wp-json\/wp\/v2\/media?parent=236876"}],"wp:term":[{"taxonomy":"product_brand","embeddable":true,"href":"https:\/\/baldumarket.lt\/lt\/wp-json\/wp\/v2\/product_brand?post=236876"},{"taxonomy":"product_cat","embeddable":true,"href":"https:\/\/baldumarket.lt\/lt\/wp-json\/wp\/v2\/product_cat?post=236876"},{"taxonomy":"product_tag","embeddable":true,"href":"https:\/\/baldumarket.lt\/lt\/wp-json\/wp\/v2\/product_tag?post=236876"}],"curies":[{"name":"wp","href":"https:\/\/api.w.org\/{rel}","templated":true}]}}