{"id":236861,"date":"2025-12-30T16:32:03","date_gmt":"2025-12-30T13:32:03","guid":{"rendered":"https:\/\/baldumarket.lt\/?post_type=product&#038;p=236861"},"modified":"2026-02-03T23:06:30","modified_gmt":"2026-02-03T20:06:30","slug":"fotel-skandynawski-197-scandi-gladki","status":"publish","type":"product","link":"https:\/\/baldumarket.lt\/lt\/product\/fotel-skandynawski-197-scandi-gladki\/","title":{"rendered":"Skandinavi\u0161kas fotelis 197 Scandi Smooth"},"content":{"rendered":"<p>\u201eScandi\u201c fotelis yra avangardinio stiliaus svetain\u0117s baldas, kurio formos traukia ak\u012f ir yra i\u0161skirtinai originalios d\u0117l unikalaus dizaino.<br \/>\nSpecifikacijos:<br \/>\nPagaminta i\u0161 auk\u0161tos kokyb\u0117s med\u017eiag\u0173<br \/>\nLabai elastingas putplastis<br \/>\nLaisvai stovintis<br \/>\nZigzago spyruokl\u0117<br \/>\nGalimos koj\u0173 spalvos: balta, juoda ir nat\u016brali.<br \/>\nPrie komplekto galima \u012fsigyti dviviet\u0119 ir triviet\u0119 sof\u0105 \u2013 paie\u0161kos juostoje \u012fveskite \u201cScandi Smooth\u201d.<br \/>\nAuk\u0161\u010diau pamin\u0117ti baldai galimi tik i\u0161 \u0161i\u0173 audini\u0173:<br \/>\nKarali\u0161kasis (Milinkiewicz)<br \/>\nVelutto (SIC)<br \/>\nRivjera (Deivisas)<\/p>","protected":false},"excerpt":{"rendered":"<p>The Scandi armchair is an avant-garde piece of living room furniture, whose shapes are eye-catching and exceptionally original thanks to its unique design. Specifications: Made of high-quality materials Highly elastic foam Freestanding Zigzag spring Available leg colors: white, black, and natural. A 2- and 3-seater sofa can be purchased as an addition to the set [&hellip;]<\/p>","protected":false},"featured_media":236899,"comment_status":"open","ping_status":"closed","template":"","meta":[],"product_brand":[],"product_cat":[634,8761],"product_tag":[],"class_list":{"0":"post-236861","1":"product","2":"type-product","3":"status-publish","4":"has-post-thumbnail","6":"product_cat-armchairs","7":"product_cat-pkmebel","9":"first","10":"instock","11":"shipping-taxable","12":"product-type-grouped"},"_links":{"self":[{"href":"https:\/\/baldumarket.lt\/lt\/wp-json\/wp\/v2\/product\/236861","targetHints":{"allow":["GET"]}}],"collection":[{"href":"https:\/\/baldumarket.lt\/lt\/wp-json\/wp\/v2\/product"}],"about":[{"href":"https:\/\/baldumarket.lt\/lt\/wp-json\/wp\/v2\/types\/product"}],"replies":[{"embeddable":true,"href":"https:\/\/baldumarket.lt\/lt\/wp-json\/wp\/v2\/comments?post=236861"}],"wp:featuredmedia":[{"embeddable":true,"href":"https:\/\/baldumarket.lt\/lt\/wp-json\/wp\/v2\/media\/236899"}],"wp:attachment":[{"href":"https:\/\/baldumarket.lt\/lt\/wp-json\/wp\/v2\/media?parent=236861"}],"wp:term":[{"taxonomy":"product_brand","embeddable":true,"href":"https:\/\/baldumarket.lt\/lt\/wp-json\/wp\/v2\/product_brand?post=236861"},{"taxonomy":"product_cat","embeddable":true,"href":"https:\/\/baldumarket.lt\/lt\/wp-json\/wp\/v2\/product_cat?post=236861"},{"taxonomy":"product_tag","embeddable":true,"href":"https:\/\/baldumarket.lt\/lt\/wp-json\/wp\/v2\/product_tag?post=236861"}],"curies":[{"name":"wp","href":"https:\/\/api.w.org\/{rel}","templated":true}]}}