{"id":236847,"date":"2025-12-30T16:31:42","date_gmt":"2025-12-30T13:31:42","guid":{"rendered":"https:\/\/baldumarket.lt\/?post_type=product&#038;p=236847"},"modified":"2026-02-03T23:06:31","modified_gmt":"2026-02-03T20:06:31","slug":"fotel-skandynawski-191-scandi-caro-gr1","status":"publish","type":"product","link":"https:\/\/baldumarket.lt\/lt\/product\/fotel-skandynawski-191-scandi-caro-gr1\/","title":{"rendered":"Skandinavi\u0161kas fotelis 191 Scandi Caro Gr1"},"content":{"rendered":"<p>\u201eScandi\u201c fotelis yra avangardinio stiliaus svetain\u0117s baldas, kurio formos traukia ak\u012f ir yra i\u0161skirtinai originalios d\u0117l unikalaus dizaino.<br \/>\nSpecifikacijos:<br \/>\nPagaminta i\u0161 auk\u0161tos kokyb\u0117s med\u017eiag\u0173<br \/>\nLabai elastingas putplastis<br \/>\nLaisvai stovintis<br \/>\nZigzago spyruokl\u0117<br \/>\nGalimos koj\u0173 spalvos: balta, juoda ir nat\u016brali.<br \/>\nPrie komplekto galima \u012fsigyti dviviet\u0119 ir triviet\u0119 sof\u0105 \u2013 paie\u0161kos juostoje \u012fveskite \u201cScandi Caro\u201d.<br \/>\nAuk\u0161\u010diau pamin\u0117ti baldai galimi tik i\u0161 \u0161i\u0173 audini\u0173:<br \/>\nKarali\u0161kasis (Milinkiewicz)<br \/>\nVelutto (SIC)<br \/>\nRivjera (Deivisas)<\/p>","protected":false},"excerpt":{"rendered":"<p>Plotis [cm]: 82<br \/>\nS\u0117dyn\u0117s plotis [cm]: 45<br \/>\nAuk\u0161tis [cm]: 75<br \/>\nS\u0117dyn\u0117s auk\u0161tis [cm]: 42<br \/>\nGylis [cm]: 72<br \/>\nS\u0117dyn\u0117s gylis [cm]: 50<\/p>","protected":false},"featured_media":236877,"comment_status":"open","ping_status":"closed","template":"","meta":[],"product_brand":[],"product_cat":[9133],"product_tag":[],"class_list":{"0":"post-236847","1":"product","2":"type-product","3":"status-publish","4":"has-post-thumbnail","6":"product_cat-grouped","8":"first","9":"instock","10":"shipping-taxable","11":"purchasable","12":"product-type-variable","13":"wvs-archive-product-wrapper"},"_links":{"self":[{"href":"https:\/\/baldumarket.lt\/lt\/wp-json\/wp\/v2\/product\/236847","targetHints":{"allow":["GET"]}}],"collection":[{"href":"https:\/\/baldumarket.lt\/lt\/wp-json\/wp\/v2\/product"}],"about":[{"href":"https:\/\/baldumarket.lt\/lt\/wp-json\/wp\/v2\/types\/product"}],"replies":[{"embeddable":true,"href":"https:\/\/baldumarket.lt\/lt\/wp-json\/wp\/v2\/comments?post=236847"}],"wp:featuredmedia":[{"embeddable":true,"href":"https:\/\/baldumarket.lt\/lt\/wp-json\/wp\/v2\/media\/236877"}],"wp:attachment":[{"href":"https:\/\/baldumarket.lt\/lt\/wp-json\/wp\/v2\/media?parent=236847"}],"wp:term":[{"taxonomy":"product_brand","embeddable":true,"href":"https:\/\/baldumarket.lt\/lt\/wp-json\/wp\/v2\/product_brand?post=236847"},{"taxonomy":"product_cat","embeddable":true,"href":"https:\/\/baldumarket.lt\/lt\/wp-json\/wp\/v2\/product_cat?post=236847"},{"taxonomy":"product_tag","embeddable":true,"href":"https:\/\/baldumarket.lt\/lt\/wp-json\/wp\/v2\/product_tag?post=236847"}],"curies":[{"name":"wp","href":"https:\/\/api.w.org\/{rel}","templated":true}]}}