{"id":236814,"date":"2025-12-30T15:47:28","date_gmt":"2025-12-30T12:47:28","guid":{"rendered":"https:\/\/baldumarket.lt\/product\/szafka-wiszaca-rtv-bianko-280-cm-kaszmir\/"},"modified":"2026-02-11T18:34:40","modified_gmt":"2026-02-11T15:34:40","slug":"szafka-wiszaca-rtv-bianko-280-cm-kaszmir","status":"publish","type":"product","link":"https:\/\/baldumarket.lt\/lt\/product\/szafka-wiszaca-rtv-bianko-280-cm-kaszmir\/","title":{"rendered":"Bianko pakabinama televizoriaus spintel\u0117 280 cm ka\u0161myro spalvos"},"content":{"rendered":"<p>\u201eBianko\u201c 280 cm sienin\u0117 televizoriaus spintel\u0117 susideda i\u0161 keturi\u0173 segment\u0173 su lentynomis u\u017e fasad\u0173.<br \/>\nStandarti\u0161kai tiekiame su dviem atidarymo sistemomis: juodos metaline rankena ir atidarymo spustel\u0117jus sistema.<br \/>\nSpecifikacijos:<br \/>\nlaminuota plok\u0161t\u0117<br \/>\nlentos storis: 16 mm<br \/>\nspalva: ka\u0161myras<\/p>","protected":false},"excerpt":{"rendered":"<p>Plotis [cm]: 280<br \/>\nAuk\u0161tis [cm]: 40<br \/>\nGylis [cm]: 40<\/p>","protected":false},"featured_media":236815,"comment_status":"open","ping_status":"open","template":"","meta":[],"product_brand":[],"product_cat":[8761,1175],"product_tag":[],"class_list":{"0":"post-236814","1":"product","2":"type-product","3":"status-publish","4":"has-post-thumbnail","6":"product_cat-pkmebel","7":"product_cat-tv-stands","9":"first","10":"instock","11":"purchasable","12":"product-type-simple"},"_links":{"self":[{"href":"https:\/\/baldumarket.lt\/lt\/wp-json\/wp\/v2\/product\/236814","targetHints":{"allow":["GET"]}}],"collection":[{"href":"https:\/\/baldumarket.lt\/lt\/wp-json\/wp\/v2\/product"}],"about":[{"href":"https:\/\/baldumarket.lt\/lt\/wp-json\/wp\/v2\/types\/product"}],"replies":[{"embeddable":true,"href":"https:\/\/baldumarket.lt\/lt\/wp-json\/wp\/v2\/comments?post=236814"}],"wp:featuredmedia":[{"embeddable":true,"href":"https:\/\/baldumarket.lt\/lt\/wp-json\/wp\/v2\/media\/236815"}],"wp:attachment":[{"href":"https:\/\/baldumarket.lt\/lt\/wp-json\/wp\/v2\/media?parent=236814"}],"wp:term":[{"taxonomy":"product_brand","embeddable":true,"href":"https:\/\/baldumarket.lt\/lt\/wp-json\/wp\/v2\/product_brand?post=236814"},{"taxonomy":"product_cat","embeddable":true,"href":"https:\/\/baldumarket.lt\/lt\/wp-json\/wp\/v2\/product_cat?post=236814"},{"taxonomy":"product_tag","embeddable":true,"href":"https:\/\/baldumarket.lt\/lt\/wp-json\/wp\/v2\/product_tag?post=236814"}],"curies":[{"name":"wp","href":"https:\/\/api.w.org\/{rel}","templated":true}]}}