{"id":236790,"date":"2025-12-30T15:46:45","date_gmt":"2025-12-30T12:46:45","guid":{"rendered":"https:\/\/baldumarket.lt\/product\/szafka-wiszaca-nadstawka-sewilla-70-cm\/"},"modified":"2026-02-11T18:34:40","modified_gmt":"2026-02-11T15:34:40","slug":"szafka-wiszaca-nadstawka-sewilla-70-cm","status":"publish","type":"product","link":"https:\/\/baldumarket.lt\/lt\/product\/szafka-wiszaca-nadstawka-sewilla-70-cm\/","title":{"rendered":"Sienin\u0117 spintel\u0117 \u201eSevilija\u201c, 70 cm"},"content":{"rendered":"<p>Sewilla sienin\u0117 spintel\u0117 70 cm<br \/>\nSpecifikacijos:<br \/>\nLaminuota plok\u0161t\u0117<br \/>\nLentos storis: 16 mm<br \/>\nAtsispaudimai<br \/>\nSpalva: Artisan \u0105\u017euolas + matin\u0117 balta<\/p>","protected":false},"excerpt":{"rendered":"<p>Plotis [cm]: 70<br \/>\nAuk\u0161tis [cm]: 40<br \/>\nGylis [cm]: 40<\/p>","protected":false},"featured_media":236791,"comment_status":"open","ping_status":"open","template":"","meta":[],"product_brand":[],"product_cat":[1174,8761],"product_tag":[],"class_list":{"0":"post-236790","1":"product","2":"type-product","3":"status-publish","4":"has-post-thumbnail","6":"product_cat-hanging-shelves","7":"product_cat-pkmebel","9":"first","10":"instock","11":"purchasable","12":"product-type-simple"},"_links":{"self":[{"href":"https:\/\/baldumarket.lt\/lt\/wp-json\/wp\/v2\/product\/236790","targetHints":{"allow":["GET"]}}],"collection":[{"href":"https:\/\/baldumarket.lt\/lt\/wp-json\/wp\/v2\/product"}],"about":[{"href":"https:\/\/baldumarket.lt\/lt\/wp-json\/wp\/v2\/types\/product"}],"replies":[{"embeddable":true,"href":"https:\/\/baldumarket.lt\/lt\/wp-json\/wp\/v2\/comments?post=236790"}],"wp:featuredmedia":[{"embeddable":true,"href":"https:\/\/baldumarket.lt\/lt\/wp-json\/wp\/v2\/media\/236791"}],"wp:attachment":[{"href":"https:\/\/baldumarket.lt\/lt\/wp-json\/wp\/v2\/media?parent=236790"}],"wp:term":[{"taxonomy":"product_brand","embeddable":true,"href":"https:\/\/baldumarket.lt\/lt\/wp-json\/wp\/v2\/product_brand?post=236790"},{"taxonomy":"product_cat","embeddable":true,"href":"https:\/\/baldumarket.lt\/lt\/wp-json\/wp\/v2\/product_cat?post=236790"},{"taxonomy":"product_tag","embeddable":true,"href":"https:\/\/baldumarket.lt\/lt\/wp-json\/wp\/v2\/product_tag?post=236790"}],"curies":[{"name":"wp","href":"https:\/\/api.w.org\/{rel}","templated":true}]}}