{"id":236782,"date":"2025-12-30T15:46:33","date_gmt":"2025-12-30T12:46:33","guid":{"rendered":"https:\/\/baldumarket.lt\/product\/szafka-uniwersalna-na-buty-szafka-rtv-nadstawka-wiszaca-romeo-70-cm\/"},"modified":"2026-02-11T18:34:40","modified_gmt":"2026-02-11T15:34:40","slug":"szafka-uniwersalna-na-buty-szafka-rtv-nadstawka-wiszaca-romeo-70-cm","status":"publish","type":"product","link":"https:\/\/baldumarket.lt\/lt\/product\/szafka-uniwersalna-na-buty-szafka-rtv-nadstawka-wiszaca-romeo-70-cm\/","title":{"rendered":"Universali bat\u0173 spintel\u0117, televizoriaus spintel\u0117, pakabinamas prailginimas Romeo 70 cm"},"content":{"rendered":"<p>Romeo spintel\u0117 70 cm \u2013 universali spintel\u0117, kuri\u0105 galima naudoti kaip bat\u0173 spintel\u0119, sienin\u0119 spintel\u0119, spintos prailginim\u0105 arba televizoriaus staliuk\u0105.<br \/>\nSpintel\u0117 atsidaro naudojant paspaudimo atidarymo sistem\u0105.<br \/>\nSpinteli\u0173 fasadai yra frezuoti.<br \/>\nStandarti\u0161kai spintel\u0117 komplektuojama su juodomis plastikin\u0117mis kojel\u0117mis.<br \/>\nSpintel\u0119 taip pat galima \u012fsigyti su auk\u0161tomis, juodomis metalin\u0117mis kojel\u0117mis \u2013 jas galima pasirinkti i\u0161 si\u016blom\u0173 variant\u0173.<br \/>\nSpecifikacijos:<br \/>\nlaminuota plok\u0161t\u0117<br \/>\nlentos storis: 16 mm<br \/>\nspalva: ka\u0161myras<\/p>","protected":false},"excerpt":{"rendered":"<p>Plotis [cm]: 70<br \/>\n\u016agis [cm]: 42\u201352<br \/>\nGylis [cm]: 40<\/p>","protected":false},"featured_media":236783,"comment_status":"open","ping_status":"open","template":"","meta":[],"product_brand":[],"product_cat":[8761,1175],"product_tag":[],"class_list":{"0":"post-236782","1":"product","2":"type-product","3":"status-publish","4":"has-post-thumbnail","6":"product_cat-pkmebel","7":"product_cat-tv-stands","9":"first","10":"instock","11":"purchasable","12":"product-type-simple"},"_links":{"self":[{"href":"https:\/\/baldumarket.lt\/lt\/wp-json\/wp\/v2\/product\/236782","targetHints":{"allow":["GET"]}}],"collection":[{"href":"https:\/\/baldumarket.lt\/lt\/wp-json\/wp\/v2\/product"}],"about":[{"href":"https:\/\/baldumarket.lt\/lt\/wp-json\/wp\/v2\/types\/product"}],"replies":[{"embeddable":true,"href":"https:\/\/baldumarket.lt\/lt\/wp-json\/wp\/v2\/comments?post=236782"}],"wp:featuredmedia":[{"embeddable":true,"href":"https:\/\/baldumarket.lt\/lt\/wp-json\/wp\/v2\/media\/236783"}],"wp:attachment":[{"href":"https:\/\/baldumarket.lt\/lt\/wp-json\/wp\/v2\/media?parent=236782"}],"wp:term":[{"taxonomy":"product_brand","embeddable":true,"href":"https:\/\/baldumarket.lt\/lt\/wp-json\/wp\/v2\/product_brand?post=236782"},{"taxonomy":"product_cat","embeddable":true,"href":"https:\/\/baldumarket.lt\/lt\/wp-json\/wp\/v2\/product_cat?post=236782"},{"taxonomy":"product_tag","embeddable":true,"href":"https:\/\/baldumarket.lt\/lt\/wp-json\/wp\/v2\/product_tag?post=236782"}],"curies":[{"name":"wp","href":"https:\/\/api.w.org\/{rel}","templated":true}]}}