{"id":236768,"date":"2025-12-30T15:46:10","date_gmt":"2025-12-30T12:46:10","guid":{"rendered":"https:\/\/baldumarket.lt\/product\/szafka-rtv-skandynawska-wiszaca-280-cm-sewilla\/"},"modified":"2026-02-11T18:34:40","modified_gmt":"2026-02-11T15:34:40","slug":"szafka-rtv-skandynawska-wiszaca-280-cm-sewilla","status":"publish","type":"product","link":"https:\/\/baldumarket.lt\/lt\/product\/szafka-rtv-skandynawska-wiszaca-280-cm-sewilla\/","title":{"rendered":"Skandinavi\u0161ko stiliaus pakabinama televizoriaus spintel\u0117, 280 cm, \u201eSevilija\u201c"},"content":{"rendered":"<p>Skandinavi\u0161ko stiliaus prie sienos montuojama televizoriaus spintel\u0117 \u201eSewilla\u201c, 280 cm, yra montuojama prie sienos ir susideda i\u0161 keturi\u0173 70 cm sekcij\u0173.<br \/>\nSpecifikacijos:<br \/>\nPriekin\u0117s dalys: 16 mm laminuota plok\u0161t\u0117<br \/>\nKorpusas: 16 mm laminuota plok\u0161t\u0117<br \/>\nAtidarymo spustel\u0117jus sistema \u2013 televizoriaus spintel\u0117 turi mechanizm\u0105, kuris atidaro duris lengvu paspaudimu<br \/>\nSpalva: Artisan \u0105\u017euolo korpusas, balti fasadai<\/p>","protected":false},"excerpt":{"rendered":"<p>Plotis [cm]: 280<br \/>\nAuk\u0161tis [cm]: 40<br \/>\nGylis [cm]: 40<\/p>","protected":false},"featured_media":236769,"comment_status":"open","ping_status":"open","template":"","meta":[],"product_brand":[],"product_cat":[8761,1175],"product_tag":[],"class_list":{"0":"post-236768","1":"product","2":"type-product","3":"status-publish","4":"has-post-thumbnail","6":"product_cat-pkmebel","7":"product_cat-tv-stands","9":"first","10":"instock","11":"purchasable","12":"product-type-simple"},"_links":{"self":[{"href":"https:\/\/baldumarket.lt\/lt\/wp-json\/wp\/v2\/product\/236768","targetHints":{"allow":["GET"]}}],"collection":[{"href":"https:\/\/baldumarket.lt\/lt\/wp-json\/wp\/v2\/product"}],"about":[{"href":"https:\/\/baldumarket.lt\/lt\/wp-json\/wp\/v2\/types\/product"}],"replies":[{"embeddable":true,"href":"https:\/\/baldumarket.lt\/lt\/wp-json\/wp\/v2\/comments?post=236768"}],"wp:featuredmedia":[{"embeddable":true,"href":"https:\/\/baldumarket.lt\/lt\/wp-json\/wp\/v2\/media\/236769"}],"wp:attachment":[{"href":"https:\/\/baldumarket.lt\/lt\/wp-json\/wp\/v2\/media?parent=236768"}],"wp:term":[{"taxonomy":"product_brand","embeddable":true,"href":"https:\/\/baldumarket.lt\/lt\/wp-json\/wp\/v2\/product_brand?post=236768"},{"taxonomy":"product_cat","embeddable":true,"href":"https:\/\/baldumarket.lt\/lt\/wp-json\/wp\/v2\/product_cat?post=236768"},{"taxonomy":"product_tag","embeddable":true,"href":"https:\/\/baldumarket.lt\/lt\/wp-json\/wp\/v2\/product_tag?post=236768"}],"curies":[{"name":"wp","href":"https:\/\/api.w.org\/{rel}","templated":true}]}}