{"id":236755,"date":"2025-12-30T15:45:49","date_gmt":"2025-12-30T12:45:49","guid":{"rendered":"https:\/\/baldumarket.lt\/product\/szafka-rtv-skandynawska-wiszaca-140-cm-sewilla\/"},"modified":"2026-02-11T18:34:41","modified_gmt":"2026-02-11T15:34:41","slug":"szafka-rtv-skandynawska-wiszaca-140-cm-sewilla","status":"publish","type":"product","link":"https:\/\/baldumarket.lt\/lt\/product\/szafka-rtv-skandynawska-wiszaca-140-cm-sewilla\/","title":{"rendered":"Skandinavi\u0161ka televizoriaus spintel\u0117, montuojama ant sienos, 140 cm, \u201eSevilija\u201c"},"content":{"rendered":"<p>Skandinavi\u0161ko stiliaus prie sienos montuojama televizoriaus spintel\u0117 \u201eSeville\u201c, 140 cm, yra montuojama prie sienos ir susideda i\u0161 dviej\u0173 70 cm spinteli\u0173.<br \/>\nSpecifikacijos:<br \/>\nPriekin\u0117s dalys: 16 mm laminuota plok\u0161t\u0117<br \/>\nKorpusas: 16 mm laminuota plok\u0161t\u0117<br \/>\nAtidarymas: \u201cPUSH TO OPERATE\u201d \u2013 televizoriaus spintel\u0117 turi mechanizm\u0105, kuris atidaro dureles lengvu paspaudimu.<br \/>\nSpalva: Artisan \u0105\u017euolo korpusas, balti fasadai<\/p>","protected":false},"excerpt":{"rendered":"<p>Plotis [cm]: 140<br \/>\nAuk\u0161tis [cm]: 40<br \/>\nGylis [cm]: 40<\/p>","protected":false},"featured_media":236756,"comment_status":"open","ping_status":"open","template":"","meta":[],"product_brand":[],"product_cat":[8761,1175],"product_tag":[],"class_list":{"0":"post-236755","1":"product","2":"type-product","3":"status-publish","4":"has-post-thumbnail","6":"product_cat-pkmebel","7":"product_cat-tv-stands","9":"first","10":"instock","11":"purchasable","12":"product-type-simple"},"_links":{"self":[{"href":"https:\/\/baldumarket.lt\/lt\/wp-json\/wp\/v2\/product\/236755","targetHints":{"allow":["GET"]}}],"collection":[{"href":"https:\/\/baldumarket.lt\/lt\/wp-json\/wp\/v2\/product"}],"about":[{"href":"https:\/\/baldumarket.lt\/lt\/wp-json\/wp\/v2\/types\/product"}],"replies":[{"embeddable":true,"href":"https:\/\/baldumarket.lt\/lt\/wp-json\/wp\/v2\/comments?post=236755"}],"wp:featuredmedia":[{"embeddable":true,"href":"https:\/\/baldumarket.lt\/lt\/wp-json\/wp\/v2\/media\/236756"}],"wp:attachment":[{"href":"https:\/\/baldumarket.lt\/lt\/wp-json\/wp\/v2\/media?parent=236755"}],"wp:term":[{"taxonomy":"product_brand","embeddable":true,"href":"https:\/\/baldumarket.lt\/lt\/wp-json\/wp\/v2\/product_brand?post=236755"},{"taxonomy":"product_cat","embeddable":true,"href":"https:\/\/baldumarket.lt\/lt\/wp-json\/wp\/v2\/product_cat?post=236755"},{"taxonomy":"product_tag","embeddable":true,"href":"https:\/\/baldumarket.lt\/lt\/wp-json\/wp\/v2\/product_tag?post=236755"}],"curies":[{"name":"wp","href":"https:\/\/api.w.org\/{rel}","templated":true}]}}