{"id":236751,"date":"2025-12-30T15:45:43","date_gmt":"2025-12-30T12:45:43","guid":{"rendered":"https:\/\/baldumarket.lt\/product\/szafka-rtv-loftowa-wiszaca-z-lamelami-280-cm-ross\/"},"modified":"2026-02-11T18:34:41","modified_gmt":"2026-02-11T15:34:41","slug":"szafka-rtv-loftowa-wiszaca-z-lamelami-280-cm-ross","status":"publish","type":"product","link":"https:\/\/baldumarket.lt\/lt\/product\/szafka-rtv-loftowa-wiszaca-z-lamelami-280-cm-ross\/","title":{"rendered":"Lofto stiliaus TV spintel\u0117 su grotel\u0117mis, 280 cm, Ross"},"content":{"rendered":"<p>\u201eRoss\u201c 280 cm lofto tipo televizoriaus spintel\u0117 su grotel\u0117mis (tiekiama kaip prie sienos tvirtinama dalis) susideda i\u0161 keturi\u0173 70 cm sekcij\u0173.<br \/>\nSpecifikacijos:<br \/>\nPriekin\u0117s dalys: 16 mm laminuota plok\u0161t\u0117<br \/>\nKorpusas: 16 mm laminuota plok\u0161t\u0117<br \/>\nAtidarymas: \u201cPUSH TO OPERATE\u201d \u2013 televizoriaus spintel\u0117 turi mechanizm\u0105, kuris atidaro dureles lengvu paspaudimu.<br \/>\nFasadai su grotel\u0117mis gali b\u016bti montuojami de\u0161in\u0117je arba kair\u0117je pus\u0117je.<br \/>\nSpalva:<br \/>\nJuodas korpusas \/ 2 juodi fasadai + 1 frezuotas fasadas<br \/>\nPrie televizoriaus spintel\u0117s galima \u012fsigyti atitinkam\u0105 indauja.<\/p>","protected":false},"excerpt":{"rendered":"<p>Plotis [cm]: 280<br \/>\nAuk\u0161tis [cm]: 40<br \/>\nGylis [cm]: 40<\/p>","protected":false},"featured_media":236752,"comment_status":"open","ping_status":"open","template":"","meta":[],"product_brand":[],"product_cat":[8761,1175],"product_tag":[],"class_list":{"0":"post-236751","1":"product","2":"type-product","3":"status-publish","4":"has-post-thumbnail","6":"product_cat-pkmebel","7":"product_cat-tv-stands","9":"first","10":"instock","11":"purchasable","12":"product-type-simple"},"_links":{"self":[{"href":"https:\/\/baldumarket.lt\/lt\/wp-json\/wp\/v2\/product\/236751","targetHints":{"allow":["GET"]}}],"collection":[{"href":"https:\/\/baldumarket.lt\/lt\/wp-json\/wp\/v2\/product"}],"about":[{"href":"https:\/\/baldumarket.lt\/lt\/wp-json\/wp\/v2\/types\/product"}],"replies":[{"embeddable":true,"href":"https:\/\/baldumarket.lt\/lt\/wp-json\/wp\/v2\/comments?post=236751"}],"wp:featuredmedia":[{"embeddable":true,"href":"https:\/\/baldumarket.lt\/lt\/wp-json\/wp\/v2\/media\/236752"}],"wp:attachment":[{"href":"https:\/\/baldumarket.lt\/lt\/wp-json\/wp\/v2\/media?parent=236751"}],"wp:term":[{"taxonomy":"product_brand","embeddable":true,"href":"https:\/\/baldumarket.lt\/lt\/wp-json\/wp\/v2\/product_brand?post=236751"},{"taxonomy":"product_cat","embeddable":true,"href":"https:\/\/baldumarket.lt\/lt\/wp-json\/wp\/v2\/product_cat?post=236751"},{"taxonomy":"product_tag","embeddable":true,"href":"https:\/\/baldumarket.lt\/lt\/wp-json\/wp\/v2\/product_tag?post=236751"}],"curies":[{"name":"wp","href":"https:\/\/api.w.org\/{rel}","templated":true}]}}