{"id":236721,"date":"2025-12-30T15:45:00","date_gmt":"2025-12-30T12:45:00","guid":{"rendered":"https:\/\/baldumarket.lt\/product\/szafa-uchylna-w-opcji-z-lustrem-bianko-70-cm\/"},"modified":"2026-02-11T18:34:41","modified_gmt":"2026-02-11T15:34:41","slug":"szafa-uchylna-w-opcji-z-lustrem-bianko-70-cm","status":"publish","type":"product","link":"https:\/\/baldumarket.lt\/lt\/product\/szafa-uchylna-w-opcji-z-lustrem-bianko-70-cm\/","title":{"rendered":"Atver\u010diama spinta su Bianko veidrod\u017eiu (70 cm)"},"content":{"rendered":"<p>Bianko spinta 70 cm \u2013 standarti\u0161kai komplektuojama su dviem atidarymo sistemomis: juodos metalin\u0117s rankenos ir atidarymo spustel\u0117jus sistema.<br \/>\nSpinta taip pat si\u016bloma su dviem kojeli\u0173 variantais: 2 cm auk\u0161\u010dio juodomis plastikin\u0117mis kojel\u0117mis ir 6 cm auk\u0161\u010dio pagrindu.<br \/>\nSpinta galima \u012fsigyti su veidrod\u017eiu arba be jo \u2013 d\u0117l variant\u0173 teiraukit\u0117s.<br \/>\nSpecifikacijos:<br \/>\nLaminuota plok\u0161t\u0117<br \/>\nLentos storis: 16 mm<br \/>\nSpalva: Ka\u0161myras<\/p>","protected":false},"excerpt":{"rendered":"<p>Plotis [cm]: 70<br \/>\n\u016agis [cm]: 185\u2013189<br \/>\nGylis [cm]: 40<\/p>","protected":false},"featured_media":236722,"comment_status":"open","ping_status":"open","template":"","meta":[],"product_brand":[],"product_cat":[8761,1177],"product_tag":[],"class_list":{"0":"post-236721","1":"product","2":"type-product","3":"status-publish","4":"has-post-thumbnail","6":"product_cat-pkmebel","7":"product_cat-wardrobes","9":"first","10":"instock","11":"purchasable","12":"product-type-simple"},"_links":{"self":[{"href":"https:\/\/baldumarket.lt\/lt\/wp-json\/wp\/v2\/product\/236721","targetHints":{"allow":["GET"]}}],"collection":[{"href":"https:\/\/baldumarket.lt\/lt\/wp-json\/wp\/v2\/product"}],"about":[{"href":"https:\/\/baldumarket.lt\/lt\/wp-json\/wp\/v2\/types\/product"}],"replies":[{"embeddable":true,"href":"https:\/\/baldumarket.lt\/lt\/wp-json\/wp\/v2\/comments?post=236721"}],"wp:featuredmedia":[{"embeddable":true,"href":"https:\/\/baldumarket.lt\/lt\/wp-json\/wp\/v2\/media\/236722"}],"wp:attachment":[{"href":"https:\/\/baldumarket.lt\/lt\/wp-json\/wp\/v2\/media?parent=236721"}],"wp:term":[{"taxonomy":"product_brand","embeddable":true,"href":"https:\/\/baldumarket.lt\/lt\/wp-json\/wp\/v2\/product_brand?post=236721"},{"taxonomy":"product_cat","embeddable":true,"href":"https:\/\/baldumarket.lt\/lt\/wp-json\/wp\/v2\/product_cat?post=236721"},{"taxonomy":"product_tag","embeddable":true,"href":"https:\/\/baldumarket.lt\/lt\/wp-json\/wp\/v2\/product_tag?post=236721"}],"curies":[{"name":"wp","href":"https:\/\/api.w.org\/{rel}","templated":true}]}}