{"id":236713,"date":"2025-12-30T15:44:46","date_gmt":"2025-12-30T12:44:46","guid":{"rendered":"https:\/\/baldumarket.lt\/product\/szafa-uchylna-bez-lustra-i-bez-uchwytow-romeo-70-cm\/"},"modified":"2026-02-11T18:34:41","modified_gmt":"2026-02-11T15:34:41","slug":"szafa-uchylna-bez-lustra-i-bez-uchwytow-romeo-70-cm","status":"publish","type":"product","link":"https:\/\/baldumarket.lt\/lt\/product\/szafa-uchylna-bez-lustra-i-bez-uchwytow-romeo-70-cm\/","title":{"rendered":"Pa\u016bm\u0117ma spinta be veidrod\u017eio ir ranken\u0173 Romeo 70 cm"},"content":{"rendered":"<p>Romeo spinta 70 cm \u2013 dviej\u0173 dur\u0173, varstoma modernaus stiliaus spinta.<br \/>\nAtidarymo stumiant sistema<br \/>\nSpint\u0173 fasadai yra frezuoti ir lyg\u016bs.<br \/>\nStandarti\u0161kai komplekte yra juodos plastikin\u0117s kojel\u0117s.<br \/>\nSpinta taip pat gali b\u016bti su auk\u0161tomis, juodomis metalin\u0117mis kojel\u0117mis \u2013 tai papildomas priedas.<br \/>\nTaip pat galima u\u017esisakyti lentynas ir (arba) vir\u0161utin\u0119 spintel\u0119.<br \/>\nSpecifikacijos:<br \/>\nLaminuota plok\u0161t\u0117<br \/>\nLentos storis: 16 mm<br \/>\nSpalva: Ka\u0161myras<\/p>","protected":false},"excerpt":{"rendered":"<p>Plotis [cm]: 70<br \/>\n\u016agis [cm]: 185\u2013195<br \/>\nGylis [cm]: 40<\/p>","protected":false},"featured_media":236714,"comment_status":"open","ping_status":"open","template":"","meta":[],"product_brand":[],"product_cat":[8761,1177],"product_tag":[],"class_list":{"0":"post-236713","1":"product","2":"type-product","3":"status-publish","4":"has-post-thumbnail","6":"product_cat-pkmebel","7":"product_cat-wardrobes","9":"first","10":"instock","11":"purchasable","12":"product-type-simple"},"_links":{"self":[{"href":"https:\/\/baldumarket.lt\/lt\/wp-json\/wp\/v2\/product\/236713","targetHints":{"allow":["GET"]}}],"collection":[{"href":"https:\/\/baldumarket.lt\/lt\/wp-json\/wp\/v2\/product"}],"about":[{"href":"https:\/\/baldumarket.lt\/lt\/wp-json\/wp\/v2\/types\/product"}],"replies":[{"embeddable":true,"href":"https:\/\/baldumarket.lt\/lt\/wp-json\/wp\/v2\/comments?post=236713"}],"wp:featuredmedia":[{"embeddable":true,"href":"https:\/\/baldumarket.lt\/lt\/wp-json\/wp\/v2\/media\/236714"}],"wp:attachment":[{"href":"https:\/\/baldumarket.lt\/lt\/wp-json\/wp\/v2\/media?parent=236713"}],"wp:term":[{"taxonomy":"product_brand","embeddable":true,"href":"https:\/\/baldumarket.lt\/lt\/wp-json\/wp\/v2\/product_brand?post=236713"},{"taxonomy":"product_cat","embeddable":true,"href":"https:\/\/baldumarket.lt\/lt\/wp-json\/wp\/v2\/product_cat?post=236713"},{"taxonomy":"product_tag","embeddable":true,"href":"https:\/\/baldumarket.lt\/lt\/wp-json\/wp\/v2\/product_tag?post=236713"}],"curies":[{"name":"wp","href":"https:\/\/api.w.org\/{rel}","templated":true}]}}