{"id":236705,"date":"2025-12-30T15:44:34","date_gmt":"2025-12-30T12:44:34","guid":{"rendered":"https:\/\/baldumarket.lt\/product\/szafa-2-drzwiowa-z-lustrem-sewilla-70-cm\/"},"modified":"2026-02-11T18:34:41","modified_gmt":"2026-02-11T15:34:41","slug":"szafa-2-drzwiowa-z-lustrem-sewilla-70-cm","status":"publish","type":"product","link":"https:\/\/baldumarket.lt\/lt\/product\/szafa-2-drzwiowa-z-lustrem-sewilla-70-cm\/","title":{"rendered":"Sevilijos dviej\u0173 dur\u0173 spinta su veidrod\u017eiu, 70 cm"},"content":{"rendered":"<p>Seville dviej\u0173 dur\u0173 spinta su veidrod\u017eiu, 70 cm<br \/>\nSpecifikacijos:<br \/>\nLaminuota plok\u0161t\u0117<br \/>\nLentos storis: 16 mm<br \/>\nSpalva: Artisan Oak + matin\u0117 balta<br \/>\nSpintel\u0117 turi \u201cstumiant atidarom\u0105\u201d sistem\u0105<br \/>\n2 cm auk\u0161\u010dio plastikin\u0117s kojel\u0117s<br \/>\nPapildomai: 3 lentynos ir vir\u0161utinis blokas<\/p>","protected":false},"excerpt":{"rendered":"<p>Plotis [cm]: 70<br \/>\n\u016agis [cm]: 185\u2013225<br \/>\nGylis [cm]: 40<\/p>","protected":false},"featured_media":236706,"comment_status":"open","ping_status":"open","template":"","meta":[],"product_brand":[],"product_cat":[8761,1177],"product_tag":[],"class_list":{"0":"post-236705","1":"product","2":"type-product","3":"status-publish","4":"has-post-thumbnail","6":"product_cat-pkmebel","7":"product_cat-wardrobes","9":"first","10":"instock","11":"purchasable","12":"product-type-simple"},"_links":{"self":[{"href":"https:\/\/baldumarket.lt\/lt\/wp-json\/wp\/v2\/product\/236705","targetHints":{"allow":["GET"]}}],"collection":[{"href":"https:\/\/baldumarket.lt\/lt\/wp-json\/wp\/v2\/product"}],"about":[{"href":"https:\/\/baldumarket.lt\/lt\/wp-json\/wp\/v2\/types\/product"}],"replies":[{"embeddable":true,"href":"https:\/\/baldumarket.lt\/lt\/wp-json\/wp\/v2\/comments?post=236705"}],"wp:featuredmedia":[{"embeddable":true,"href":"https:\/\/baldumarket.lt\/lt\/wp-json\/wp\/v2\/media\/236706"}],"wp:attachment":[{"href":"https:\/\/baldumarket.lt\/lt\/wp-json\/wp\/v2\/media?parent=236705"}],"wp:term":[{"taxonomy":"product_brand","embeddable":true,"href":"https:\/\/baldumarket.lt\/lt\/wp-json\/wp\/v2\/product_brand?post=236705"},{"taxonomy":"product_cat","embeddable":true,"href":"https:\/\/baldumarket.lt\/lt\/wp-json\/wp\/v2\/product_cat?post=236705"},{"taxonomy":"product_tag","embeddable":true,"href":"https:\/\/baldumarket.lt\/lt\/wp-json\/wp\/v2\/product_tag?post=236705"}],"curies":[{"name":"wp","href":"https:\/\/api.w.org\/{rel}","templated":true}]}}