{"id":236697,"date":"2025-12-30T15:44:17","date_gmt":"2025-12-30T12:44:17","guid":{"rendered":"https:\/\/baldumarket.lt\/product\/komoda-loftowa-z-lamelami-4d-ross\/"},"modified":"2026-02-11T18:34:41","modified_gmt":"2026-02-11T15:34:41","slug":"komoda-loftowa-z-lamelami-4d-ross","status":"publish","type":"product","link":"https:\/\/baldumarket.lt\/lt\/product\/komoda-loftowa-z-lamelami-4d-ross\/","title":{"rendered":"Lofto komoda su 4D Ross lentjuost\u0117mis"},"content":{"rendered":"<p>Lofto stiliaus komoda su 4D Ross lentjuost\u0117mis \u2013 \u0161i 4 dur\u0173 komoda si\u016bloma su plastikin\u0117mis kojel\u0117mis ir juodo metalo r\u0117mais. Priekin\u0117s dalys atidaromos naudojant \u201ePush\u201c sistem\u0105.<br \/>\nSpecifikacijos:<br \/>\nPriekin\u0117s dalys: laminuota plok\u0161t\u0117, plok\u0161t\u0117s storis: 16 mm<br \/>\nKorpusas: laminuota plok\u0161t\u0117, plok\u0161t\u0117s storis: 16 mm<br \/>\n\u201cAtidarymas \u201dPASPAUSKITE, KAD ATIDARYTUM\u0116TE\u201c \u2013 komoda turi mechanizm\u0105, kuris atidaro dureles lengvu paspaudimu<br \/>\nKomoda ant plastikini\u0173 kojeli\u0173 \u2013 bazin\u0117 kaina<br \/>\nKomoda su metaliniais r\u0117mais ir apvaliais metaliniais stulpais \u2013 papildomas mokestis<br \/>\nSpalva:<br \/>\nJuodas korpusas \/ 2 juodi fasadai + 2 frezuoti fasadai i\u0161 \u201eArtisan\u201c med\u017eiagos<br \/>\nI\u0161oriniai matmenys:<br \/>\n\u2013 ilgis: 100 cm<br \/>\n\u2013 gylis: 42 cm<br \/>\n\u2013 auk\u0161tis: plastikin\u0117s kojel\u0117s: 102 cm, metalin\u0117s kojel\u0117s: 114 cm<br \/>\nPrie \u0161ios komodos galima u\u017esisakyti to paties pavadinimo televizoriaus staliuk\u0105.<\/p>","protected":false},"excerpt":{"rendered":"<p>Plotis [cm]: 100<br \/>\n\u016agis [cm]: 102 arba 114<br \/>\nGylis [cm]: 42<\/p>","protected":false},"featured_media":236698,"comment_status":"open","ping_status":"open","template":"","meta":[],"product_brand":[],"product_cat":[1173,8761],"product_tag":[],"class_list":{"0":"post-236697","1":"product","2":"type-product","3":"status-publish","4":"has-post-thumbnail","6":"product_cat-chests-of-drawers","7":"product_cat-pkmebel","9":"first","10":"instock","11":"purchasable","12":"product-type-simple"},"_links":{"self":[{"href":"https:\/\/baldumarket.lt\/lt\/wp-json\/wp\/v2\/product\/236697","targetHints":{"allow":["GET"]}}],"collection":[{"href":"https:\/\/baldumarket.lt\/lt\/wp-json\/wp\/v2\/product"}],"about":[{"href":"https:\/\/baldumarket.lt\/lt\/wp-json\/wp\/v2\/types\/product"}],"replies":[{"embeddable":true,"href":"https:\/\/baldumarket.lt\/lt\/wp-json\/wp\/v2\/comments?post=236697"}],"wp:featuredmedia":[{"embeddable":true,"href":"https:\/\/baldumarket.lt\/lt\/wp-json\/wp\/v2\/media\/236698"}],"wp:attachment":[{"href":"https:\/\/baldumarket.lt\/lt\/wp-json\/wp\/v2\/media?parent=236697"}],"wp:term":[{"taxonomy":"product_brand","embeddable":true,"href":"https:\/\/baldumarket.lt\/lt\/wp-json\/wp\/v2\/product_brand?post=236697"},{"taxonomy":"product_cat","embeddable":true,"href":"https:\/\/baldumarket.lt\/lt\/wp-json\/wp\/v2\/product_cat?post=236697"},{"taxonomy":"product_tag","embeddable":true,"href":"https:\/\/baldumarket.lt\/lt\/wp-json\/wp\/v2\/product_tag?post=236697"}],"curies":[{"name":"wp","href":"https:\/\/api.w.org\/{rel}","templated":true}]}}