{"id":236286,"date":"2025-12-29T22:56:29","date_gmt":"2025-12-29T19:56:29","guid":{"rendered":"https:\/\/baldumarket.lt\/product\/amino-biurko-1d1s-130-dab-wotan-czarny\/"},"modified":"2026-02-11T18:34:41","modified_gmt":"2026-02-11T15:34:41","slug":"amino-biurko-1d1s-130-dab-wotan-czarny","status":"publish","type":"product","link":"https:\/\/baldumarket.lt\/lt\/product\/amino-biurko-1d1s-130-dab-wotan-czarny\/","title":{"rendered":"AMINO ra\u0161omasis stalas, 1 vnt., 1 vnt.\/130 cm, \u0105\u017euolas \/ juodas"},"content":{"rendered":"<p>Kolekcija: AMINO Surinkta: Ne Plotis: 126 Auk\u0161tis: 77 Gylis: 60 AMINO 1D1S\/130 Ra\u0161omasis stalas \u2013 Wotan \u0105\u017euolas \/ juodas<br \/>\nStilingas ir funkcionalus AMINO 1D1S\/130 ra\u0161omasis stalas \u2013 puikus sprendimas biurui, jaunimo kambariui ar nam\u0173 biurui. \u0160ilto Wotano \u0105\u017euolo atspalvio ir eleganti\u0161kos juodos spalvos derinys suteikia baldams modern\u0173, ta\u010diau nesenstant\u012f charakter\u012f.<br \/>\n\u0160is stalas i\u0161siskiria tvirta konstrukcija ir prakti\u0161ku i\u0161d\u0117stymu \u2013 jame yra erdvus stal\u010dius ant pilno i\u0161traukimo rutulini\u0173 guoli\u0173 b\u0117geli\u0173 ir rakinama spintel\u0117, kurioje galima laikyti dokumentus ir biuro reikmenis. Produkto savyb\u0117s:<br \/>\nPriekin\u0117 spalva: Wotano \u0105\u017euolas<br \/>\nPriekin\u0117 med\u017eiaga: laminuotas MDF, PVC kra\u0161tas<br \/>\nKorpuso med\u017eiaga: laminuotas MDF, PVC kra\u0161tai<br \/>\nKorpuso spalva: Wotano \u0105\u017euolas \/ juoda<br \/>\nVir\u0161utin\u0117 med\u017eiaga: laminuota MDF plok\u0161t\u0117<br \/>\nVir\u0161utin\u0117 spalva: Wotan \u0105\u017euolas<br \/>\nStal\u010diai: rutuliniai guoliai, pilno i\u0161traukimo<br \/>\nRankenos: metalin\u0117s<br \/>\nKoja: MDF<br \/>\nTvirtos lentynos: laminuota MDF plok\u0161t\u0117<br \/>\nPapildomos savyb\u0117s: Dvigubai laminuotas MDF korpusas, pabr\u0117\u017eiantis AMINO kolekcijos charakter\u012f ir patvarum\u0105<br \/>\nD\u0117l gerai apgalvoto dizaino AMINO ra\u0161omasis stalas u\u017etikrina komfort\u0105 dirbant ir mokantis, o universali spalv\u0173 gama puikiai dera prie kit\u0173 kolekcijos bald\u0173. Jis sujungia estetik\u0105, patvarum\u0105 ir funkcionalum\u0105 viename moderniame dizaine.<\/p>","protected":false},"excerpt":{"rendered":"<p>Kolekcija: AMINO<br \/>\nPlotis cm: 126<br \/>\n\u016agis cm: 77<br \/>\nGylis cm: 60<\/p>","protected":false},"featured_media":236287,"comment_status":"open","ping_status":"open","template":"","meta":[],"product_brand":[],"product_cat":[9321,1312,2970],"product_tag":[],"class_list":{"0":"post-236286","1":"product","2":"type-product","3":"status-publish","4":"has-post-thumbnail","6":"product_cat-amino-furniture-collection","7":"product_cat-desks","8":"product_cat-mebelbos","10":"first","11":"instock","12":"purchasable","13":"product-type-simple"},"_links":{"self":[{"href":"https:\/\/baldumarket.lt\/lt\/wp-json\/wp\/v2\/product\/236286","targetHints":{"allow":["GET"]}}],"collection":[{"href":"https:\/\/baldumarket.lt\/lt\/wp-json\/wp\/v2\/product"}],"about":[{"href":"https:\/\/baldumarket.lt\/lt\/wp-json\/wp\/v2\/types\/product"}],"replies":[{"embeddable":true,"href":"https:\/\/baldumarket.lt\/lt\/wp-json\/wp\/v2\/comments?post=236286"}],"wp:featuredmedia":[{"embeddable":true,"href":"https:\/\/baldumarket.lt\/lt\/wp-json\/wp\/v2\/media\/236287"}],"wp:attachment":[{"href":"https:\/\/baldumarket.lt\/lt\/wp-json\/wp\/v2\/media?parent=236286"}],"wp:term":[{"taxonomy":"product_brand","embeddable":true,"href":"https:\/\/baldumarket.lt\/lt\/wp-json\/wp\/v2\/product_brand?post=236286"},{"taxonomy":"product_cat","embeddable":true,"href":"https:\/\/baldumarket.lt\/lt\/wp-json\/wp\/v2\/product_cat?post=236286"},{"taxonomy":"product_tag","embeddable":true,"href":"https:\/\/baldumarket.lt\/lt\/wp-json\/wp\/v2\/product_tag?post=236286"}],"curies":[{"name":"wp","href":"https:\/\/api.w.org\/{rel}","templated":true}]}}