{"id":236281,"date":"2025-12-29T22:56:21","date_gmt":"2025-12-29T19:56:21","guid":{"rendered":"https:\/\/baldumarket.lt\/product\/amino-komoda-2d3s-dab-wotan-czarny\/"},"modified":"2026-02-11T18:34:41","modified_gmt":"2026-02-11T15:34:41","slug":"amino-komoda-2d3s-dab-wotan-czarny","status":"publish","type":"product","link":"https:\/\/baldumarket.lt\/lt\/product\/amino-komoda-2d3s-dab-wotan-czarny\/","title":{"rendered":"AMINO komoda, 2 stal\u010diai, 3 vnt., wotan \u0105\u017euolas \/ juoda"},"content":{"rendered":"<p>Kolekcija: AMINO Surinkta: Ne Plotis: 180 Auk\u0161tis: 90 Gylis: 45 Dureli\u0173 skai\u010dius: 2 Stal\u010di\u0173 skai\u010dius: 3<br \/>\nAMINO 2D3S komoda \u2013 Wotan \u0105\u017euolas \/ juoda<br \/>\nStilinga ir funkcionali komoda AMINO 2D3S \u2013 tai tobulas modernaus dizaino ir prakti\u0161ko erdv\u0117s panaudojimo derinys. \u0160iltas Wotano \u0105\u017euolo atspalvis kartu su eleganti\u0161ka juoda spalva sukuria patraukl\u0173 ir universal\u0173 derin\u012f, kuris puikiai tiks svetain\u0117je, miegamajame ar jaunimo kambaryje.<br \/>\nSpintel\u0117 turi tris erdvius stal\u010dius ant pilno i\u0161traukimo rutulini\u0173 guoli\u0173 b\u0117geli\u0173 ir dvi rakinamas spinteles patogiam drabu\u017ei\u0173, dokument\u0173 ir kit\u0173 nam\u0173 apyvokos daikt\u0173 laikymui. Produkto savyb\u0117s:<br \/>\nSpalva: Wotano \u0105\u017euolas \/ juoda<br \/>\nPriekin\u0117s dalys: laminuota bald\u0173 plok\u0161t\u0117, PVC kra\u0161tai<br \/>\nKorpusas: laminuota bald\u0173 plok\u0161t\u0117, PVC kra\u0161tai<br \/>\nVir\u0161us: laminuota bald\u0173 plok\u0161t\u0117<br \/>\nStal\u010diai: rutuliniai guoliai, pilno i\u0161traukimo<br \/>\nKojel\u0117s: Bald\u0173 lenta<br \/>\nRankenos: metalin\u0117s<br \/>\nD\u0117l tvirtos konstrukcijos ir rafinuot\u0173 detali\u0173 AMINO komoda garantuoja patvarum\u0105, naudojimo patogum\u0105 ir eleganti\u0161k\u0105 i\u0161vaizd\u0105 ilgus metus. Ji dera su kitais AMINO kolekcijos baldais, sukurdama darn\u0173 ir harmoning\u0105 interjero dizain\u0105.<\/p>","protected":false},"excerpt":{"rendered":"<p>Kolekcija: AMINO<br \/>\nPlotis cm: 180<br \/>\nAuk\u0161tis cm: 90<br \/>\nGylis cm: 45<br \/>\nDur\u0173 skai\u010dius: 2<br \/>\nStal\u010di\u0173 skai\u010dius: 3<\/p>","protected":false},"featured_media":236282,"comment_status":"open","ping_status":"open","template":"","meta":[],"product_brand":[],"product_cat":[9321,1173,2970],"product_tag":[],"class_list":{"0":"post-236281","1":"product","2":"type-product","3":"status-publish","4":"has-post-thumbnail","6":"product_cat-amino-furniture-collection","7":"product_cat-chests-of-drawers","8":"product_cat-mebelbos","10":"first","11":"instock","12":"purchasable","13":"product-type-simple"},"_links":{"self":[{"href":"https:\/\/baldumarket.lt\/lt\/wp-json\/wp\/v2\/product\/236281","targetHints":{"allow":["GET"]}}],"collection":[{"href":"https:\/\/baldumarket.lt\/lt\/wp-json\/wp\/v2\/product"}],"about":[{"href":"https:\/\/baldumarket.lt\/lt\/wp-json\/wp\/v2\/types\/product"}],"replies":[{"embeddable":true,"href":"https:\/\/baldumarket.lt\/lt\/wp-json\/wp\/v2\/comments?post=236281"}],"wp:featuredmedia":[{"embeddable":true,"href":"https:\/\/baldumarket.lt\/lt\/wp-json\/wp\/v2\/media\/236282"}],"wp:attachment":[{"href":"https:\/\/baldumarket.lt\/lt\/wp-json\/wp\/v2\/media?parent=236281"}],"wp:term":[{"taxonomy":"product_brand","embeddable":true,"href":"https:\/\/baldumarket.lt\/lt\/wp-json\/wp\/v2\/product_brand?post=236281"},{"taxonomy":"product_cat","embeddable":true,"href":"https:\/\/baldumarket.lt\/lt\/wp-json\/wp\/v2\/product_cat?post=236281"},{"taxonomy":"product_tag","embeddable":true,"href":"https:\/\/baldumarket.lt\/lt\/wp-json\/wp\/v2\/product_tag?post=236281"}],"curies":[{"name":"wp","href":"https:\/\/api.w.org\/{rel}","templated":true}]}}