{"id":236276,"date":"2025-12-29T22:56:14","date_gmt":"2025-12-29T19:56:14","guid":{"rendered":"https:\/\/baldumarket.lt\/product\/amino-panel-przedpokojowy-z-lustrem-dab-wotan-czarny\/"},"modified":"2026-02-11T18:34:41","modified_gmt":"2026-02-11T15:34:41","slug":"amino-panel-przedpokojowy-z-lustrem-dab-wotan-czarny","status":"publish","type":"product","link":"https:\/\/baldumarket.lt\/lt\/product\/amino-panel-przedpokojowy-z-lustrem-dab-wotan-czarny\/","title":{"rendered":"AMINO prie\u0161kambario u\u017edanga su veidrod\u017eiu, Wotan \u0105\u017euolas\/juoda"},"content":{"rendered":"<p>Kolekcija: AMINO Surinkti baldai: Ne Plotis: 96 Auk\u0161tis: 140 Gylis: 16<br \/>\nAMINO prie\u0161kambario u\u017edanga su veidrod\u017eiu \u2013 Wotan \u0105\u017euolas \/ juoda<br \/>\nAMINO prie\u0161kambario plok\u0161t\u0117 \u2013 tai puikus modernaus dizaino, funkcionalumo ir tvirtos gamybos derinys. Sukurta tiems, kurie vertina elegancij\u0105 ir prakti\u0161kus kasdienio naudojimo sprendimus, ji puikiai tiks bet kokiam prie\u0161kambariui, \u012f interjer\u0105 \u012fne\u0161dama nat\u016bralios medienos \u0161ilum\u0105 ir juodos spalvos industrin\u012f charakter\u012f.<br \/>\nPagrindin\u0117s savyb\u0117s:<br \/>\nModernus stilius \u2013 madingas Wotano \u0105\u017euolo ir juod\u0173 akcent\u0173 derinys sukuria eleganti\u0161k\u0105 ir nesenstant\u012f vaizd\u0105.<br \/>\nPrakti\u0161kas veidrodis \u2013 didelis veidrod\u017eio skydelis vizualiai padidina erdv\u0119 ir leid\u017eia greitai ap\u017ei\u016br\u0117ti aplink\u0105 prie\u0161 i\u0161einant i\u0161 nam\u0173.<br \/>\nTvirta konstrukcija \u2013 r\u0117mas pagamintas i\u0161 dvisluoksn\u0117s laminuotos bald\u0173 plok\u0161t\u0117s, u\u017etikrinan\u010dios i\u0161skirtin\u012f patvarum\u0105 ir konstrukcijos stabilum\u0105.<br \/>\nFunkcionalumas \u2013 skydelyje yra lentynos ir pakabos, kurios palengvina vir\u0161utini\u0173 drabu\u017ei\u0173 ir aksesuar\u0173 organizavim\u0105 ir patog\u0173 laikym\u0105.<br \/>\nAtspar\u016bs pa\u017eeidimams \u2013 kra\u0161tai apsaugoti patvariu PVC, kuris padidina bald\u0173 atsparum\u0105 kasdieniam naudojimui.<br \/>\nSavaranki\u0161kas surinkimas \u2013 baldai pristatomi plok\u0161\u010diai supakuoti su ai\u0161kiomis instrukcijomis, tod\u0117l juos galima greitai ir lengvai surinkti.<br \/>\nSpecifikacijos:<br \/>\nKorpuso med\u017eiaga: laminuota bald\u0173 plok\u0161t\u0117, PVC kra\u0161tai<br \/>\nSpalva: Wotano \u0105\u017euolas \/ juoda<br \/>\nKojel\u0117s: bald\u0173 lenta<br \/>\nLentynos: laminuota bald\u0173 plok\u0161t\u0117<br \/>\nPapildomos savyb\u0117s: dvigubos sienel\u0117s korpusas, modernus dizainas, didelis veidrodis<\/p>","protected":false},"excerpt":{"rendered":"<p>Kolekcija: AMINO<br \/>\nPlotis cm: 96<br \/>\nAuk\u0161tis cm: 140<br \/>\nGylis cm: 16<\/p>","protected":false},"featured_media":236277,"comment_status":"open","ping_status":"open","template":"","meta":[],"product_brand":[],"product_cat":[9321,1931,2970],"product_tag":[],"class_list":{"0":"post-236276","1":"product","2":"type-product","3":"status-publish","4":"has-post-thumbnail","6":"product_cat-amino-furniture-collection","7":"product_cat-hangers","8":"product_cat-mebelbos","10":"first","11":"instock","12":"purchasable","13":"product-type-simple"},"_links":{"self":[{"href":"https:\/\/baldumarket.lt\/lt\/wp-json\/wp\/v2\/product\/236276","targetHints":{"allow":["GET"]}}],"collection":[{"href":"https:\/\/baldumarket.lt\/lt\/wp-json\/wp\/v2\/product"}],"about":[{"href":"https:\/\/baldumarket.lt\/lt\/wp-json\/wp\/v2\/types\/product"}],"replies":[{"embeddable":true,"href":"https:\/\/baldumarket.lt\/lt\/wp-json\/wp\/v2\/comments?post=236276"}],"wp:featuredmedia":[{"embeddable":true,"href":"https:\/\/baldumarket.lt\/lt\/wp-json\/wp\/v2\/media\/236277"}],"wp:attachment":[{"href":"https:\/\/baldumarket.lt\/lt\/wp-json\/wp\/v2\/media?parent=236276"}],"wp:term":[{"taxonomy":"product_brand","embeddable":true,"href":"https:\/\/baldumarket.lt\/lt\/wp-json\/wp\/v2\/product_brand?post=236276"},{"taxonomy":"product_cat","embeddable":true,"href":"https:\/\/baldumarket.lt\/lt\/wp-json\/wp\/v2\/product_cat?post=236276"},{"taxonomy":"product_tag","embeddable":true,"href":"https:\/\/baldumarket.lt\/lt\/wp-json\/wp\/v2\/product_tag?post=236276"}],"curies":[{"name":"wp","href":"https:\/\/api.w.org\/{rel}","templated":true}]}}