{"id":236272,"date":"2025-12-29T22:56:09","date_gmt":"2025-12-29T19:56:09","guid":{"rendered":"https:\/\/baldumarket.lt\/product\/amino-regal-2d-dab-wotan-czarny\/"},"modified":"2026-02-11T18:34:41","modified_gmt":"2026-02-11T15:34:41","slug":"amino-regal-2d-dab-wotan-czarny","status":"publish","type":"product","link":"https:\/\/baldumarket.lt\/lt\/product\/amino-regal-2d-dab-wotan-czarny\/","title":{"rendered":"AMINO 2d lentyna wotan \u0105\u017euolas \/ juoda"},"content":{"rendered":"<p>Kolekcija: AMINO Surinkti baldai: Ne Plotis: 70 Auk\u0161tis: 180 Gylis: 45 Dur\u0173 skai\u010dius: 2 AMINO 2D knyg\u0173 lentyna, Wotan \u0105\u017euolas\/juoda<br \/>\nStilinga, funkcionali ir tvirta \u2013 tokia yra AMINO 2D knyg\u0173 lentyna. \u0160is baldas puikiai derina modern\u0173 dizain\u0105 ir prakti\u0161kum\u0105. Jis puikiai tiks svetain\u0117se, biuruose ir paaugli\u0173 kambariuose.<br \/>\nProdukto savyb\u0117s:<br \/>\nModernus dizainas: \u0161ilto Wotano \u0105\u017euolo atspalvio ir kontrastingos juodos spalvos derinys suteikia \u0161iam baldui unikal\u0173 charakter\u012f.<br \/>\nTvirta konstrukcija: korpusas ir priekin\u0117s dalys pagamintos i\u0161 auk\u0161tos kokyb\u0117s laminuotos bald\u0173 plok\u0161t\u0117s su PVC apvadais, kurie padidina atsparum\u0105 mechaniniams pa\u017eeidimams.<br \/>\nPatvari konstrukcija: dvigubai laminuotas kartono korpusas yra AMINO kolekcijos po\u017eymis, u\u017etikrinantis ilgaam\u017ei\u0161kum\u0105 ir stabilum\u0105.<br \/>\nPrakti\u0161kas interjeras: pilnos lentynos leid\u017eia patogiai laikyti knygas, dokumentus ar dekoracijas.<br \/>\nDetal\u0117s, kurios i\u0161skiria bald\u0105: metalin\u0117s rankenos suteikia elegancijos, o d\u0117l tikslios apdailos jis puikiai dera bet kokiame interjere.<br \/>\nSpecifikacijos:<br \/>\nPriekin\u0117 med\u017eiaga: laminuota bald\u0173 plok\u0161t\u0117, PVC kra\u0161tas<br \/>\nPriekin\u0117s dalies spalva: Wotano \u0105\u017euolas<br \/>\nKorpuso med\u017eiaga: laminuota bald\u0173 plok\u0161t\u0117, PVC kra\u0161tai<br \/>\nKorpuso spalva: Wotano \u0105\u017euolas \/ juoda<br \/>\nVir\u0161utin\u0117 med\u017eiaga: laminuota bald\u0173 plok\u0161t\u0117<br \/>\nVir\u0161utin\u0117 spalva: Wotano \u0105\u017euolas<br \/>\nRankenos: metalin\u0117s<br \/>\nKojel\u0117s: bald\u0173 lenta<br \/>\nLentynos: tvirtos, pagamintos i\u0161 laminuotos plok\u0161t\u0117s<br \/>\nPapildomos savyb\u0117s: dvigubai laminuotas korpusas<br \/>\n(pridedamos ai\u0161kios instrukcijos)<br \/>\nAMINO kolekcija derina tvirt\u0105 meistri\u0161kum\u0105 su eleganti\u0161ku, minimalistiniu dizainu. I\u0161skirtin\u0117s dvigubos korpuso pus\u0117s ir kontrastingos spalvos daro \u0161ios serijos baldus idealiai tinkan\u010dius moderniam interjerui, suteikiant jiems klas\u0117s ir stiliaus.<\/p>","protected":false},"excerpt":{"rendered":"<p>Kolekcija: AMINO<br \/>\nPlotis cm: 70<br \/>\nAuk\u0161tis cm: 180<br \/>\nGylis cm: 45<br \/>\nDur\u0173 skai\u010dius: 2<\/p>","protected":false},"featured_media":236273,"comment_status":"open","ping_status":"open","template":"","meta":[],"product_brand":[],"product_cat":[9321,2970,1987],"product_tag":[],"class_list":{"0":"post-236272","1":"product","2":"type-product","3":"status-publish","4":"has-post-thumbnail","6":"product_cat-amino-furniture-collection","7":"product_cat-mebelbos","8":"product_cat-shelving-units","10":"first","11":"instock","12":"purchasable","13":"product-type-simple"},"_links":{"self":[{"href":"https:\/\/baldumarket.lt\/lt\/wp-json\/wp\/v2\/product\/236272","targetHints":{"allow":["GET"]}}],"collection":[{"href":"https:\/\/baldumarket.lt\/lt\/wp-json\/wp\/v2\/product"}],"about":[{"href":"https:\/\/baldumarket.lt\/lt\/wp-json\/wp\/v2\/types\/product"}],"replies":[{"embeddable":true,"href":"https:\/\/baldumarket.lt\/lt\/wp-json\/wp\/v2\/comments?post=236272"}],"wp:featuredmedia":[{"embeddable":true,"href":"https:\/\/baldumarket.lt\/lt\/wp-json\/wp\/v2\/media\/236273"}],"wp:attachment":[{"href":"https:\/\/baldumarket.lt\/lt\/wp-json\/wp\/v2\/media?parent=236272"}],"wp:term":[{"taxonomy":"product_brand","embeddable":true,"href":"https:\/\/baldumarket.lt\/lt\/wp-json\/wp\/v2\/product_brand?post=236272"},{"taxonomy":"product_cat","embeddable":true,"href":"https:\/\/baldumarket.lt\/lt\/wp-json\/wp\/v2\/product_cat?post=236272"},{"taxonomy":"product_tag","embeddable":true,"href":"https:\/\/baldumarket.lt\/lt\/wp-json\/wp\/v2\/product_tag?post=236272"}],"curies":[{"name":"wp","href":"https:\/\/api.w.org\/{rel}","templated":true}]}}