{"id":236257,"date":"2025-12-29T22:55:48","date_gmt":"2025-12-29T19:55:48","guid":{"rendered":"https:\/\/baldumarket.lt\/product\/amino-szafa-3d-dab-wotan-czarny\/"},"modified":"2026-02-11T18:34:41","modified_gmt":"2026-02-11T15:34:41","slug":"amino-szafa-3d-dab-wotan-czarny","status":"publish","type":"product","link":"https:\/\/baldumarket.lt\/lt\/product\/amino-szafa-3d-dab-wotan-czarny\/","title":{"rendered":"AMINO 3D spinta wotan \u0105\u017euolas \/ juoda"},"content":{"rendered":"<p>Kolekcija: AMINO Surinkti baldai: Ne Plotis: 180 Auk\u0161tis: 192,5 Gylis: 52 AMINO 3D spinta \u2013 Wotan \u0105\u017euolas \/ juoda<br \/>\nStilinga, erdvi ir i\u0161skirtinai tvirta \u2013 AMINO 3D spinta yra puikus sprendimas tiems, kurie vertina modern\u0173 dizain\u0105 kartu su funkcionalumu. Eleganti\u0161ka \u201eWotan Oak\u201c \/ juodos spalvos i\u0161vaizda suteiks charakterio bet kokiam interjerui ir sukurs jauki\u0105, ta\u010diau i\u0161rai\u0161king\u0105 atmosfer\u0105.<br \/>\nPagrindin\u0117s savyb\u0117s:<br \/>\nEleganti\u0161kas dizainas \u2013 nat\u016bralaus Wotano \u0105\u017euolo dekoras kartu su juodais elementais sukuria moderni\u0105, ta\u010diau \u0161ilt\u0105 kompozicij\u0105.<br \/>\nLabai funkcionalus \u2013 trij\u0173 dur\u0173 dizainas suteikia daug vietos pakabinamiems ir sulankstytiems drabu\u017eiams susid\u0117ti, o daugyb\u0117 lentyn\u0173 padeda palaikyti tvark\u0105.<br \/>\nTvirta konstrukcija \u2013 dvigubai laminuotas kartono korpusas garantuoja ilgaam\u017ei\u0161kum\u0105 ir konstrukcijos stabilum\u0105 \u2013 tai visos AMINO kolekcijos skiriamasis bruo\u017eas.<br \/>\nKasdieniam naudojimui atsparios med\u017eiagos \u2013 laminuota bald\u0173 plok\u0161t\u0117 ir PVC kra\u0161tai apsaugo nuo \u012fbr\u0117\u017eim\u0173 ir dr\u0117gm\u0117s.<br \/>\nModernios detal\u0117s \u2013 metalin\u0117s rankenos pabr\u0117\u017eia bald\u0173 elegancij\u0105 ir suteikia industrinio charakterio.<br \/>\nLengvas surinkimas \u2013 spinta pristatoma pakuot\u0117se su visais priedais ir ai\u0161kiomis instrukcijomis, tod\u0117l surinkimas savaranki\u0161kam naudojimui yra greitas ir paprastas.<br \/>\nTechnin\u0117s specifikacijos:<br \/>\nPriekin\u0117 med\u017eiaga: laminuotas MDF, PVC kra\u0161tas<br \/>\nPriekin\u0117 spalva: Wotano \u0105\u017euolas<br \/>\nKorpuso med\u017eiaga: laminuotas MDF, PVC kra\u0161tai<br \/>\nKorpuso spalva: Wotano \u0105\u017euolas \/ juoda<br \/>\nVir\u0161utin\u0117 med\u017eiaga: laminuota MDF plok\u0161t\u0117<br \/>\nVir\u0161utin\u0117 spalva: Wotan \u0105\u017euolas<br \/>\nRankenos: metalin\u0117s<br \/>\nKojel\u0117s: MDF<br \/>\nLentynos: laminuota MDF plok\u0161t\u0117<br \/>\nPapildomos savyb\u0117s: Dvisluoksn\u0117 laminuota MDF plok\u0161t\u0117<br \/>\nAMINO 3D spinta \u2013 puikus pasirinkimas miegamajam, persirengimo kambariui ar prie\u0161kambariui. Erdvus interjeras ir modernus dizainas paver\u010dia j\u0105 ne tik prakti\u0161ku baldu, bet ir stilingu j\u016bs\u0173 interjero papildymu.<\/p>","protected":false},"excerpt":{"rendered":"<p>Kolekcija: AMINO<br \/>\nPlotis cm: 180<br \/>\n\u016agis cm: 192,5<br \/>\nGylis cm: 52<\/p>","protected":false},"featured_media":236258,"comment_status":"open","ping_status":"open","template":"","meta":[],"product_brand":[],"product_cat":[9321,2970,1177],"product_tag":[],"class_list":{"0":"post-236257","1":"product","2":"type-product","3":"status-publish","4":"has-post-thumbnail","6":"product_cat-amino-furniture-collection","7":"product_cat-mebelbos","8":"product_cat-wardrobes","10":"first","11":"instock","12":"purchasable","13":"product-type-simple"},"_links":{"self":[{"href":"https:\/\/baldumarket.lt\/lt\/wp-json\/wp\/v2\/product\/236257","targetHints":{"allow":["GET"]}}],"collection":[{"href":"https:\/\/baldumarket.lt\/lt\/wp-json\/wp\/v2\/product"}],"about":[{"href":"https:\/\/baldumarket.lt\/lt\/wp-json\/wp\/v2\/types\/product"}],"replies":[{"embeddable":true,"href":"https:\/\/baldumarket.lt\/lt\/wp-json\/wp\/v2\/comments?post=236257"}],"wp:featuredmedia":[{"embeddable":true,"href":"https:\/\/baldumarket.lt\/lt\/wp-json\/wp\/v2\/media\/236258"}],"wp:attachment":[{"href":"https:\/\/baldumarket.lt\/lt\/wp-json\/wp\/v2\/media?parent=236257"}],"wp:term":[{"taxonomy":"product_brand","embeddable":true,"href":"https:\/\/baldumarket.lt\/lt\/wp-json\/wp\/v2\/product_brand?post=236257"},{"taxonomy":"product_cat","embeddable":true,"href":"https:\/\/baldumarket.lt\/lt\/wp-json\/wp\/v2\/product_cat?post=236257"},{"taxonomy":"product_tag","embeddable":true,"href":"https:\/\/baldumarket.lt\/lt\/wp-json\/wp\/v2\/product_tag?post=236257"}],"curies":[{"name":"wp","href":"https:\/\/api.w.org\/{rel}","templated":true}]}}