{"id":236251,"date":"2025-12-29T22:55:40","date_gmt":"2025-12-29T19:55:40","guid":{"rendered":"https:\/\/baldumarket.lt\/product\/amino-szafka-na-buty-2d-z-siedziskiem-dab-wotan-czarny\/"},"modified":"2026-02-11T18:34:42","modified_gmt":"2026-02-11T15:34:42","slug":"amino-szafka-na-buty-2d-z-siedziskiem-dab-wotan-czarny","status":"publish","type":"product","link":"https:\/\/baldumarket.lt\/lt\/product\/amino-szafka-na-buty-2d-z-siedziskiem-dab-wotan-czarny\/","title":{"rendered":"AMINO 2 dur\u0173 bat\u0173 spintel\u0117 su s\u0117dyne, Wotan \u0105\u017euolas\/juoda"},"content":{"rendered":"<p>Kolekcija: AMINO Surinkti baldai: Ne Plotis: 96 Auk\u0161tis: 45 Gylis: 45<br \/>\nAMINO 2 dur\u0173 bat\u0173 spintel\u0117 su s\u0117dyne \u2013 Wotan \u0105\u017euolas \/ juoda<br \/>\nStilinga ir funkcionali AMINO 2 dur\u0173 bat\u0173 spintel\u0117 su s\u0117dyne \u2013 puikus pasirinkimas moderniam prie\u0161kambariui. Nat\u016bralaus Wotano \u0105\u017euolo ir eleganti\u0161kos juodos spalvos derinys sukuria unikal\u0173 duet\u0105, suteikiant\u012f jaukumo ir charakterio bet kokiam interjerui. \u0160is baldas ne tik pad\u0117s tvarkingai susitvarkyti daiktus, bet ir suteiks patogi\u0105 viet\u0105 atsis\u0117sti apsiaunant batus.<br \/>\nPagrindin\u0117s savyb\u0117s:<br \/>\nFunkcionalumas ir patogumas \u2013 dviej\u0173 dureli\u0173 konstrukcija talpina kelias poras bat\u0173, o mink\u0161ta vir\u0161utin\u0117 s\u0117dyn\u0117 u\u017etikrina kasdien\u012f komfort\u0105.<br \/>\nModernus dizainas \u2013 madinga \u201eWotan Oak\u201c \/ juodos spalvos schema puikiai dera su dabartin\u0117mis interjero dizaino tendencijomis, papildydama tiek lofto, tiek klasikin\u012f stili\u0173.<br \/>\nPatvari konstrukcija \u2013 korpusas pagamintas i\u0161 dvigubai laminuotos plok\u0161t\u0117s, pasi\u017eymin\u010dios tvirtumu ir stabilumu, kurie yra AMINO kolekcijos skiriamasis bruo\u017eas.<br \/>\n\u00a0 Atsparumas kasdieniam naudojimui \u2013 kra\u0161tai, padengti patvariu PVC, efektyviai apsaugo baldus nuo pa\u017eeidim\u0173.<br \/>\n\u00a0 D\u0117mesys detal\u0117ms \u2013 metalin\u0117s rankenos suteikia elegancijos ir u\u017etikrina patog\u0173 dur\u0173 atidarym\u0105.<br \/>\n\u00a0 Lengvas surinkimas \u2013 baldai pristatomi plok\u0161\u010diose pakuot\u0117se su visu furnit\u016bros komplektu ir surinkimo instrukcijomis \u2013 lengva surinkti namuose.<br \/>\nTechnin\u0117s specifikacijos:<br \/>\nPriekin\u0117 med\u017eiaga: laminuotas MDF, PVC kra\u0161tas<br \/>\nPriekin\u0117 spalva: Wotano \u0105\u017euolas<br \/>\nKorpuso med\u017eiaga: laminuotas MDF, PVC kra\u0161tai<br \/>\nKorpuso spalva: Wotano \u0105\u017euolas \/ juoda<br \/>\nVir\u0161utin\u0117 med\u017eiaga: laminuota MDF plok\u0161t\u0117<br \/>\nVir\u0161utin\u0117 spalva: Wotan \u0105\u017euolas<br \/>\nRankenos: metalin\u0117s<br \/>\nKojel\u0117s: MDF<br \/>\nLentynos: laminuota MDF plok\u0161t\u0117<br \/>\nPapildomos savyb\u0117s: Dvigubo sluoksnio laminuotas MDF korpusas, mink\u0161ta s\u0117dyn\u0117<br \/>\nAMINO 2D bat\u0173 spintel\u0117 su s\u0117dyne derina estetik\u0105 ir funkcionalum\u0105. Ji puikiai tinka bet kokiam prie\u0161kambariui \u2013 nuo ma\u017eo iki erdvaus interjero. Ji padeda susitvarkyti batus ir yra patogi bei stilinga vieta atsis\u0117sti.<\/p>","protected":false},"excerpt":{"rendered":"<p>Kolekcija: AMINO<br \/>\nPlotis cm: 96<br \/>\nAuk\u0161tis cm: 45<br \/>\nGylis cm: 45<\/p>","protected":false},"featured_media":236252,"comment_status":"open","ping_status":"open","template":"","meta":[],"product_brand":[],"product_cat":[9321,2970,1997],"product_tag":[],"class_list":{"0":"post-236251","1":"product","2":"type-product","3":"status-publish","4":"has-post-thumbnail","6":"product_cat-amino-furniture-collection","7":"product_cat-mebelbos","8":"product_cat-shoe-cabinets","10":"first","11":"instock","12":"purchasable","13":"product-type-simple"},"_links":{"self":[{"href":"https:\/\/baldumarket.lt\/lt\/wp-json\/wp\/v2\/product\/236251","targetHints":{"allow":["GET"]}}],"collection":[{"href":"https:\/\/baldumarket.lt\/lt\/wp-json\/wp\/v2\/product"}],"about":[{"href":"https:\/\/baldumarket.lt\/lt\/wp-json\/wp\/v2\/types\/product"}],"replies":[{"embeddable":true,"href":"https:\/\/baldumarket.lt\/lt\/wp-json\/wp\/v2\/comments?post=236251"}],"wp:featuredmedia":[{"embeddable":true,"href":"https:\/\/baldumarket.lt\/lt\/wp-json\/wp\/v2\/media\/236252"}],"wp:attachment":[{"href":"https:\/\/baldumarket.lt\/lt\/wp-json\/wp\/v2\/media?parent=236251"}],"wp:term":[{"taxonomy":"product_brand","embeddable":true,"href":"https:\/\/baldumarket.lt\/lt\/wp-json\/wp\/v2\/product_brand?post=236251"},{"taxonomy":"product_cat","embeddable":true,"href":"https:\/\/baldumarket.lt\/lt\/wp-json\/wp\/v2\/product_cat?post=236251"},{"taxonomy":"product_tag","embeddable":true,"href":"https:\/\/baldumarket.lt\/lt\/wp-json\/wp\/v2\/product_tag?post=236251"}],"curies":[{"name":"wp","href":"https:\/\/api.w.org\/{rel}","templated":true}]}}