{"id":236246,"date":"2025-12-29T22:55:31","date_gmt":"2025-12-29T19:55:31","guid":{"rendered":"https:\/\/baldumarket.lt\/product\/amino-szafka-nocna-2s-2szt-dab-wotan-czarny-kpl\/"},"modified":"2026-02-11T18:34:42","modified_gmt":"2026-02-11T15:34:42","slug":"amino-szafka-nocna-2s-2szt-dab-wotan-czarny-kpl","status":"publish","type":"product","link":"https:\/\/baldumarket.lt\/lt\/product\/amino-szafka-nocna-2s-2szt-dab-wotan-czarny-kpl\/","title":{"rendered":"AMINO naktiniai staliukai (2 vnt.) \u2013 2 vnt. Wotan \u0105\u017euolo \/ juodo med\u017eio komplektas"},"content":{"rendered":"<p>Kolekcija: AMINO Surinkti baldai: Ne Plotis: 48 Auk\u0161tis: 45 Gylis: 36 Stal\u010di\u0173 skai\u010dius: 2 AMINO 2S naktinis staliukas \u2013 Wotan \u0105\u017euolas \/ juoda<br \/>\nModernus ir eleganti\u0161kas AMINO 2S naktinis staliukas \u2013 puikus pasirinkimas tiems, kurie vertina funkcionalum\u0105 ir stiling\u0105 dizain\u0105. Jame panaudotas madingas Wotano \u0105\u017euolo ir juodos spalv\u0173 derinys, suteikiantis bet kokiam interjerui unikalumo ir \u0161ilumos. Produkto savyb\u0117s:<br \/>\nSpalva: Wotano \u0105\u017euolas \/ juoda<br \/>\nPriekin\u0117s dalys: laminuota bald\u0173 plok\u0161t\u0117, apdailinta patvariu PVC kra\u0161tu, atspari pa\u017eeidimams ir dr\u0117gmei<br \/>\nKorpusas: laminuota bald\u0173 plok\u0161t\u0117, PVC kra\u0161tai<br \/>\nVir\u0161us: pagamintas i\u0161 laminuotos bald\u0173 plok\u0161t\u0117s, lengvai valomas<br \/>\nStal\u010diai: apr\u016bpinti pilno i\u0161traukimo rutuliniais guoliais, kad b\u016bt\u0173 patogu ir sklandu naudoti<br \/>\nKojel\u0117s: pagamintos i\u0161 baldin\u0117s plok\u0161t\u0117s, stabilios ir tvirtos<br \/>\nRankenos: metalin\u0117s, eleganti\u0161ko AMINO stiliaus (2 vnt.)<br \/>\nD\u0117l dviej\u0173 erdvi\u0173 stal\u010di\u0173 \u0161i spintel\u0117 padeda palaikyti tvark\u0105 miegamajame \u2013 puikiai tinka laikyti nieku\u010dius, knygas ar naktinio matymo reikmenis. Universalus dizainas puikiai dera tiek prie modernaus, tiek prie klasikinio interjero.<\/p>","protected":false},"excerpt":{"rendered":"<p>Kolekcija: AMINO<br \/>\nPlotis cm: 48<br \/>\nAuk\u0161tis cm: 45<br \/>\nGylis cm: 36<br \/>\nStal\u010di\u0173 skai\u010dius: 2<\/p>","protected":false},"featured_media":236247,"comment_status":"open","ping_status":"open","template":"","meta":[],"product_brand":[],"product_cat":[9321,1176,2970],"product_tag":[],"class_list":{"0":"post-236246","1":"product","2":"type-product","3":"status-publish","4":"has-post-thumbnail","6":"product_cat-amino-furniture-collection","7":"product_cat-bedside-tables","8":"product_cat-mebelbos","10":"first","11":"instock","12":"purchasable","13":"product-type-simple"},"_links":{"self":[{"href":"https:\/\/baldumarket.lt\/lt\/wp-json\/wp\/v2\/product\/236246","targetHints":{"allow":["GET"]}}],"collection":[{"href":"https:\/\/baldumarket.lt\/lt\/wp-json\/wp\/v2\/product"}],"about":[{"href":"https:\/\/baldumarket.lt\/lt\/wp-json\/wp\/v2\/types\/product"}],"replies":[{"embeddable":true,"href":"https:\/\/baldumarket.lt\/lt\/wp-json\/wp\/v2\/comments?post=236246"}],"wp:featuredmedia":[{"embeddable":true,"href":"https:\/\/baldumarket.lt\/lt\/wp-json\/wp\/v2\/media\/236247"}],"wp:attachment":[{"href":"https:\/\/baldumarket.lt\/lt\/wp-json\/wp\/v2\/media?parent=236246"}],"wp:term":[{"taxonomy":"product_brand","embeddable":true,"href":"https:\/\/baldumarket.lt\/lt\/wp-json\/wp\/v2\/product_brand?post=236246"},{"taxonomy":"product_cat","embeddable":true,"href":"https:\/\/baldumarket.lt\/lt\/wp-json\/wp\/v2\/product_cat?post=236246"},{"taxonomy":"product_tag","embeddable":true,"href":"https:\/\/baldumarket.lt\/lt\/wp-json\/wp\/v2\/product_tag?post=236246"}],"curies":[{"name":"wp","href":"https:\/\/api.w.org\/{rel}","templated":true}]}}