{"id":236242,"date":"2025-12-29T22:55:25","date_gmt":"2025-12-29T19:55:25","guid":{"rendered":"https:\/\/baldumarket.lt\/product\/amino-szafka-rtv-2d-dab-wotan-czarny\/"},"modified":"2026-02-11T18:34:42","modified_gmt":"2026-02-11T15:34:42","slug":"amino-szafka-rtv-2d-dab-wotan-czarny","status":"publish","type":"product","link":"https:\/\/baldumarket.lt\/lt\/product\/amino-szafka-rtv-2d-dab-wotan-czarny\/","title":{"rendered":"AMINO 2D TV spintel\u0117 Wotan \u0105\u017euolas\/juoda"},"content":{"rendered":"<p>Kolekcija: AMINO Surinkti baldai: Ne Plotis: 159 Auk\u0161tis: 50 Gylis: 45 Dur\u0173 skai\u010dius: 2<br \/>\nAMINO 2-D TV spintel\u0117 \u2013 Wotan \u0105\u017euolas \/ juoda<br \/>\nModernus ir eleganti\u0161kas AMINO 2-D televizoriaus staliukas \u2013 tai tobulas stiliaus, funkcionalumo ir tvirtos meistri\u0161kumo derinys. Jo dizainas sujungia \u0161ilt\u0105 Wotano \u0105\u017euolo atspalv\u012f su sodria juoda spalva, sukurdamas unikalaus charakterio bald\u0105, kuris puikiai dera prie modernaus, industrinio ir lofto stiliaus interjero.<br \/>\nSpintel\u0117 turi dvi erdvias spinteles su tvirtais fasadais, idealiai tinkan\u010dias televizijos \u012frangai, priedams ir dokumentams laikyti. Prakti\u0161kas stalvir\u0161is suteikia daug vietos televizoriui ir dekoracijoms. Produkto savyb\u0117s:<br \/>\nPriekin\u0117 med\u017eiaga: laminuotas MDF, PVC kra\u0161tas<br \/>\nPriekin\u0117 spalva: Wotano \u0105\u017euolas<br \/>\nKorpuso med\u017eiaga: laminuotas MDF, PVC kra\u0161tai<br \/>\nKorpuso spalva: Wotano \u0105\u017euolas \/ juoda<br \/>\nVir\u0161utin\u0117 med\u017eiaga: laminuota MDF plok\u0161t\u0117<br \/>\nVir\u0161utin\u0117 spalva: Wotan \u0105\u017euolas<br \/>\nRankenos: metalin\u0117s<br \/>\nKojel\u0117s: MDF<br \/>\nLentynos: laminuota MDF plok\u0161t\u0117<br \/>\nPapildomos savyb\u0117s: Korpusas pagamintas i\u0161 dvisluoksn\u0117s MDF plok\u0161t\u0117s, pabr\u0117\u017eian\u010dios AMINO kolekcijos patvarum\u0105 ir unikal\u0173 charakter\u012f.<br \/>\nD\u0117l auk\u0161tos kokyb\u0117s med\u017eiag\u0173 ir kruop\u0161taus apdailos AMINO televizoriaus staliukas garantuoja patvarum\u0105 ir komfort\u0105 ilgus metus. Tai puikus pasirinkimas tiems, kurie vertina modern\u0173 dizain\u0105, funkcionalum\u0105 ir nesenstan\u010di\u0105 elegancij\u0105.<\/p>","protected":false},"excerpt":{"rendered":"<p>Kolekcija: AMINO<br \/>\nPlotis cm: 159<br \/>\nAuk\u0161tis cm: 50<br \/>\nGylis cm: 45<br \/>\nDur\u0173 skai\u010dius: 2<\/p>","protected":false},"featured_media":236243,"comment_status":"open","ping_status":"open","template":"","meta":[],"product_brand":[],"product_cat":[9321,2970,1175],"product_tag":[],"class_list":{"0":"post-236242","1":"product","2":"type-product","3":"status-publish","4":"has-post-thumbnail","6":"product_cat-amino-furniture-collection","7":"product_cat-mebelbos","8":"product_cat-tv-stands","10":"first","11":"instock","12":"purchasable","13":"product-type-simple"},"_links":{"self":[{"href":"https:\/\/baldumarket.lt\/lt\/wp-json\/wp\/v2\/product\/236242","targetHints":{"allow":["GET"]}}],"collection":[{"href":"https:\/\/baldumarket.lt\/lt\/wp-json\/wp\/v2\/product"}],"about":[{"href":"https:\/\/baldumarket.lt\/lt\/wp-json\/wp\/v2\/types\/product"}],"replies":[{"embeddable":true,"href":"https:\/\/baldumarket.lt\/lt\/wp-json\/wp\/v2\/comments?post=236242"}],"wp:featuredmedia":[{"embeddable":true,"href":"https:\/\/baldumarket.lt\/lt\/wp-json\/wp\/v2\/media\/236243"}],"wp:attachment":[{"href":"https:\/\/baldumarket.lt\/lt\/wp-json\/wp\/v2\/media?parent=236242"}],"wp:term":[{"taxonomy":"product_brand","embeddable":true,"href":"https:\/\/baldumarket.lt\/lt\/wp-json\/wp\/v2\/product_brand?post=236242"},{"taxonomy":"product_cat","embeddable":true,"href":"https:\/\/baldumarket.lt\/lt\/wp-json\/wp\/v2\/product_cat?post=236242"},{"taxonomy":"product_tag","embeddable":true,"href":"https:\/\/baldumarket.lt\/lt\/wp-json\/wp\/v2\/product_tag?post=236242"}],"curies":[{"name":"wp","href":"https:\/\/api.w.org\/{rel}","templated":true}]}}