{"id":236232,"date":"2025-12-29T22:55:11","date_gmt":"2025-12-29T19:55:11","guid":{"rendered":"https:\/\/baldumarket.lt\/product\/amino-witryna-niska-1d1w1s-dab-wotan-czarny\/"},"modified":"2026-02-11T18:34:42","modified_gmt":"2026-02-11T15:34:42","slug":"amino-witryna-niska-1d1w1s-dab-wotan-czarny","status":"publish","type":"product","link":"https:\/\/baldumarket.lt\/lt\/product\/amino-witryna-niska-1d1w1s-dab-wotan-czarny\/","title":{"rendered":"AMINO \u017eema vitrina, 1 vnt., 1 vnt., 1 vnt., wotan \u0105\u017euolas \/ juoda"},"content":{"rendered":"<p>Kolekcija: AMINO Surinkti baldai: Ne Plotis: 70 Auk\u0161tis: 180 Gylis: 45<br \/>\nAMINO 1D1W vitrina \u2013 Wotan \u0105\u017euolas \/ juoda<br \/>\nModerni ir eleganti\u0161ka AMINO 1D1W vitrina \u2013 tai tobulas stiliaus, funkcionalumo ir tvirtos gamybos derinys. Ji puikiai tinka j\u016bs\u0173 svetainei, valgomajam ar biurui \u2013 bet kur, kur norite eksponuoti m\u0117gstamas dekoracijas, stiklinius indus ar knygas. Madinga \u201eWotan Oak\u201c \/ juodos spalvos schema suteiks j\u016bs\u0173 interjerui jaukumo ir i\u0161rai\u0161kingumo.<br \/>\nPagrindin\u0117s savyb\u0117s:<br \/>\nStilingas dizainas \u2013 nat\u016bralaus Wotano \u0105\u017euolo ir juod\u0173 akcent\u0173 derinys puikiai dera prie modernaus ir lofto stiliaus interjero.<br \/>\n\u012estiklinta ekspozicijos zona \u2013 leid\u017eia efektyviai eksponuoti m\u0117gstamus aksesuarus, porcelian\u0105 ar stiklinius indus.<br \/>\nPapildomas LED ap\u0161vietimas \u2013 galimyb\u0117 \u012fmontuoti 3x \u201eStik 50F\/T 1,5 W\u201c LED \u0161viestuvus (\u0161iltai balta spalva) pagerins bald\u0173 estetin\u012f patrauklum\u0105 ir sukurs maloni\u0105 atmosfer\u0105 interjere.<br \/>\n\u00a0 Tvirta konstrukcija \u2013 dvigubai laminuota lenta u\u017etikrina ilgaam\u017ei\u0161kum\u0105 ir stabilum\u0105 \u2013 tai AMINO kolekcijos skiriamasis bruo\u017eas.<br \/>\n\u00a0 D\u0117mesys detal\u0117ms \u2013 metalin\u0117s rankenos ir PVC apdailos kra\u0161tai garantuoja estetik\u0105 ir atsparum\u0105 kasdieniam naudojimui.<br \/>\nLengvas surinkimas \u2013 baldai pristatomi pakuot\u0117se su i\u0161samiomis instrukcijomis ir furnit\u016bros rinkiniu, tod\u0117l juos greitai ir lengvai surinkti.<br \/>\nTechnin\u0117s specifikacijos:<br \/>\nPriekin\u0117 med\u017eiaga: laminuota bald\u0173 plok\u0161t\u0117, PVC kra\u0161tas<br \/>\nPriekin\u0117s dalies spalva: Wotano \u0105\u017euolas<br \/>\nKorpuso med\u017eiaga: laminuota bald\u0173 plok\u0161t\u0117, PVC kra\u0161tai<br \/>\nKorpuso spalva: Wotano \u0105\u017euolas \/ juoda<br \/>\nVir\u0161utin\u0117 med\u017eiaga: laminuota bald\u0173 plok\u0161t\u0117<br \/>\nVir\u0161utin\u0117 spalva: Wotano \u0105\u017euolas<br \/>\nRankenos: metalin\u0117s<br \/>\nKojel\u0117s: bald\u0173 lenta<br \/>\nLentynos: laminuota bald\u0173 plok\u0161t\u0117<br \/>\nPapildomos savyb\u0117s: dvigubai laminuotas korpusas<br \/>\nPapildomi priedai: 3x Stik 50F\/T 1.5W LED lemput\u0117s, \u0161iltai balta [05115]<br \/>\nAMINO 1D1W vitrina yra ne tik prakti\u0161kas daikt\u0173 laikymo \u012frenginys, bet ir eleganti\u0161ka interjero puo\u0161mena. Su papildomu LED ap\u0161vietimu ji sukurs unikali\u0105 atmosfer\u0105 kambaryje, pabr\u0117\u017edama modern\u0173 i\u0161d\u0117stymo charakter\u012f.<\/p>","protected":false},"excerpt":{"rendered":"<p>Kolekcija: AMINO<br \/>\nPlotis cm: 70<br \/>\nAuk\u0161tis cm: 180<br \/>\nGylis cm: 45<\/p>","protected":false},"featured_media":236233,"comment_status":"open","ping_status":"open","template":"","meta":[],"product_brand":[],"product_cat":[9321,2970,2006],"product_tag":[],"class_list":{"0":"post-236232","1":"product","2":"type-product","3":"status-publish","4":"has-post-thumbnail","6":"product_cat-amino-furniture-collection","7":"product_cat-mebelbos","8":"product_cat-vitrines","10":"first","11":"instock","12":"purchasable","13":"product-type-simple"},"_links":{"self":[{"href":"https:\/\/baldumarket.lt\/lt\/wp-json\/wp\/v2\/product\/236232","targetHints":{"allow":["GET"]}}],"collection":[{"href":"https:\/\/baldumarket.lt\/lt\/wp-json\/wp\/v2\/product"}],"about":[{"href":"https:\/\/baldumarket.lt\/lt\/wp-json\/wp\/v2\/types\/product"}],"replies":[{"embeddable":true,"href":"https:\/\/baldumarket.lt\/lt\/wp-json\/wp\/v2\/comments?post=236232"}],"wp:featuredmedia":[{"embeddable":true,"href":"https:\/\/baldumarket.lt\/lt\/wp-json\/wp\/v2\/media\/236233"}],"wp:attachment":[{"href":"https:\/\/baldumarket.lt\/lt\/wp-json\/wp\/v2\/media?parent=236232"}],"wp:term":[{"taxonomy":"product_brand","embeddable":true,"href":"https:\/\/baldumarket.lt\/lt\/wp-json\/wp\/v2\/product_brand?post=236232"},{"taxonomy":"product_cat","embeddable":true,"href":"https:\/\/baldumarket.lt\/lt\/wp-json\/wp\/v2\/product_cat?post=236232"},{"taxonomy":"product_tag","embeddable":true,"href":"https:\/\/baldumarket.lt\/lt\/wp-json\/wp\/v2\/product_tag?post=236232"}],"curies":[{"name":"wp","href":"https:\/\/api.w.org\/{rel}","templated":true}]}}